{"id":13295,"date":"2024-01-06T16:29:49","date_gmt":"2024-01-06T16:29:49","guid":{"rendered":"https:\/\/laubeholistic.com\/?post_type=product&#038;p=13295"},"modified":"2026-04-09T20:35:20","modified_gmt":"2026-04-09T20:35:20","slug":"enema-bag-kit","status":"publish","type":"product","link":"https:\/\/laubeholistic.com\/de\/shop\/enema-bag-kit\/","title":{"rendered":"Klistierbeutel-Set"},"content":{"rendered":"<p><span style=\"color: #000000;\">Hauptmerkmale:<\/span><\/p>\n<ul>\n<li><span style=\"color: #000000;\"><strong>Optimales Einlaufset f\u00fcr zu Hause:<\/strong> Dieser wiederverwendbare Klistierbeutel ist aus hochwertigen medizinischen Materialien gefertigt und dient der Behandlung von Verstopfung und verschiedenen Rektalproblemen und tr\u00e4gt so zu einer verbesserten Gesundheit bei.<\/span><\/li>\n<li><span style=\"color: #000000;\"><strong>Klistier-Duschsets:<\/strong> Das Set enth\u00e4lt einen 2-Liter-Klistierbeutel, einen 1,4 Meter langen Schlauch mit einer einstellbaren Durchflusskontrollklemme und zwei D\u00fcsen. Die weite \u00d6ffnung erleichtert das Bef\u00fcllen und Reinigen und macht das Set perfekt f\u00fcr Klistierduschen, Wasserklistiere, Intimduschenbeutel und Kaffeeklistiere.<\/span><\/li>\n<li><span style=\"color: #000000;\"><strong>Ungiftige Darmreinigung:<\/strong> Dieser Klistierbeutel besteht aus medizinischem, wiederverwendbarem, geruchlosem Silikon und ist frei von BPA und Phthalaten. Dadurch ist ein angenehmes und sicheres Klistiererlebnis zu Hause gew\u00e4hrleistet.<\/span><\/li>\n<li><span style=\"color: #000000;\"><strong>Vorteile eines Einlaufs:<\/strong> Der Kaffeeeinlauf dient zur Reinigung der Gallenblase und der Leber. Dieses Einlaufset kann bei Verstopfung, R\u00fcckenschmerzen, Bl\u00e4hungen, Candida-Hefe-Infektionen, M\u00fcdigkeit, Bl\u00e4hungen, Verdauungsst\u00f6rungen, Kopfschmerzen, H\u00e4morrhoiden, Hauterkrankungen, Gewichtsproblemen und vielem mehr helfen.<\/span><\/li>\n<\/ul>\n<p>&nbsp;<\/p>\n<h2><span style=\"color: #000000;\">Spezifikation<\/span><\/h2>\n<p><span style=\"color: #000000;\">Material: Silikon<\/span><\/p>\n<p><span style=\"color: #000000;\">Gewicht: Ca. 143-157g<\/span><\/p>\n<p><span style=\"color: #000000;\">Optionale Kapazit\u00e4t: 1600 ml, 2000 ml<\/span><\/p>\n<p><span style=\"color: #000000;\">L\u00e4nge: Ca. 1,28 m<\/span><\/p>\n<p><span style=\"color: #000000;\">Funktion: Beseitigt Bakterien und verringert das Infektionsrisiko<\/span><\/p>\n<p><span style=\"color: #000000;\"><strong>Wie benutzt man<\/strong><\/span><\/p>\n<p><span style=\"color: #000000;\">Sp\u00fclen Sie die D\u00fcse vor\/nach dem Gebrauch mit kochendem Wasser aus.<\/span><\/p>\n<p><span style=\"color: #000000;\">\u2013 Schritt 1: Schlie\u00dfen Sie den Schlauch an den Wasserbeutel an;<\/span><\/p>\n<p><span style=\"color: #000000;\">\u2013 Schritt 2: Schlie\u00dfen Sie die D\u00fcse an den Schlauch an;<\/span><\/p>\n<p><span style=\"color: #000000;\">\u2013 Schritt 3: Wasser in den Wasserbeutel spritzen;<\/span><\/p>\n<p><span style=\"color: #000000;\">\u2013 Schritt 4: H\u00e4ngen Sie den Wasserbeutel in eine H\u00f6he;<\/span><\/p>\n<p><span style=\"color: #000000;\">\u2013 Schritt 5: F\u00fchren Sie einen Sp\u00fclvorgang durch.<\/span><\/p>\n<p><span style=\"color: #000000;\"><strong>Lieferinhalt<\/strong><\/span><\/p>\n<p><span style=\"color: #000000;\">1 \u00d7 Klistierbeutel mit offener Oberseite (2 L)<\/span><\/p>\n<p><span style=\"color: #000000;\">1 \u00d7 Klistierschlauch (L\u00e4nge: 56 Zoll \/ 1,4 Meter), mit Anschl\u00fcssen und Adaptern<\/span><\/p>\n<p><span style=\"color: #000000;\">1 x Darmsp\u00fcld\u00fcse (l\u00e4nger, f\u00fcr Tiefenreinigung)<\/span><\/p>\n<p><span style=\"color: #000000;\">1 x Einsatzd\u00fcse mit glatter Spitze (kurz)<\/span><\/p>","protected":false},"excerpt":{"rendered":"<p><span style=\"color: #000000;\"><strong>Wiederverwendbares und faltbares 2-Liter-Klistierbeutel-Set f\u00fcr die Vaginal- und Dickdarm-Sp\u00fclung, sorgt f\u00fcr hygienische Reinigung und lindert Verstopfung bei M\u00e4nnern und Frauen<\/strong><\/span><\/p>","protected":false},"featured_media":13297,"comment_status":"open","ping_status":"closed","template":"","meta":{"ngg_post_thumbnail":0},"product_brand":[],"product_cat":[330,332],"product_tag":[335,336],"class_list":{"0":"post-13295","1":"product","2":"type-product","3":"status-publish","4":"has-post-thumbnail","6":"product_cat-accessories","7":"product_cat-newcomers","8":"product_tag-enema","9":"product_tag-enemabag","11":"first","12":"instock","13":"taxable","14":"shipping-taxable","15":"purchasable","16":"product-type-simple"},"_links":{"self":[{"href":"https:\/\/laubeholistic.com\/de\/wp-json\/wp\/v2\/product\/13295","targetHints":{"allow":["GET"]}}],"collection":[{"href":"https:\/\/laubeholistic.com\/de\/wp-json\/wp\/v2\/product"}],"about":[{"href":"https:\/\/laubeholistic.com\/de\/wp-json\/wp\/v2\/types\/product"}],"replies":[{"embeddable":true,"href":"https:\/\/laubeholistic.com\/de\/wp-json\/wp\/v2\/comments?post=13295"}],"wp:featuredmedia":[{"embeddable":true,"href":"https:\/\/laubeholistic.com\/de\/wp-json\/wp\/v2\/media\/13297"}],"wp:attachment":[{"href":"https:\/\/laubeholistic.com\/de\/wp-json\/wp\/v2\/media?parent=13295"}],"wp:term":[{"taxonomy":"product_brand","embeddable":true,"href":"https:\/\/laubeholistic.com\/de\/wp-json\/wp\/v2\/product_brand?post=13295"},{"taxonomy":"product_cat","embeddable":true,"href":"https:\/\/laubeholistic.com\/de\/wp-json\/wp\/v2\/product_cat?post=13295"},{"taxonomy":"product_tag","embeddable":true,"href":"https:\/\/laubeholistic.com\/de\/wp-json\/wp\/v2\/product_tag?post=13295"}],"curies":[{"name":"wp","href":"https:\/\/api.w.org\/{rel}","templated":true}]}}