{"id":12562,"date":"2023-06-21T16:26:39","date_gmt":"2023-06-21T16:26:39","guid":{"rendered":"https:\/\/laubeholistic.com\/?post_type=product&#038;p=12562"},"modified":"2026-03-03T14:38:34","modified_gmt":"2026-03-03T14:38:34","slug":"nac-glynac","status":"publish","type":"product","link":"https:\/\/laubeholistic.com\/de\/shop\/nac-glynac\/","title":{"rendered":"NAC (GlyNac)"},"content":{"rendered":"<h1><span style=\"color: #000000;\">NAC (GlyNac)<\/span><\/h1>\n<div style=\"padding: 56.25% 0 0 0; position: relative;\"><iframe style=\"position: absolute; top: 0; left: 0; width: 100%; height: 100%;\" title=\"Glynac\" src=\"https:\/\/player.vimeo.com\/video\/1165670250?badge=0&amp;autopause=0&amp;player_id=0&amp;app_id=58479\" frameborder=\"0\"><\/iframe><\/div>\n<p><script src=\"https:\/\/player.vimeo.com\/api\/player.js\"><\/script><\/p>\n<p><span style=\"color: #000000;\">Dieses leistungsstarke Nahrungserg\u00e4nzungsmittel kombiniert die Vorteile von N-Acetyl-L-Cystein (NAC) und Glycin (Gly) f\u00fcr bessere Ergebnisse.<br \/>\n<\/span><\/p>\n<p><span style=\"color: #000000;\">Jede Kapsel enth\u00e4lt 300 mg N-Acetyl-L-Cystein sowie zus\u00e4tzlich 300 mg Glycin.<\/span><\/p>\n<p><span style=\"color: #000000;\">Die \u00fcberragende Qualit\u00e4t dieses Produkts gew\u00e4hrleistet eine hohe Bioverf\u00fcgbarkeit, sodass Ihr K\u00f6rper das Beste aus dieser wirksamen Kombination herausholen kann.<\/span><\/p>\n<p><span style=\"color: #000000;\">Die Zusammensetzung wird sorgf\u00e4ltig ausgearbeitet, ist frei von jeglichen Zusatz- oder F\u00fcllstoffen und liefert reine und wirksame Ergebnisse.<\/span><\/p>\n<p><span style=\"color: #000000;\">Durch die Einbeziehung von NAC und Glycin unterst\u00fctzt dieses Erg\u00e4nzungsmittel eine breite Palette physiologischer und pathologischer Prozesse in Ihrem K\u00f6rper.<\/span><\/p>\n<p><span style=\"color: #000000;\">Von lebenswichtigen metabolischen und biochemischen Reaktionen wie DNA-Synthese und -Reparatur, Proteinsynthese, Aminos\u00e4uretransport bis hin zur Enzymaktivierung hilft diese leistungsstarke Mischung bei der Optimierung dieser wesentlichen Funktionen.<\/span><\/p>\n<p><span style=\"color: #000000;\">Zus\u00e4tzlich zu seinen leberentgiftenden Eigenschaften bietet die Kombination von NAC und Glycin (GlyNac) weitere Vorteile. Es wirkt als nat\u00fcrliches Entstauungsmittel, Antimukolytikum, st\u00e4rkt das Immunsystem und f\u00f6rdert die Glutathionsynthese \u2013 ein starkes endogenes Antioxidans.<\/span><\/p>\n<p><span style=\"color: #000000;\">Erleben Sie die synergistischen Effekte von N-Acetyl-L-Cystein und Glycin und sch\u00f6pfen Sie das volle Potenzial dieses bemerkenswerten Nahrungserg\u00e4nzungsmittels aus.<\/span><\/p>\n<h3><span style=\"color: #000000;\">M\u00f6gliche Vorteile bei verschiedenen Gesundheitszust\u00e4nden<\/span><\/h3>\n<ol>\n<li><span style=\"color: #000000;\">Lebergesundheit: NAC und Glycin sind f\u00fcr ihre lebersch\u00fctzenden Eigenschaften bekannt. Sie unterst\u00fctzen Entgiftungsprozesse, f\u00f6rdern die Regeneration von Leberzellen und helfen, oxidativen Stress zu bek\u00e4mpfen, wodurch sie sich positiv auf die Lebergesundheit auswirken.<\/span><\/li>\n<li><span style=\"color: #000000;\">Gesundheit der Atemwege: NAC wurde umfassend auf seine F\u00e4higkeit untersucht, Schleim zu verd\u00fcnnen und zu l\u00f6sen, was es bei Erkrankungen wie chronischer Bronchitis, chronisch obstruktiver Lungenerkrankung (COPD) und Asthma hilfreich macht. Die Zugabe von Glycin unterst\u00fctzt die Gesundheit der Atemwege zus\u00e4tzlich, indem es als nat\u00fcrliches Abschwellmittel wirkt.<\/span><\/li>\n<li><span style=\"color: #000000;\">Immunfunktion: Sowohl NAC als auch Glycin spielen eine Rolle bei der St\u00e4rkung des Immunsystems. NAC unterst\u00fctzt die Produktion von Glutathion, einem starken Antioxidans, das vor oxidativen Sch\u00e4den sch\u00fctzt und die Immunfunktion unterst\u00fctzt. Glycin tr\u00e4gt auch zur Immunmodulation bei und kann die Immunantwort verbessern.<\/span><\/li>\n<li><span style=\"color: #000000;\">Neurologische Gesundheit: NAC hat sich als vielversprechend bei der Unterst\u00fctzung der neurologischen Gesundheit erwiesen, da es die antioxidative Aktivit\u00e4t f\u00f6rdert, Entz\u00fcndungen reduziert und das Gleichgewicht der Neurotransmitter unterst\u00fctzt. Die Kombination mit Glycin kann diese neuroprotektiven Effekte noch weiter verst\u00e4rken.<\/span><\/li>\n<li><span style=\"color: #000000;\">Stimmung und psychische Gesundheit: NAC wurde auf seine potenziellen Vorteile bei Stimmungsst\u00f6rungen wie Depressionen und Angstzust\u00e4nden untersucht. Es kann helfen, den Glutamatspiegel zu regulieren, oxidativen Stress zu reduzieren und die Neurotransmitterfunktion zu unterst\u00fctzen. Glycin hingegen wirkt als hemmender Neurotransmitter und kann eine beruhigende Wirkung auf das Gehirn haben, was m\u00f6glicherweise zur Stressreduzierung und zur Verbesserung der Schlafqualit\u00e4t beitr\u00e4gt.<\/span><\/li>\n<li><span style=\"color: #000000;\">Antioxidative Unterst\u00fctzung: Sowohl NAC als auch Glycin besitzen antioxidative Eigenschaften und helfen, freie Radikale zu neutralisieren und oxidativen Stress im gesamten K\u00f6rper zu reduzieren. Diese antioxidative Unterst\u00fctzung kann sich positiv auf die allgemeine Gesundheit auswirken und kann bei der Vorbeugung chronischer Krankheiten eine Rolle spielen.<\/span><\/li>\n<\/ol>\n<p><span style=\"color: #000000;\">Es ist wichtig zu beachten, dass die Kombination von NAC und Glycin in diesen Bereichen zwar vielversprechend ist, die individuellen Ergebnisse jedoch unterschiedlich ausfallen k\u00f6nnen. Es ist immer ratsam, vor Beginn einer neuen Nahrungserg\u00e4nzungskur einen Arzt zu konsultieren, insbesondere wenn Sie unter bestimmten gesundheitlichen Problemen leiden oder Medikamente einnehmen.<\/span><\/p>","protected":false},"excerpt":{"rendered":"<p>Anti-Aging-Effekt<\/p>\n<p>Repariert DNA und f\u00f6rdert die Synthese<\/p>\n<p>Unterst\u00fctzt die Entgiftung der Leber.<\/p>\n<p>St\u00e4rkt das Immunsystem.<\/p>\n<p>F\u00f6rdert die Synthese von Glutathion<\/p>\n<p>&nbsp;<\/p>","protected":false},"featured_media":12604,"comment_status":"open","ping_status":"closed","template":"","meta":{"ngg_post_thumbnail":0},"product_brand":[],"product_cat":[332,329],"product_tag":[352,350,351,349],"class_list":{"0":"post-12562","1":"product","2":"type-product","3":"status-publish","4":"has-post-thumbnail","6":"product_cat-newcomers","7":"product_cat-remedy-supplements","8":"product_tag-glycine","9":"product_tag-glynac","10":"product_tag-n-acetyl-l-cysteine","11":"product_tag-nac","13":"first","14":"instock","15":"taxable","16":"shipping-taxable","17":"purchasable","18":"product-type-variable"},"_links":{"self":[{"href":"https:\/\/laubeholistic.com\/de\/wp-json\/wp\/v2\/product\/12562","targetHints":{"allow":["GET"]}}],"collection":[{"href":"https:\/\/laubeholistic.com\/de\/wp-json\/wp\/v2\/product"}],"about":[{"href":"https:\/\/laubeholistic.com\/de\/wp-json\/wp\/v2\/types\/product"}],"replies":[{"embeddable":true,"href":"https:\/\/laubeholistic.com\/de\/wp-json\/wp\/v2\/comments?post=12562"}],"wp:featuredmedia":[{"embeddable":true,"href":"https:\/\/laubeholistic.com\/de\/wp-json\/wp\/v2\/media\/12604"}],"wp:attachment":[{"href":"https:\/\/laubeholistic.com\/de\/wp-json\/wp\/v2\/media?parent=12562"}],"wp:term":[{"taxonomy":"product_brand","embeddable":true,"href":"https:\/\/laubeholistic.com\/de\/wp-json\/wp\/v2\/product_brand?post=12562"},{"taxonomy":"product_cat","embeddable":true,"href":"https:\/\/laubeholistic.com\/de\/wp-json\/wp\/v2\/product_cat?post=12562"},{"taxonomy":"product_tag","embeddable":true,"href":"https:\/\/laubeholistic.com\/de\/wp-json\/wp\/v2\/product_tag?post=12562"}],"curies":[{"name":"wp","href":"https:\/\/api.w.org\/{rel}","templated":true}]}}