{"id":12178,"date":"2023-03-07T12:00:10","date_gmt":"2023-03-07T12:00:10","guid":{"rendered":"https:\/\/laubeholistic.com\/?post_type=product&#038;p=12178"},"modified":"2026-03-03T14:39:58","modified_gmt":"2026-03-03T14:39:58","slug":"fenbendazole","status":"publish","type":"product","link":"https:\/\/laubeholistic.com\/de\/shop\/fenbendazole\/","title":{"rendered":"FENBENDAZOL"},"content":{"rendered":"<h1><span style=\"color: #000000;\">FENBENDAZOL<\/span><\/h1>\n<p><span style=\"color: #000000;\">Fenbendazol ist ein Breitband-Entwurmungsmittel, das in der Veterin\u00e4rmedizin h\u00e4ufig zur Behandlung verschiedener parasit\u00e4rer Infektionen bei Tieren, darunter Hunden, Katzen, Pferden und Nutztieren, eingesetzt wird. Obwohl es nicht f\u00fcr den menschlichen Gebrauch zugelassen ist, wird es von vielen Menschen au\u00dferhalb der Zulassung als potenzielles Mittel gegen Krebs eingesetzt, da es in einigen pr\u00e4klinischen Studien das Wachstum von Krebszellen hemmen konnte. <strong>        <div class=\"rmwr-wrapper\" \n             data-id=\"rmwr-69ea3a947bd94\"\n             data-mode=\"normal\"\n             data-animation=\"fade\"\n             data-duration=\"300\"\n             data-smooth-scroll=\"true\"\n             data-scroll-offset=\"0\">\n            <button \n                type=\"button\"\n                class=\"read-link\" \n                id=\"readlinkrmwr-69ea3a947bd94\"\n                data-open-text=\"Read More\"\n                data-close-text=\"Read Less\"\n                aria-expanded=\"false\"\n                aria-controls=\"readrmwr-69ea3a947bd94\"\n                aria-label=\"Mehr lesen\"\n            >\n                <span class=\"rmwr-text\">Mehr lesen<\/span>\n            <\/button>\n            <div \n                class=\"read_div\" \n                id=\"readrmwr-69ea3a947bd94\"\n                aria-hidden=\"true\"\n                data-animation=\"fade\"\n                data-duration=\"300\"\n                style=\"display: none;\"\n            >\n                <\/strong><br \/>\n<\/span><\/p>\n<p><span style=\"color: #000000\">Bei Anwendung in geeigneten Dosen und unter Anleitung eines Arztes gilt Fenbendazol im Allgemeinen als sicher und gut vertr\u00e4glich. Wie jedes Medikament kann es jedoch Nebenwirkungen wie Erbrechen, Durchfall und Appetitlosigkeit verursachen. Es ist wichtig, die empfohlene Dosierung und die Verabreichungsanweisungen einzuhalten, um das Risiko von Nebenwirkungen zu minimieren.<\/span><\/p>\n<p><span style=\"color: #000000\">Zu den Vorteilen von Fenbendazol geh\u00f6ren seine Breitbandwirkung gegen eine Reihe von Parasiten, seine einfache Verabreichung und seine potenzielle krebshemmende Wirkung, obwohl weitere Forschung erforderlich ist, um seine Sicherheit und Wirksamkeit f\u00fcr diesen Einsatz zu best\u00e4tigen. Insgesamt kann Fenbendazol ein wertvolles Mittel zur Behandlung von parasit\u00e4ren Infektionen bei Tieren sein, aber seine Anwendung beim Menschen sollte immer sorgf\u00e4ltig abgewogen und von einem Arzt \u00fcberwacht werden.<\/span><\/p>\n<h2><span style=\"color: #000000\"><strong>\u00dcber Parasiten<\/strong><\/span><\/h2>\n<p><span style=\"color: #000000\">Die Dauer der Behandlung mit Fenbendazol zur Parasitenbek\u00e4mpfung bei Tieren kann je nach Parasitenart und Schwere der Infektion variieren. Normalerweise dauern Behandlungszyklen mit Fenbendazol zwischen einem und f\u00fcnf Tagen, wobei das Medikament einmal t\u00e4glich oral verabreicht wird. In einigen F\u00e4llen k\u00f6nnen jedoch l\u00e4ngere Behandlungszyklen erforderlich sein.<\/span><\/p>\n<p><span style=\"color: #000000\">Es ist wichtig, die empfohlene Dosierung und den Behandlungsplan f\u00fcr Fenbendazol einzuhalten, da eine Unter- oder \u00dcberdosierung zu einem Behandlungsversagen oder Nebenwirkungen f\u00fchren kann. Es ist auch wichtig, eng mit einem Tierarzt zusammenzuarbeiten, um die Art des Parasiten genau zu diagnostizieren und den am besten geeigneten Behandlungsplan festzulegen.<\/span><\/p>\n<p><span style=\"color: #000000\">Nach Abschluss einer Fenbendazol-Behandlung wird empfohlen, das Tier auf Anzeichen einer erneuten Infektion zu \u00fcberwachen und regelm\u00e4\u00dfige Stuhluntersuchungen durchzuf\u00fchren, um sicherzustellen, dass der Parasit vollst\u00e4ndig beseitigt wurde.<\/span><\/p>\n<h2><span style=\"color: #000000\"><strong>Wie dosiert man es bei Tieren?<\/strong><\/span><\/h2>\n<p><span style=\"color: #000000\">Die Dosierung von Fenbendazol f\u00fcr Tiere kann je nach Art, Gewicht und Art der zu behandelnden Parasiteninfektion variieren. Im Allgemeinen wird Fenbendazol oral in Form von Tabletten oder Granulaten verabreicht, die mit dem Futter vermischt werden k\u00f6nnen. Es ist wichtig, die spezifischen Dosierungsanweisungen des Tierarztes oder die auf dem Produktetikett angegebenen Anweisungen zu befolgen.<\/span><\/p>\n<p><span style=\"color: #000000\">Bei Hunden betr\u00e4gt die typische Dosierung von Fenbendazol beispielsweise 50 mg\/kg, die einmal t\u00e4glich an drei aufeinanderfolgenden Tagen verabreicht wird, um Spulw\u00fcrmer, Hakenw\u00fcrmer und Peitschenw\u00fcrmer zu behandeln. Bei Giardia-Infektionen kann eine h\u00f6here Dosierung von 100 mg\/kg an f\u00fcnf aufeinanderfolgenden Tagen erforderlich sein.<\/span><\/p>\n<p><span style=\"color: #000000\">Bei Pferden wird Fenbendazol \u00fcblicherweise in einer Dosierung von 5 mg\/kg einmal t\u00e4glich an f\u00fcnf aufeinanderfolgenden Tagen verabreicht, um Strongyliden, Spulw\u00fcrmer und andere Parasiten zu behandeln.<\/span><\/p>\n<p><span style=\"color: #000000\">Es ist wichtig, das Tier vor der Verabreichung von Fenbendazol genau zu wiegen, um sicherzustellen, dass die richtige Dosierung verabreicht wird. Eine \u00dcber- oder Unterdosierung kann zu einem Behandlungsversagen oder Nebenwirkungen f\u00fchren.<\/span><\/p>\n<p><span style=\"color: #000000\">Es ist wichtig, eng mit einem Tierarzt zusammenzuarbeiten, um die geeignete Dosierung und Behandlungsdauer f\u00fcr Fenbendazol zu bestimmen und das Tier auf Nebenwirkungen oder Behandlungsversagen zu \u00fcberwachen.<\/span><\/p>\n<h2><span style=\"color: #282828\">Joe Tippens Protokoll<\/span>&nbsp;<\/h2>\n<p><span style=\"color: #282828\"><span style=\"color: #000000\">Fenbendazol, Tumacura und CBD-\u00d6l mit vollem Spektrum<\/span><br \/>\n<\/span><\/p>\n<p><span style=\"color: #282828\"><strong>Kleines Set enth\u00e4lt:<\/strong> <span style=\"color: #000000\">Fenbendazol<\/span> <span style=\"color: #000000\">50 Kapseln<\/span>, <a href=\"https:\/\/laubeholistic.com\/de\/shop\/tumacura\/\">Tumacura 100 Kapseln<\/a>; und <a href=\"https:\/\/laubeholistic.com\/de\/shop\/supreme-five-strain-cbd-oil\/\">CBD-\u00d6l Vollspektrum 10%<\/a> (<span style=\"color: #000000\">5,13 \u20ac\/Tageskosten)<\/span><\/span><\/p>\n<p><span style=\"color: #282828\"><strong>Gro\u00dfes Set enth\u00e4lt:<\/strong> <span style=\"color: #000000\">Fenbendazol<\/span> <span style=\"color: #000000\">70 Kapseln<\/span>, <a href=\"https:\/\/laubeholistic.com\/de\/shop\/tumacura\/\">Tumacura 250 Kapseln; <\/a>und <a href=\"https:\/\/laubeholistic.com\/de\/shop\/supreme-five-strain-cbd-oil\/\">CBD-\u00d6l Vollspektrum 40%<\/a> (<span style=\"color: #000000\">3,64 \u20ac Tageskosten)<\/span><\/span><\/p>\n<p><span style=\"color: #000000\">Die oben genannte Produktkombination gew\u00e4hrt einen Rabatt von 10%.<\/span><\/p>\n<p><span style=\"color: #000000\">Sehen Sie sich das folgende Video an, in dem Joe Tippens zu seiner unglaublichen Genesung von Krebs im Endstadium interviewt wird.<\/span><\/p>\n<p><span style=\"color: #000000\">Die drei oben aufgef\u00fchrten Produkte liefern Ihnen in hervorragender Qualit\u00e4t das, was Joe Tippens verwendet hat.<\/span><\/p>\n<p><span style=\"color: #000000\">Um dasselbe Protokoll wie Joe Tippens zu befolgen, ben\u00f6tigen Sie t\u00e4glich:<\/span><\/p>\n<ul>\n<li><span style=\"color: #000000\">Eine Kapsel Fenbedazol 222mg,<\/span><\/li>\n<li><span style=\"color: #000000\">Drei Kapseln Tumacura, das Antioxidans, und<\/span><\/li>\n<li><span style=\"color: #000000\">8,5 Tropfen CBD-\u00d6l Vollspektrum 10% ODER 2 Tropfen CBD-\u00d6l Vollspektrum 40%<\/span><\/li>\n<\/ul>\n<p><iframe loading=\"lazy\" width=\"1020\" height=\"574\" src=\"https:\/\/www.youtube.com\/embed\/HYILnjc_wuY?feature=oembed\" frameborder=\"0\" allowfullscreen><\/iframe><\/p>\n<p>&nbsp;<\/p>\n<p><span style=\"color: #282828;background-color: #c0c0c0\">Wenn Sie spezielle Fragen zur Anwendung von Fenbendazol haben, kontaktieren Sie uns <a style=\"color: #282828;background-color: #c0c0c0\" href=\"https:\/\/laubeholistic.com\/de\/contact\/\">Hier<\/a> oder unter <strong>info@laubeholistic.com<\/strong><\/span><\/p>\n            <\/div>\n        <\/div>","protected":false},"excerpt":{"rendered":"<p><span style=\"color: #000000;\">99% Reinheit<\/span><\/p>\n<p><span style=\"color: #000000;\">Jede Kapsel enth\u00e4lt 222 mg Pulver ohne F\u00fcllstoffe<\/span><\/p>\n<p><span style=\"color: #000000;\">Von einem unabh\u00e4ngigen Labor getestet<\/span><\/p>\n<p><span style=\"color: #000000;\">Chemische Formel: C15H13N3O2S<\/span><\/p>\n<p><span style=\"color: #000000;\">Produktpflege: An einem k\u00fchlen, trockenen Ort aufbewahren<\/span><\/p>\n<p><strong><span style=\"color: #282828;\">Joe Tippens Protokoll: Fenbendazol, Tumacura und CBD (siehe unten)<br \/>\n<\/span><\/strong><\/p>","protected":false},"featured_media":21115,"comment_status":"open","ping_status":"closed","template":"","meta":{"ngg_post_thumbnail":0},"product_brand":[],"product_cat":[334,329],"product_tag":[341,338,373,372],"class_list":{"0":"post-12178","1":"product","2":"type-product","3":"status-publish","4":"has-post-thumbnail","6":"product_cat-on-sale","7":"product_cat-remedy-supplements","8":"product_tag-deparasiting","9":"product_tag-fenbendazole","10":"product_tag-parasite-cleanse","11":"product_tag-parasites","13":"first","14":"instock","15":"taxable","16":"shipping-taxable","17":"purchasable","18":"product-type-variable"},"_links":{"self":[{"href":"https:\/\/laubeholistic.com\/de\/wp-json\/wp\/v2\/product\/12178","targetHints":{"allow":["GET"]}}],"collection":[{"href":"https:\/\/laubeholistic.com\/de\/wp-json\/wp\/v2\/product"}],"about":[{"href":"https:\/\/laubeholistic.com\/de\/wp-json\/wp\/v2\/types\/product"}],"replies":[{"embeddable":true,"href":"https:\/\/laubeholistic.com\/de\/wp-json\/wp\/v2\/comments?post=12178"}],"wp:featuredmedia":[{"embeddable":true,"href":"https:\/\/laubeholistic.com\/de\/wp-json\/wp\/v2\/media\/21115"}],"wp:attachment":[{"href":"https:\/\/laubeholistic.com\/de\/wp-json\/wp\/v2\/media?parent=12178"}],"wp:term":[{"taxonomy":"product_brand","embeddable":true,"href":"https:\/\/laubeholistic.com\/de\/wp-json\/wp\/v2\/product_brand?post=12178"},{"taxonomy":"product_cat","embeddable":true,"href":"https:\/\/laubeholistic.com\/de\/wp-json\/wp\/v2\/product_cat?post=12178"},{"taxonomy":"product_tag","embeddable":true,"href":"https:\/\/laubeholistic.com\/de\/wp-json\/wp\/v2\/product_tag?post=12178"}],"curies":[{"name":"wp","href":"https:\/\/api.w.org\/{rel}","templated":true}]}}