{"id":12064,"date":"2023-02-20T10:33:10","date_gmt":"2023-02-20T10:33:10","guid":{"rendered":"https:\/\/laubeholistic.com\/?post_type=product&#038;p=12064"},"modified":"2026-04-20T14:51:59","modified_gmt":"2026-04-20T14:51:59","slug":"la-tortuga-verde","status":"publish","type":"product","link":"https:\/\/laubeholistic.com\/de\/shop\/la-tortuga-verde\/","title":{"rendered":"La Tortuga Verde"},"content":{"rendered":"<h2><span style=\"color: #000000;\">Nat\u00fcrliches Deodorant (70g):<\/span><\/h2>\n<p><span style=\"color: #000000;\">Kaltgepresstes Kokos\u00f6l, Bienenwachs, Sheabutter, Kakaobutter, \u00e4therisches Vitamin E-\u00d6l (Eukalyptus, Zitrus), Liebe, gut f\u00fcr alle Hauttypen<\/span><\/p>\n<p><span style=\"color: #000000;\">Palm\u00f6lfrei<\/span><\/p>\n<h2><span style=\"color: #000000;\">Bug Off Insektenschutzmittel (70g):<\/span><\/h2>\n<p><span style=\"color: #000000;\">Kaltgepresstes Kokos\u00f6l, Sheabutter, Bienenwachs (Citronella, Zitronengras, Rosmarin, Eukalyptus), \u00e4therische \u00d6le, Love Good f\u00fcr jeden Hauttyp, 100% vegan.<\/span><\/p>\n<p><span style=\"color: #000000;\">Palm\u00f6lfrei<\/span><\/p>\n<h2><span style=\"color: #000000;\">Sonnencreme (50g):<\/span><\/h2>\n<p><span style=\"color: #000000;\">Zinkoxid, Kokosnuss\u00f6l, Thanaka-Wurzel, Vitamin E, Aloe, Love 100% Vegan.<\/span><\/p>\n<p><span style=\"color: #000000;\">Palm\u00f6lfrei<\/span><\/p>\n<h2><span style=\"color: #000000;\">After Sun K\u00fchlcreme (70g):&nbsp; <\/span><\/h2>\n<p><span style=\"color: #000000;\">Kaltgepresstes Kokos\u00f6l, Vitamin E, Aloe, Avocado\u00f6l, Sheabutter, Liebe, Gut f\u00fcr jeden Hauttyp. <\/span><\/p>\n<p><span style=\"color: #000000;\">Palm\u00f6lfrei<\/span><\/p>\n<h2><span style=\"color: #000000;\">Hand- und K\u00f6rperlotion Lavendel (70g): <\/span><\/h2>\n<p><span style=\"color: #000000;\">Kaltgepresstes Kokos\u00f6l, Avocado\u00f6l, \u00e4therisches Lavendel\u00f6l, Bienenwachs, Vitamin E, Liebe, gut f\u00fcr jeden Hauttyp.<\/span><\/p>\n<p><span style=\"color: #000000;\">Palm\u00f6lfrei<\/span><\/p>\n<h2><span style=\"color: #000000;\">Hand- und K\u00f6rperlotion Forever Green Jungle (70):<\/span><\/h2>\n<p><span style=\"color: #000000;\">Kaltgepresstes Kokos\u00f6l, Avocado\u00f6l, \u00e4therische \u00d6le, Bienenwachs, Vitamin E, Liebe, gut f\u00fcr jeden Hauttyp.<\/span><\/p>\n<p><span style=\"color: #000000;\">Palm\u00f6lfrei<\/span><\/p>","protected":false},"excerpt":{"rendered":"<p><span style=\"color: #000000;\"><strong>La Tortuga Verde Costa Rica<\/strong> sind Hersteller handgemachter K\u00f6rperpflegeprodukte mit Sitz in Costa Rica, die nat\u00fcrliche, organische und nachhaltige Inhaltsstoffe verwenden, sofern diese verf\u00fcgbar und gesundheitlich unbedenklich sind und denen Sie vertrauen k\u00f6nnen. Durch die Verwendung palm\u00f6lfreier Produkte, die frei von k\u00fcnstlichen Inhaltsstoffen und sch\u00e4dlichen Chemikalien sind, profitieren Sie von nat\u00fcrlich ges\u00fcnderer Haut und Haaren.<br \/>\n<\/span><\/p>\n<p><span style=\"color: #000000;\">Sie enthalten keine Parabene, Sulfate oder Chemikalien. Sie basieren nicht auf tierischen Produkten und wurden nicht an Tieren getestet. Respektvoll gegen\u00fcber der Umwelt 100%<\/span><\/p>\n<p><span style=\"color: #000000;\">Alle diese Produkte werden von Hand und in kleinen Chargen hergestellt, um Frische, Konsistenz und Perfektion zu gew\u00e4hrleisten.<\/span><\/p>","protected":false},"featured_media":12072,"comment_status":"open","ping_status":"closed","template":"","meta":{"ngg_post_thumbnail":0},"product_brand":[],"product_cat":[318],"product_tag":[],"class_list":{"0":"post-12064","1":"product","2":"type-product","3":"status-publish","4":"has-post-thumbnail","6":"product_cat-la-tortuga-verde-cr","8":"first","9":"instock","10":"taxable","11":"shipping-taxable","12":"purchasable","13":"product-type-variable"},"_links":{"self":[{"href":"https:\/\/laubeholistic.com\/de\/wp-json\/wp\/v2\/product\/12064","targetHints":{"allow":["GET"]}}],"collection":[{"href":"https:\/\/laubeholistic.com\/de\/wp-json\/wp\/v2\/product"}],"about":[{"href":"https:\/\/laubeholistic.com\/de\/wp-json\/wp\/v2\/types\/product"}],"replies":[{"embeddable":true,"href":"https:\/\/laubeholistic.com\/de\/wp-json\/wp\/v2\/comments?post=12064"}],"wp:featuredmedia":[{"embeddable":true,"href":"https:\/\/laubeholistic.com\/de\/wp-json\/wp\/v2\/media\/12072"}],"wp:attachment":[{"href":"https:\/\/laubeholistic.com\/de\/wp-json\/wp\/v2\/media?parent=12064"}],"wp:term":[{"taxonomy":"product_brand","embeddable":true,"href":"https:\/\/laubeholistic.com\/de\/wp-json\/wp\/v2\/product_brand?post=12064"},{"taxonomy":"product_cat","embeddable":true,"href":"https:\/\/laubeholistic.com\/de\/wp-json\/wp\/v2\/product_cat?post=12064"},{"taxonomy":"product_tag","embeddable":true,"href":"https:\/\/laubeholistic.com\/de\/wp-json\/wp\/v2\/product_tag?post=12064"}],"curies":[{"name":"wp","href":"https:\/\/api.w.org\/{rel}","templated":true}]}}