{"id":11445,"date":"2022-10-20T11:50:34","date_gmt":"2022-10-20T11:50:34","guid":{"rendered":"https:\/\/laubeholistic.com\/?post_type=product&#038;p=11445"},"modified":"2023-08-23T15:03:03","modified_gmt":"2023-08-23T15:03:03","slug":"chaga-mushrooms","status":"publish","type":"product","link":"https:\/\/laubeholistic.com\/de\/shop\/chaga-mushrooms\/","title":{"rendered":"CHAGA-Pilze"},"content":{"rendered":"<h1><span style=\"color: #000000;\">Sibirische Chaga-Pilze<\/span><\/h1>\n<p><span style=\"color: #000000;\">Diese Chaga-Pilze werden in abgelegenen subarktischen sibirischen W\u00e4ldern geerntet. <\/span><\/p>\n<p><span style=\"color: #000000;\">Chaga enth\u00e4lt wirkungsvolle N\u00e4hrstoffe und Antioxidantien zur St\u00e4rkung des Immunsystems und zur Vorbeugung von Erkrankungen.<\/span><\/p>\n<div class=\"elementor-column elementor-col-66 elementor-top-column elementor-element elementor-element-2004d6d\" data-id=\"2004d6d\" data-element_type=\"column\">\n<div class=\"elementor-widget-wrap elementor-element-populated\">\n<div class=\"elementor-element elementor-element-56c2ff3 elementor-widget elementor-widget-text-editor\" data-id=\"56c2ff3\" data-element_type=\"widget\" data-widget_type=\"text-editor.default\">\n<div class=\"elementor-widget-container\">\n<p><span style=\"color: #000000;\">Unsere CHAGA CHUNKS sind St\u00fccke von reinen Chaga-Pilzen. Chaga wird bekanntlich als Tee verwendet, aber Sie k\u00f6nnen ihn auch zu Pulver mahlen und in Ihren Kaffee, Smoothie oder eine andere Fl\u00fcssigkeit geben. Chaga-Tee ist eine gro\u00dfartige M\u00f6glichkeit, zus\u00e4tzliche Antioxidantien und andere koffeinfreie immunst\u00e4rkende Verbindungen zu sich zu nehmen.<\/span><\/p>\n<p><strong><span style=\"color: #000000;\">M\u00f6gliche gesundheitliche Vorteile von Chaga:<\/span><\/strong><\/p>\n<ul>\n<li><span style=\"color: #000000;\">St\u00e4rkung des Immunsystems<\/span><\/li>\n<li><span style=\"color: #000000;\">St\u00e4rkung des Verdauungssystems, des Herz-Kreislauf- und Hormonsystems<\/span><\/li>\n<li><span style=\"color: #000000;\">Verlangsamt den Alterungsprozess<\/span><\/li>\n<li><span style=\"color: #000000;\">Senkt den Cholesterinspiegel<\/span><\/li>\n<li><span style=\"color: #000000;\">Senkt den Blutdruck<\/span><\/li>\n<li><span style=\"color: #000000;\">Bek\u00e4mpft Entz\u00fcndungen<\/span><\/li>\n<li><span style=\"color: #000000;\">Senkt den Blutzucker<\/span><\/li>\n<\/ul>\n<\/div>\n<\/div>\n<\/div>\n<\/div>\n<p>&nbsp;<\/p>\n<h2><span style=\"color: #000000;\">Wie man Chaga-Tee aus Chaga-Pilzst\u00fccken macht<br \/>\n<\/span><\/h2>\n<p><span style=\"color: #000000;\">W\u00e4hlen Sie 4\u20135 MELS-Chaga-St\u00fccke aus und geben Sie sie in einen gro\u00dfen Topf mit ca. 1 Liter Wasser. <\/span><\/p>\n<p><span style=\"color: #000000;\">Bringen Sie das Wasser zum Kochen, drehen Sie die Hitze herunter und lassen Sie es mindestens 15 Minuten, besser jedoch bis zu 3\u20134 Stunden k\u00f6cheln, je nachdem, wie stark Sie den Tee haben m\u00f6chten. <\/span><span style=\"color: #000000;\">Den Tee abseihen und die St\u00fccke beiseite stellen. Die St\u00fccke k\u00f6nnen bis zu zwei oder drei weitere Male verwendet werden, bis sie weich werden und zerbr\u00f6seln. <\/span><span style=\"color: #000000;\">Der Aufguss wird als hei\u00dfer Tee oder gek\u00fchlt als Kaltgetr\u00e4nk serviert. Bei Bedarf S\u00fc\u00dfstoff wie Honig oder Stevia hinzuf\u00fcgen. Im K\u00fchlschrank ist er bis zu 7 Tage haltbar. <\/span><\/p>\n<p><span style=\"color: #000000;\">F\u00fcr eine Tasse Tee: Ein St\u00fcck Chaga zu Pulver reiben und in ein Teesieb geben. <\/span><span style=\"color: #000000;\">Ca. 15 Min. ziehen lassen<\/span><\/p>\n<p>&nbsp;<\/p>\n<div class=\"elementor-column elementor-col-66 elementor-top-column elementor-element elementor-element-e2aa455\" data-id=\"e2aa455\" data-element_type=\"column\">\n<div class=\"elementor-widget-wrap elementor-element-populated\">\n<div class=\"elementor-element elementor-element-0edfc41 elementor-widget elementor-widget-text-editor\" data-id=\"0edfc41\" data-element_type=\"widget\" data-widget_type=\"text-editor.default\">\n<div class=\"elementor-widget-container\">\n<p><em><span style=\"color: #000000;\">Von einem unabh\u00e4ngigen Labor auf Wirksamkeit, Reinheit und Effizienz getestet.<\/span><\/em><\/p>\n<p><em><span style=\"color: #000000;\">Lagerung: Unter 25 Grad Celsius. Direkte Sonneneinstrahlung vermeiden.<\/span><\/em><\/p>\n<p><strong><span style=\"color: #000000;\">Haftungsausschluss: Chaga-Pilze k\u00f6nnen nicht als Ersatz f\u00fcr eine gesunde und abwechslungsreiche Ern\u00e4hrung verwendet werden.<\/span><\/strong><\/p>\n<\/div>\n<\/div>\n<\/div>\n<\/div>","protected":false},"excerpt":{"rendered":"<p><span style=\"color: #000000;\">Sibirische Chaga-Pilzst\u00fccke (Inonotus obliquus)<\/span><\/p>\n<ul>\n<li><span style=\"color: #000000;\">100% nat\u00fcrlich und organisch<\/span><\/li>\n<li><span style=\"color: #000000;\">Gentechnikfrei<\/span><\/li>\n<li><span style=\"color: #000000;\">Vegan<\/span><\/li>\n<li><span style=\"color: #000000;\">Durch unabh\u00e4ngiges Labor getestet<\/span><\/li>\n<li><span style=\"color: #000000;\">Koffeinfrei<\/span><\/li>\n<li><span style=\"color: #000000;\">Ca. 200g<\/span><\/li>\n<\/ul>\n<p><span style=\"color: #000000;\">Hergestellt in Europa<\/span><\/p>","protected":false},"featured_media":11455,"comment_status":"open","ping_status":"closed","template":"","meta":{"ngg_post_thumbnail":0},"product_brand":[],"product_cat":[334,328],"product_tag":[],"class_list":{"0":"post-11445","1":"product","2":"type-product","3":"status-publish","4":"has-post-thumbnail","6":"product_cat-on-sale","7":"product_cat-teas","9":"first","10":"outofstock","11":"sale","12":"taxable","13":"shipping-taxable","14":"purchasable","15":"product-type-simple"},"_links":{"self":[{"href":"https:\/\/laubeholistic.com\/de\/wp-json\/wp\/v2\/product\/11445","targetHints":{"allow":["GET"]}}],"collection":[{"href":"https:\/\/laubeholistic.com\/de\/wp-json\/wp\/v2\/product"}],"about":[{"href":"https:\/\/laubeholistic.com\/de\/wp-json\/wp\/v2\/types\/product"}],"replies":[{"embeddable":true,"href":"https:\/\/laubeholistic.com\/de\/wp-json\/wp\/v2\/comments?post=11445"}],"wp:featuredmedia":[{"embeddable":true,"href":"https:\/\/laubeholistic.com\/de\/wp-json\/wp\/v2\/media\/11455"}],"wp:attachment":[{"href":"https:\/\/laubeholistic.com\/de\/wp-json\/wp\/v2\/media?parent=11445"}],"wp:term":[{"taxonomy":"product_brand","embeddable":true,"href":"https:\/\/laubeholistic.com\/de\/wp-json\/wp\/v2\/product_brand?post=11445"},{"taxonomy":"product_cat","embeddable":true,"href":"https:\/\/laubeholistic.com\/de\/wp-json\/wp\/v2\/product_cat?post=11445"},{"taxonomy":"product_tag","embeddable":true,"href":"https:\/\/laubeholistic.com\/de\/wp-json\/wp\/v2\/product_tag?post=11445"}],"curies":[{"name":"wp","href":"https:\/\/api.w.org\/{rel}","templated":true}]}}