{"id":10749,"date":"2022-07-04T23:59:02","date_gmt":"2022-07-04T23:59:02","guid":{"rendered":"https:\/\/laubeholistic.com\/?post_type=product&#038;p=10749"},"modified":"2023-08-02T16:17:02","modified_gmt":"2023-08-02T16:17:02","slug":"full-body-check-up-and-therapy","status":"publish","type":"product","link":"https:\/\/laubeholistic.com\/de\/shop\/full-body-check-up-and-therapy\/","title":{"rendered":"OBERON Biofeedback-Therapie"},"content":{"rendered":"<h3 style=\"text-align: center;\"><strong><span style=\"color: #000000;\">Was ist Biofeedback?<\/span><\/strong><\/h3>\n<p><span style=\"color: #000000;\">Jedes Organ, jede Zelle und jede Mikrobe im K\u00f6rper hat ihre eigene Frequenz. Bioresenance kann diese Frequenzen und etwaige Ungleichgewichte durch Schallwellen im Gehirn erkennen. Dementsprechend k\u00f6nnen diese Frequenzen in Reaktionen auf eine Vielzahl von Belastungen variieren, von biochemischen und physiologischen Reaktionen auf Krankheitserreger, Allergene, Chemikalien bis hin zu Ver\u00e4nderungen der DNA. Es wurde auch nachgewiesen, dass sich elektromagnetische Wellen oder Schwingungen, die von erkrankten Organen, einschlie\u00dflich Krebszellen, ausgesendet werden, von denen unterscheiden, die von gesunden Zellen ausgesendet werden, aufgrund ihrer Unterschiede im Zellstoffwechsel und in DNA-Ver\u00e4nderungen.<\/span><br \/>\n<span style=\"color: #000000;\">Beim Biofeedback geht es darum, Ungleichgewichte wieder auszugleichen. Daraus folgt, dass nach der Einwirkung von Giftstoffen, Allergenen, Viren, Bakterien, negativen Stressreaktionen und elektromagnetischer Verschmutzung aus verschiedenen Quellen die Physiologie, Biochemie und Funktionen verschiedener Organe und Gewebe ver\u00e4ndert werden, was sich in einem Zustand des Frequenzungleichgewichts \u00e4u\u00dfert. Es wurde festgestellt, dass die im unausgeglichenen Zustand abgegebene Resonanzfrequenz im Vergleich zum gesunden Zustand niedriger ist und, wenn sie durch externe Eingaben ausgeglichen und erh\u00f6ht wird, dazu beitragen kann, das Energiedefizit auszugleichen und die Heilung und Umkehrung des unausgeglichenen Zustands zu f\u00f6rdern. Dies ist die Grundlage der Bioresonanz-Biofeedback-Therapie.<\/span><\/p>\n<p><span style=\"color: #000000;\"><img loading=\"lazy\" decoding=\"async\" class=\"alignleft size-medium wp-image-10758\" src=\"https:\/\/laubeholistic.com\/wp-content\/uploads\/Biofeedback-modalities-300x169.jpg\" alt=\"\" width=\"300\" height=\"169\" srcset=\"https:\/\/laubeholistic.com\/wp-content\/uploads\/Biofeedback-modalities-300x169.jpg 300w, https:\/\/laubeholistic.com\/wp-content\/uploads\/Biofeedback-modalities-510x287.jpg 510w, https:\/\/laubeholistic.com\/wp-content\/uploads\/Biofeedback-modalities-1024x576.jpg 1024w, https:\/\/laubeholistic.com\/wp-content\/uploads\/Biofeedback-modalities-768x432.jpg 768w, https:\/\/laubeholistic.com\/wp-content\/uploads\/Biofeedback-modalities-1536x864.jpg 1536w, https:\/\/laubeholistic.com\/wp-content\/uploads\/Biofeedback-modalities-18x10.jpg 18w, https:\/\/laubeholistic.com\/wp-content\/uploads\/Biofeedback-modalities.jpg 1920w\" sizes=\"auto, (max-width: 300px) 100vw, 300px\" \/>Die Biofeedback-Therapie ist nicht invasiv und kann pers\u00f6nlich durchgef\u00fchrt werden oder <strong>auf Distanz<\/strong>. Bei einer pers\u00f6nlichen Untersuchung dauert die erste Sitzung in der Regel etwa 50 Minuten. Es erfolgt eine Erstberatung und der Scan wird \u00fcber Kopfh\u00f6rer durchgef\u00fchrt. Sie sollten keinen Schmuck tragen und innerhalb von 2 Stunden vor dem Scan weder Essen noch Kaffee zu sich nehmen. <strong>F\u00fcr Distanzscans<\/strong> und der anschlie\u00dfenden Therapie wird eine Haar- oder Zehennagelprobe abgegeben und der Scan wird auf \u00e4hnliche Weise mithilfe der Kopfh\u00f6rerempf\u00e4nger durchgef\u00fchrt.<\/span><\/p>\n<p><span style=\"color: #000000;\">Nach dem ersten Scan wird eine detaillierte Analyse durchgef\u00fchrt, die das aktuelle Energieniveau der Organe, Zellen, Bakterien usw. sowie den jeweiligen Koeffizienten ermitteln kann. Dies gibt Aufschluss dar\u00fcber, wie gut das Organ funktioniert. Bestehende Pathologien werden ebenso erkannt wie zuk\u00fcnftige Pathologien, die m\u00f6glicherweise noch nicht bekannt sind. Auch Allergien k\u00f6nnen erkannt werden. Viele Pathologien k\u00f6nnen \u00fcber das Verdauungssystem behandelt werden, da der Darm der Bereich ist, in dem sich Bakterien am h\u00e4ufigsten entwickeln und die Darmgesundheit von gr\u00f6\u00dfter Bedeutung ist.<\/span><\/p>\n<p><span style=\"color: #000000;\">Daher wird die anf\u00e4ngliche Biofeedback-Therapie des Verdauungssystems normalerweise sechs Wochen lang mit mindestens drei Sitzungen pro Woche durchgef\u00fchrt, wonach ein zweiter vollst\u00e4ndiger Scan durchgef\u00fchrt und ein Vergleich angestellt wird.<\/span><\/p>\n<p><span style=\"color: #000000;\">Manche Klienten haben spezielle Problembereiche und haben bereits konventionelle Medizin erhalten oder erhalten diese gerade. Sie betrachten Biofeedback als eine M\u00f6glichkeit, diese zu erg\u00e4nzen. In beiden F\u00e4llen kann es allein oder zusammen mit anderen Behandlungen eine sehr zufriedenstellende erg\u00e4nzende Therapie sein, da die Ergebnisse innerhalb dieses Zeitrahmens sichtbar werden. Bitte listen Sie alle Medikamente w\u00e4hrend Ihrer Beratung auf oder wenn Sie die Haar- oder Zehennagelprobe einsenden.<\/span><\/p>\n<p><img loading=\"lazy\" decoding=\"async\" class=\"wp-image-10755 alignleft\" src=\"https:\/\/laubeholistic.com\/wp-content\/uploads\/IMG_20220517_133512-1jpg-300x225.jpg\" alt=\"Oberon machine with Turningstones Biodfeedback therpay\" width=\"264\" height=\"198\" srcset=\"https:\/\/laubeholistic.com\/wp-content\/uploads\/IMG_20220517_133512-1jpg-300x225.jpg 300w, https:\/\/laubeholistic.com\/wp-content\/uploads\/IMG_20220517_133512-1jpg-scaled-510x383.jpg 510w, https:\/\/laubeholistic.com\/wp-content\/uploads\/IMG_20220517_133512-1jpg-1024x768.jpg 1024w, https:\/\/laubeholistic.com\/wp-content\/uploads\/IMG_20220517_133512-1jpg-768x576.jpg 768w, https:\/\/laubeholistic.com\/wp-content\/uploads\/IMG_20220517_133512-1jpg-1536x1152.jpg 1536w, https:\/\/laubeholistic.com\/wp-content\/uploads\/IMG_20220517_133512-1jpg-2048x1536.jpg 2048w, https:\/\/laubeholistic.com\/wp-content\/uploads\/IMG_20220517_133512-1jpg-16x12.jpg 16w\" sizes=\"auto, (max-width: 264px) 100vw, 264px\" \/><\/p>\n<p><span style=\"color: #000000;\">Tobias hat sich mit Helena von \u201eTurningstones Biofeedback\u201c getroffen, um mehr \u00fcber ihre Biofeedback-Therapie mit ihrem OBERON-Ger\u00e4t und -Service zu erfahren, und hat mehrere Sitzungen mit ihr verbracht.<\/span><\/p>\n<p><span style=\"color: #000000;\"><em>\u201eHelena wirkt sehr professionell. Sie wei\u00df, wovon sie spricht und kann Ihnen dabei helfen, innerhalb von Minuten die Grundursache von Frequenzungleichgewichten in Ihrem K\u00f6rper zu erkennen.\u201c <\/em><strong>Tobias Laube<\/strong><\/span><\/p>\n<p>&nbsp;<\/p>\n<p>&nbsp;<\/p>\n<h3><span style=\"color: #000000;\">BEWERTUNGEN von Kunden<\/span><\/h3>\n<p><span style=\"color: #000000;\">Ich kann Helena wirklich empfehlen. Ich ging zu ihr und f\u00fchlte mich sehr <\/span><span style=\"color: #000000;\">m\u00fcde, nach einer Sitzung konnte ich sp\u00fcren, wie meine Energie zur\u00fcckkehrte. <\/span><span style=\"color: #000000;\">Ich habe einen sechsw\u00f6chigen Kurs absolviert und bin am Ende durchgeflogen. <\/span><span style=\"color: #000000;\">Viel Energie und gute Stimmung \u2026 sehr empfehlenswert.<\/span><br \/>\n<span style=\"color: #000000;\">Ich habe jetzt ein paar Sitzungen, um meinem Auge zu helfen, <\/span><span style=\"color: #000000;\">einige Probleme damit und hilft wirklich sowie die Therapie gleicht die Energie aus, die ist <\/span><span style=\"color: #000000;\">mein Auge wiederherstellen.<\/span><br \/>\n<strong><span style=\"color: #000000;\">Dorothy P<\/span><\/strong><\/p>\n<p><span style=\"color: #000000;\">Was f\u00fcr eine tolle Erfahrung es war, mit Helena zusammenzuarbeiten, w\u00e4hrend sie mich scannte und dann <\/span><span style=\"color: #000000;\">gab mir jede Woche Biofeedback-Therapiesitzungen. Es war faszinierend, alle Organe zu sehen<\/span><span style=\"color: #000000;\">in meinem K\u00f6rper und beobachtete jede Woche die Ver\u00e4nderungen auf dem Bildschirm. Ich liebte es, die Zahlen zu sehen <\/span><span style=\"color: #000000;\">kam runter und wusste, dass mein K\u00f6rper auf die Therapie reagierte. Ich wusste auch, wann Helena <\/span><span style=\"color: #000000;\">mache die Ferntherapie; Quantenheilung ist etwas, wof\u00fcr ich offen bin und ich habe festgestellt, <\/span><span style=\"color: #000000;\">reagierten gleicherma\u00dfen. Wenn Sie Ihren K\u00f6rper respektieren, buchen Sie bitte einen Kurs, Sie werden nicht <\/span><span style=\"color: #000000;\">entt\u00e4uscht.<\/span><br \/>\n<strong><span style=\"color: #000000;\">Heidi E<\/span><\/strong><\/p>\n<p><span style=\"color: #000000;\">Ich kam zu Helena, weil ich Probleme mit meinem Verdauungssystem hatte und st\u00e4ndig <\/span><span style=\"color: #000000;\">Energie nach dem Essen. Ich buchte einen sechsw\u00f6chigen Kurs und w\u00e4hrend der ersten Sitzung stellte sich heraus, dass <\/span><span style=\"color: #000000;\">Ich habe eine leichte Gastritis und einen niedrigen Eisenspiegel. Jetzt nach dem Kurs geht es mir viel besser und wir <\/span><span style=\"color: #000000;\">arbeite weiterhin zweimal im Monat daran. <\/span><span style=\"color: #000000;\">Ich kann Helena uneingeschr\u00e4nkt weiterempfehlen.<\/span><br \/>\n<strong><span style=\"color: #000000;\">Tatijana B<\/span><\/strong><\/p>\n<p>&nbsp;<\/p>\n<p><strong><span style=\"color: #000000;\">Bio-Feedback-Haftungsausschluss<\/span><\/strong><\/p>\n<p><span style=\"color: #000000;\">Ist kein medizinisches Ger\u00e4t. Es scannt oder analysiert den menschlichen K\u00f6rper nicht, um<\/span><br \/>\n<span style=\"color: #000000;\">um einem Arzt zu helfen, eine Diagnose \u00fcber seine Organe oder sein Gewebe zu stellen. Es behandelt auch keine spezifischen Erkrankungen des physischen K\u00f6rpers.<\/span><br \/>\n<span style=\"color: #000000;\">Es handelt sich um ein Biofeedback-Ger\u00e4t, das elektromagnetische Energie im K\u00f6rper scannt und analysiert.<\/span><br \/>\n<span style=\"color: #000000;\">Es erkennt, welche Organe oder Gewebe einen Mangel oder einen \u00dcberschuss an elektromagnetischer Energie aufweisen, und gibt die Menge an EM-Energie ab, die in diesen Organen oder Geweben das richtige EM-Gleichgewicht wiederherstellt.<\/span><br \/>\n<span style=\"color: #000000;\">Wenn Sie das Gef\u00fchl haben, dass Ihr k\u00f6rperlicher Gesundheitszustand nicht optimal ist, suchen Sie bitte \u00e4rztlichen Rat auf oder wenden Sie sich an Ihren Gesundheitsspezialisten.<\/span><\/p>\n<p style=\"text-align: center;\"><strong><span style=\"color: #000000;\">Wellness &amp; Biofeedback Forschung und Training Beratung Verzicht<\/span><\/strong><\/p>\n<p><span style=\"color: #000000;\">1. Mir ist v\u00f6llig klar, dass der behandelnde Techniker kein allopathischer Arzt (Arzt\/Allgemeinmediziner) ist und sich auch nicht als solcher ausgibt, sondern ein Wellnessberater und Biofeedback-Techniker ist.<\/span><br \/>\n<span style=\"color: #000000;\">2. Ich verstehe den Unterschied zwischen der Aus\u00fcbung allopathischer (konventioneller) Medizin, der Ern\u00e4hrungsberatung und Biofeedback vollkommen.<\/span><br \/>\n<span style=\"color: #000000;\">3. Ich verstehe voll und ganz, dass die vom behandelnden Techniker erbrachten Leistungen nicht allopathischer Natur sind, sondern ausschlie\u00dflich auf Verhalten, Stress oder Biofeedback beruhen.<\/span><br \/>\n<span style=\"color: #000000;\">4. Ich verstehe voll und ganz, dass der behandelnde Techniker seine\/ihre Dienste im Rahmen eines nat\u00fcrlichen Gesundheits- und Wellnesssystems unter Verwendung von Biofeedback und Stressabbau durchf\u00fchrt.<\/span><br \/>\n<span style=\"color: #000000;\">5. Ich verstehe voll und ganz, dass der behandelnde Techniker keine allopathischen Medikamente, Operationen, chemischen Stimulanzien, Strahlungsfrequenzausgleich oder andere konventionelle Behandlungen anbietet. Dar\u00fcber hinaus stellt er\/sie keine Diagnosen, behandelt oder verschreibt keine anderen Medikamente f\u00fcr Krankheiten, Beschwerden oder Leiden und dass mein Wohlbefinden und meine Stressparameter gemessen werden.<\/span><br \/>\n<span style=\"color: #000000;\">6. Ich habe die Dienste des zust\u00e4ndigen Biofeedback-Technikers in gutem Glauben in Anspruch genommen, wobei ich meinen freien Willen aus\u00fcbte und den Geboten meines eigenen Gewissens folgte. Dies erm\u00f6glicht es mir, das auszuw\u00e4hlen, was meiner Meinung nach am besten f\u00fcr meine Gesundheit ist.<\/span><br \/>\n<span style=\"color: #000000;\">7. Ich mache auch von meinem freien Willen Gebrauch, indem ich dieses Unternehmen und diesen Techniker nach ihrer Meinung zu Dingen und Situationen frage, die meiner Gesundheit f\u00f6rderlich sein k\u00f6nnten; es ist meine Entscheidung, ob ich zu irgendeinem Zeitpunkt bereit bin, diese Ideen oder Vorschl\u00e4ge zu nutzen oder anzuwenden.<\/span><br \/>\n<span style=\"color: #000000;\">8. Wenn ich Leistungen ben\u00f6tige, die der zust\u00e4ndige Biofeedback-Techniker nicht erbringt (was mein Vorrecht ist), ist mir v\u00f6llig klar, dass ich diese woanders suchen muss.<\/span><br \/>\n<span style=\"color: #000000;\">9. Ich bin mir dar\u00fcber im Klaren, dass die Leistungen des behandelnden Technikers von allopathischen \u00c4rzten (MDs\/GPs) oder anderen konventionellen Gesundheitsfachkr\u00e4ften im Allgemeinen nicht anerkannt und\/oder empfohlen werden.<\/span><br \/>\n<span style=\"color: #000000;\">10. Ich verstehe, dass die Zahlung zum Zeitpunkt der Dienstleistung erwartet wird, sofern vor meinem Scan nichts anderes vereinbart wurde.<\/span><\/p>","protected":false},"excerpt":{"rendered":"<p><span style=\"color: #000000;\"><strong>&nbsp;<\/strong><\/span><strong style=\"color: #000000;\"><img loading=\"lazy\" decoding=\"async\" class=\"alignright wp-image-10757\" src=\"https:\/\/laubeholistic.com\/wp-content\/uploads\/logo-300x250.png\" alt=\"\" width=\"188\" height=\"158\" srcset=\"https:\/\/laubeholistic.com\/wp-content\/uploads\/logo-300x250.png 300w, https:\/\/laubeholistic.com\/wp-content\/uploads\/logo-510x425.png 510w, https:\/\/laubeholistic.com\/wp-content\/uploads\/logo-1024x854.png 1024w, https:\/\/laubeholistic.com\/wp-content\/uploads\/logo-768x641.png 768w, https:\/\/laubeholistic.com\/wp-content\/uploads\/logo-14x12.png 14w, https:\/\/laubeholistic.com\/wp-content\/uploads\/logo.png 1181w\" sizes=\"auto, (max-width: 188px) 100vw, 188px\" \/><\/strong><span style=\"color: #000000;\"><strong>Entdecken Sie die Vorteile von Biofeedback, um die k\u00f6rpereigenen Frequenzniveaus f\u00fcr eine optimale Gesundheit wieder ins Gleichgewicht zu bringen.<\/strong><\/span><\/p>\n<p><span style=\"color: #000000;\"><strong>Wir m\u00f6chten Ihnen vorstellen<\/strong><\/span><span style=\"color: #000000;\"><strong>&nbsp;eine Zusammenarbeit mit unserem Partner<\/strong><\/span><span style=\"color: #000000;\"><strong>&nbsp;\u201eTurningstones Biofeedback\u201c mit den folgenden verf\u00fcgbaren Optionen:<\/strong><\/span><\/p>","protected":false},"featured_media":10783,"comment_status":"closed","ping_status":"closed","template":"","meta":{"ngg_post_thumbnail":0},"product_brand":[],"product_cat":[331],"product_tag":[],"class_list":{"0":"post-10749","1":"product","2":"type-product","3":"status-publish","4":"has-post-thumbnail","6":"product_cat-services","8":"first","9":"instock","10":"taxable","11":"shipping-taxable","12":"purchasable","13":"product-type-variable"},"_links":{"self":[{"href":"https:\/\/laubeholistic.com\/de\/wp-json\/wp\/v2\/product\/10749","targetHints":{"allow":["GET"]}}],"collection":[{"href":"https:\/\/laubeholistic.com\/de\/wp-json\/wp\/v2\/product"}],"about":[{"href":"https:\/\/laubeholistic.com\/de\/wp-json\/wp\/v2\/types\/product"}],"replies":[{"embeddable":true,"href":"https:\/\/laubeholistic.com\/de\/wp-json\/wp\/v2\/comments?post=10749"}],"wp:featuredmedia":[{"embeddable":true,"href":"https:\/\/laubeholistic.com\/de\/wp-json\/wp\/v2\/media\/10783"}],"wp:attachment":[{"href":"https:\/\/laubeholistic.com\/de\/wp-json\/wp\/v2\/media?parent=10749"}],"wp:term":[{"taxonomy":"product_brand","embeddable":true,"href":"https:\/\/laubeholistic.com\/de\/wp-json\/wp\/v2\/product_brand?post=10749"},{"taxonomy":"product_cat","embeddable":true,"href":"https:\/\/laubeholistic.com\/de\/wp-json\/wp\/v2\/product_cat?post=10749"},{"taxonomy":"product_tag","embeddable":true,"href":"https:\/\/laubeholistic.com\/de\/wp-json\/wp\/v2\/product_tag?post=10749"}],"curies":[{"name":"wp","href":"https:\/\/api.w.org\/{rel}","templated":true}]}}