{"id":10267,"date":"2022-07-29T16:41:55","date_gmt":"2022-07-29T16:41:55","guid":{"rendered":"https:\/\/laubeholistic.com\/?post_type=product&#038;p=10267"},"modified":"2023-08-02T16:16:02","modified_gmt":"2023-08-02T16:16:02","slug":"anti-radiation-mobile-case","status":"publish","type":"product","link":"https:\/\/laubeholistic.com\/de\/shop\/anti-radiation-mobile-case\/","title":{"rendered":"Anti-Strahlung Handyh\u00fclle"},"content":{"rendered":"<p><span style=\"color: #282828;\"><span style=\"color: #000000;\">Die Anti-Strahlungs-Handyh\u00fclle kann bis zu 95% der von Ihrem Mobiltelefon abgegebenen Strahlung reduzieren.<\/span><br \/>\n<\/span><\/p>\n<p><span style=\"color: #000000;\"><strong>Material<\/strong>: Baumwolle, 10% Kupfer\/Silber<\/span><\/p>\n<p><span style=\"color: #000000;\"><strong>Pflege<\/strong>: Handw\u00e4sche in kaltem Wasser. Maschinenw\u00e4sche: Feinw\u00e4sche\/kalt oder max. 30 Grad Celsius\/kein Schleudern. Verwenden Sie Waschmittel ohne Weichsp\u00fcler oder Enzyme. Verwenden Sie keine Chemikalien. Nicht im Trockner trocknen. Nicht bleichen. Kalt b\u00fcgeln ohne Dampf.<\/span><\/p>\n<p><span style=\"color: #000000;\"><strong>Pr\u00fcfen<\/strong>: \u00d6ko 100 Klasse 1STR-Test, Schweizerisches Textilforschungsinstitut, Universit\u00e4t der Bundeswehr, M\u00fcnchen, Deutschland<\/span><\/p>\n<p><span style=\"color: #000000;\"><strong>OEKO-TEX 100 ZERTIFIZIERT<\/strong>: Swiss Shield-Stoffe sind \u00d6ko-Tex 100-zertifiziert und damit die hochwertigsten und umweltfreundlichsten R\u00fcstungsstoffe auf dem Markt. Das \u00d6ko-Tex-Zertifikat best\u00e4tigt, dass Swiss Shield-Stoffe strenge Tests durchlaufen und den Schadstofftest bestanden haben.<\/span><\/p>\n<h2><span style=\"color: #000000;\">Das folgende Video zeigt, wie die Strahlung eines Mobiltelefons erheblich reduziert wird, wenn wir eines unserer \u2013<strong>Strahlenschutzh\u00fcllen f\u00fcr Handys-<\/strong> davor. Wir haben es mit einem Breitband-HF-Messger\u00e4t gemessen und hier demonstriert.<\/span><\/h2>\n<div style=\"width: 352px;\" class=\"wp-video\"><video class=\"wp-video-shortcode\" id=\"video-10267-1\" width=\"352\" height=\"640\" preload=\"metadata\" controls=\"controls\"><source type=\"video\/mp4\" src=\"https:\/\/laubeholistic.com\/wp-content\/uploads\/Anti-5G-Phone-Bag-A-25S-Video-Funda-Moevil.m4v?_=1\" \/><a href=\"https:\/\/laubeholistic.com\/wp-content\/uploads\/Anti-5G-Phone-Bag-A-25S-Video-Funda-Moevil.m4v\">https:\/\/laubeholistic.com\/wp-content\/uploads\/Anti-5G-Phone-Bag-A-25S-Video-Funda-Moevil.m4v<\/a><\/video><\/div>\n<div style=\"position: static !important;\">&nbsp;<\/div>","protected":false},"excerpt":{"rendered":"<p><span style=\"color: #000000;\">Eine leistungsstarke Handyh\u00fclle mit Stoff aus Silberfaden zum Schutz <\/span><span style=\"color: #282828;\"><span style=\"color: #000000;\">den K\u00f6rper vor der Strahlung Ihres Mobiltelefons. (3G, 4G, 5G)<\/span><\/span><\/p>\n<p><span style=\"color: #000000;\">Schirmt die vom Mobiltelefon emittierte Strahlung ab durch 90%- 95%<\/span><\/p>\n<p>&nbsp;<\/p>\n<p>&nbsp;<\/p>","protected":false},"featured_media":11014,"comment_status":"open","ping_status":"closed","template":"","meta":{"ngg_post_thumbnail":0},"product_brand":[],"product_cat":[330],"product_tag":[312,311,310,313],"class_list":{"0":"post-10267","1":"product","2":"type-product","3":"status-publish","4":"has-post-thumbnail","6":"product_cat-accessories","7":"product_tag-anti-4g","8":"product_tag-anti-5g","9":"product_tag-anti-radiation-phone-case","10":"product_tag-radiation-protection","12":"first","13":"outofstock","14":"taxable","15":"shipping-taxable","16":"purchasable","17":"product-type-variable"},"_links":{"self":[{"href":"https:\/\/laubeholistic.com\/de\/wp-json\/wp\/v2\/product\/10267","targetHints":{"allow":["GET"]}}],"collection":[{"href":"https:\/\/laubeholistic.com\/de\/wp-json\/wp\/v2\/product"}],"about":[{"href":"https:\/\/laubeholistic.com\/de\/wp-json\/wp\/v2\/types\/product"}],"replies":[{"embeddable":true,"href":"https:\/\/laubeholistic.com\/de\/wp-json\/wp\/v2\/comments?post=10267"}],"wp:featuredmedia":[{"embeddable":true,"href":"https:\/\/laubeholistic.com\/de\/wp-json\/wp\/v2\/media\/11014"}],"wp:attachment":[{"href":"https:\/\/laubeholistic.com\/de\/wp-json\/wp\/v2\/media?parent=10267"}],"wp:term":[{"taxonomy":"product_brand","embeddable":true,"href":"https:\/\/laubeholistic.com\/de\/wp-json\/wp\/v2\/product_brand?post=10267"},{"taxonomy":"product_cat","embeddable":true,"href":"https:\/\/laubeholistic.com\/de\/wp-json\/wp\/v2\/product_cat?post=10267"},{"taxonomy":"product_tag","embeddable":true,"href":"https:\/\/laubeholistic.com\/de\/wp-json\/wp\/v2\/product_tag?post=10267"}],"curies":[{"name":"wp","href":"https:\/\/api.w.org\/{rel}","templated":true}]}}