{"id":10257,"date":"2022-04-07T12:29:05","date_gmt":"2022-04-07T12:29:05","guid":{"rendered":"https:\/\/laubeholistic.com\/?post_type=product&#038;p=10257"},"modified":"2026-03-03T14:42:13","modified_gmt":"2026-03-03T14:42:13","slug":"lavenderroll","status":"publish","type":"product","link":"https:\/\/laubeholistic.com\/de\/shop\/lavenderroll\/","title":{"rendered":"LavenderRoll (\u00e4therisches \u00d6l)"},"content":{"rendered":"<h1>LavenderRoll (\u00e4therisches Lavendel\u00f6l)<\/h1>\n<p><span style=\"color: #000000;\">Vor dem Schlafengehen eine kleine Menge auf die Handfl\u00e4chen und Fu\u00dfsohlen auftragen. Trocknen lassen. Entspannen.<\/span><\/p>\n<p><span style=\"color: #000000;\">Das Inhalieren von reinem \u00e4therischem Lavendel\u00f6l kann zur Schmerzlinderung beitragen.<\/span><\/p>\n<p><span style=\"color: #000000;\">ACHTUNG: Zur \u00e4u\u00dferlichen Anwendung. Nicht auf rissige oder gereizte Haut auftragen. <\/span><span style=\"color: #000000;\">Nicht bei Kindern oder Tieren anwenden. Bei Haut\u00fcberempfindlichkeit das Produkt nicht mehr verwenden. Wenn Sie schwanger sind, stillen, Medikamente einnehmen oder an einer Krankheit leiden, konsultieren Sie vor der Anwendung Ihren Arzt. Au\u00dferhalb der Reichweite von Kindern aufbewahren. Das \u00d6l nicht in die Augen gelangen lassen.<\/span><\/p>","protected":false},"excerpt":{"rendered":"<p><span style=\"color: #000000;\">15 ml<\/span><\/p>\n<p><span style=\"color: #000000;\">Reines \u00e4therisches Lavendel\u00f6l h\u00f6chster Qualit\u00e4t<\/span><\/p>\n<p><span style=\"color: #000000;\">Vegan. Nicht an Tieren getestet.<\/span><\/p>\n<p><span style=\"color: #000000;\">Einfaches und bequemes Auftragen mit dem Rollerball<\/span><\/p>","protected":false},"featured_media":10720,"comment_status":"open","ping_status":"closed","template":"","meta":{"ngg_post_thumbnail":0},"product_brand":[],"product_cat":[329],"product_tag":[],"class_list":{"0":"post-10257","1":"product","2":"type-product","3":"status-publish","4":"has-post-thumbnail","6":"product_cat-remedy-supplements","8":"first","9":"instock","10":"taxable","11":"shipping-taxable","12":"purchasable","13":"product-type-simple"},"_links":{"self":[{"href":"https:\/\/laubeholistic.com\/de\/wp-json\/wp\/v2\/product\/10257","targetHints":{"allow":["GET"]}}],"collection":[{"href":"https:\/\/laubeholistic.com\/de\/wp-json\/wp\/v2\/product"}],"about":[{"href":"https:\/\/laubeholistic.com\/de\/wp-json\/wp\/v2\/types\/product"}],"replies":[{"embeddable":true,"href":"https:\/\/laubeholistic.com\/de\/wp-json\/wp\/v2\/comments?post=10257"}],"wp:featuredmedia":[{"embeddable":true,"href":"https:\/\/laubeholistic.com\/de\/wp-json\/wp\/v2\/media\/10720"}],"wp:attachment":[{"href":"https:\/\/laubeholistic.com\/de\/wp-json\/wp\/v2\/media?parent=10257"}],"wp:term":[{"taxonomy":"product_brand","embeddable":true,"href":"https:\/\/laubeholistic.com\/de\/wp-json\/wp\/v2\/product_brand?post=10257"},{"taxonomy":"product_cat","embeddable":true,"href":"https:\/\/laubeholistic.com\/de\/wp-json\/wp\/v2\/product_cat?post=10257"},{"taxonomy":"product_tag","embeddable":true,"href":"https:\/\/laubeholistic.com\/de\/wp-json\/wp\/v2\/product_tag?post=10257"}],"curies":[{"name":"wp","href":"https:\/\/api.w.org\/{rel}","templated":true}]}}