{"id":7386,"date":"2021-03-24T00:27:24","date_gmt":"2021-03-24T00:27:24","guid":{"rendered":"https:\/\/laubeholistic.com\/?page_id=7386"},"modified":"2025-03-12T16:09:12","modified_gmt":"2025-03-12T16:09:12","slug":"affiliation-programs","status":"publish","type":"page","link":"https:\/\/laubeholistic.com\/de\/affiliation-programs\/","title":{"rendered":"Partnerprogramme"},"content":{"rendered":"<h1 style=\"text-align: center;\"><span style=\"color: #000000;\">Partnerprogramme<\/span><\/h1>\n<h3><span style=\"color: #000000;\">Pers\u00f6nliche Zugeh\u00f6rigkeit<\/span><\/h3>\n<p><span style=\"color: #000000;\">Wir wertsch\u00e4tzen alle unsere Kunden und freuen uns \u00fcber diejenigen, die f\u00fcr uns werben, uns weiterempfehlen und so die Bekanntheit und Vorteile unserer Produkte verbreiten.<\/span><br \/>\n<span style=\"color: #000000;\">Unser pers\u00f6nliches Affiliate-Programm bietet einen Bonus von 20% des Gesamtkaufpreises als Belohnung f\u00fcr Ihre Verk\u00e4ufe. Wenn Sie uns als Affiliate beitreten m\u00f6chten, erhalten Sie einen exklusiven pers\u00f6nlichen Link direkt zu unserem Online-Shop, wo Sie beginnen k\u00f6nnen, Ihren 20%-Bonus zu verdienen. Ihre Provision wird berechnet und monatlich per Bank\u00fcberweisung ausgezahlt.<\/span><\/p>\n<h3><span style=\"color: #000000;\">Gro\u00dfhandels-Affiliation<\/span><\/h3>\n<p><span style=\"color: #000000;\">Dies ist eine gro\u00dfartige Gelegenheit f\u00fcr Einzelh\u00e4ndler. Wir bieten einen Rabatt von 35% f\u00fcr Gro\u00dfhandelsk\u00e4ufe, beginnend bei einem Mindesteinkauf von 20 Produkten. Abh\u00e4ngig von der Menge der Eink\u00e4ufe, die Sie planen, besteht die M\u00f6glichkeit eines h\u00f6heren Gro\u00dfhandelsrabatts. Gerne besprechen wir Ihren m\u00f6glichen erh\u00f6hten Bonus individuell.<\/span><\/p>\n<h3><span style=\"color: #000000;\">White-Label-Dropshipping<\/span><\/h3>\n<p><span style=\"color: #000000;\">Wir bieten White-Label-Dropshipping an und freuen uns \u00fcber die M\u00f6glichkeit, mit Ihnen zusammenzuarbeiten, damit Ihre Kunden unsere Produkte unter Ihrem Markennamen genie\u00dfen k\u00f6nnen. Wir befreien Sie von der Logistik der Herstellung und des Versands und geben Ihnen stattdessen Zeit, Ihre Produkte zu vermarkten und die Fr\u00fcchte jedes Verkaufs zu ernten.<\/span><br \/>\n<span style=\"color: #000000;\">Wir wissen, dass die weltweite Nachfrage nach unseren Produkten zunimmt. Wir arbeiten bereits seit einiger Zeit mit einer Organisation im Nahen Osten zusammen, die ihre Produkte problemlos vermarkten kann und uns die Herstellung, Etikettierung und den Versand \u00fcberl\u00e4sst.<\/span><br \/>\n<span style=\"color: #000000;\">Wir bieten einen Rabattcode 30% an, der f\u00fcr jeden Einkauf verwendet werden kann. Ihr Kunde bezahlt Sie auf die \u00fcbliche Weise. Anschlie\u00dfend geben Sie die Bestellung auf unserer Website unter Angabe der Zieladresse auf. Beim Bezahlvorgang geben Sie Ihren Rabattcode ein, der automatisch den Rabatt 30% anwendet. Den Rest erledigen wir. Wir versenden die Produkte direkt an Ihren Kunden.<\/span><br \/>\n<span style=\"color: #000000;\">Um die Qualit\u00e4t zu gew\u00e4hrleisten, muss Ihr Etikettendesign den spezifischen Abmessungen unserer Produkte entsprechen. Wir arbeiten mit einer vertrauensw\u00fcrdigen Druckerei zusammen, die hochwertige Vinyldrucke produziert. Ihre Etiketten werden von Ihrer Organisation bezahlt und von uns in Ihrem Namen beschafft. Ihre Markenetiketten werden auf unsere Produkte aufgebracht und nach Erhalt Ihrer Zahlung und Bestelldaten an Ihre Kunden versandt.<\/span><br \/>\n<span style=\"color: #000000;\">Alternativ k\u00f6nnen Sie, wenn Sie eigene Etiketten beschaffen m\u00f6chten, diese per Post an uns senden und wir bringen sie auf den Produkten an, bevor wir die Bestellung verpacken und versenden.<\/span><\/p>\n<h3><span style=\"color: #000000;\">Wenn Sie weitere Informationen w\u00fcnschen oder eine dieser spannenden M\u00f6glichkeiten nutzen m\u00f6chten, w\u00fcrden wir uns freuen, von Ihnen zu h\u00f6ren:<\/span><\/h3>\n<h3><span style=\"color: #000000;\">Email<\/span>: info@laubeholistic.com <span style=\"color: #000000;\">Bitte verwenden Sie den Betreff \u201eAffiliation\u201c<\/span><\/h3>","protected":false},"excerpt":{"rendered":"<p>Affiliation Programs Personal Affiliation We value all our clients and we appreciate those who promote and recommend us, spreading the awareness and benefits of our products. Our Personal Affiliation offers a bonus of 20% of the total purchase price as reward for your sales. If you would like to join us as an affiliate, you [&#8230;]\n","protected":false},"author":34,"featured_media":0,"parent":0,"menu_order":0,"comment_status":"closed","ping_status":"closed","template":"","meta":{"ngg_post_thumbnail":0,"footnotes":""},"class_list":["post-7386","page","type-page","status-publish","hentry"],"_links":{"self":[{"href":"https:\/\/laubeholistic.com\/de\/wp-json\/wp\/v2\/pages\/7386","targetHints":{"allow":["GET"]}}],"collection":[{"href":"https:\/\/laubeholistic.com\/de\/wp-json\/wp\/v2\/pages"}],"about":[{"href":"https:\/\/laubeholistic.com\/de\/wp-json\/wp\/v2\/types\/page"}],"author":[{"embeddable":true,"href":"https:\/\/laubeholistic.com\/de\/wp-json\/wp\/v2\/users\/34"}],"replies":[{"embeddable":true,"href":"https:\/\/laubeholistic.com\/de\/wp-json\/wp\/v2\/comments?post=7386"}],"version-history":[{"count":11,"href":"https:\/\/laubeholistic.com\/de\/wp-json\/wp\/v2\/pages\/7386\/revisions"}],"predecessor-version":[{"id":16055,"href":"https:\/\/laubeholistic.com\/de\/wp-json\/wp\/v2\/pages\/7386\/revisions\/16055"}],"wp:attachment":[{"href":"https:\/\/laubeholistic.com\/de\/wp-json\/wp\/v2\/media?parent=7386"}],"curies":[{"name":"wp","href":"https:\/\/api.w.org\/{rel}","templated":true}]}}