{"id":7230,"date":"2021-03-04T10:17:43","date_gmt":"2021-03-04T10:17:43","guid":{"rendered":"https:\/\/laubeholistic.com\/?page_id=7230"},"modified":"2021-03-04T11:05:28","modified_gmt":"2021-03-04T11:05:28","slug":"how-to-order","status":"publish","type":"page","link":"https:\/\/laubeholistic.com\/de\/how-to-order\/","title":{"rendered":"Wie man bestellt"},"content":{"rendered":"<h3>Bestellvorgang<\/h3>\n<p>Wenn Sie eine Bestellung aufgeben m\u00f6chten, gehen Sie folgenderma\u00dfen vor:<\/p>\n<h3>Schritt 1<\/h3>\n<p>Setze das <a href=\"https:\/\/laubeholistic.com\/de\/shop\/\" target=\"_blank\" rel=\"noopener\">PRODUKTE <\/a>im Warenkorb. Die auf der Website angezeigten Preise verstehen sich inklusive Mehrwertsteuer.<br \/>\nBitte beachten Sie, dass Sets g\u00fcnstiger sind als die Einzelbestellung gleicher Produkte.<br \/>\nWir bieten auch erm\u00e4\u00dfigte Preise f\u00fcr 3er- und 5er-Sets an.<br \/>\n<img loading=\"lazy\" decoding=\"async\" class=\"aligncenter wp-image-7234 size-full\" src=\"https:\/\/laubeholistic.com\/wp-content\/uploads\/add_to_cart.png\" alt=\"\" width=\"647\" height=\"162\" srcset=\"https:\/\/laubeholistic.com\/wp-content\/uploads\/add_to_cart.png 647w, https:\/\/laubeholistic.com\/wp-content\/uploads\/add_to_cart-300x75.png 300w, https:\/\/laubeholistic.com\/wp-content\/uploads\/add_to_cart-16x4.png 16w, https:\/\/laubeholistic.com\/wp-content\/uploads\/add_to_cart-510x128.png 510w\" sizes=\"auto, (max-width: 647px) 100vw, 647px\" \/><\/p>\n<h3>Schritt 2<\/h3>\n<p>Sobald Sie die Produkte hinzugef\u00fcgt haben, gehen Sie zum Warenkorb und w\u00e4hlen Sie \u201eZur Kasse gehen\u201c.<br \/>\n<img loading=\"lazy\" decoding=\"async\" class=\"aligncenter wp-image-7235 size-large\" src=\"https:\/\/laubeholistic.com\/wp-content\/uploads\/proceed-to-checkout-1024x407.png\" alt=\"\" width=\"1020\" height=\"405\" srcset=\"https:\/\/laubeholistic.com\/wp-content\/uploads\/proceed-to-checkout-1024x407.png 1024w, https:\/\/laubeholistic.com\/wp-content\/uploads\/proceed-to-checkout-300x119.png 300w, https:\/\/laubeholistic.com\/wp-content\/uploads\/proceed-to-checkout-768x305.png 768w, https:\/\/laubeholistic.com\/wp-content\/uploads\/proceed-to-checkout-16x6.png 16w, https:\/\/laubeholistic.com\/wp-content\/uploads\/proceed-to-checkout-510x203.png 510w, https:\/\/laubeholistic.com\/wp-content\/uploads\/proceed-to-checkout.png 1088w\" sizes=\"auto, (max-width: 1020px) 100vw, 1020px\" \/><\/p>\n<h3>Schritt 3<\/h3>\n<p>Sie werden nun zu einem neuen Bildschirm weitergeleitet, wo Sie Ihre Kontakt- und Lieferdetails eingeben k\u00f6nnen.<\/p>\n<ol>\n<li>W\u00e4hle dein Land<\/li>\n<li>Geben Sie die Postleitzahl ein<\/li>\n<li>W\u00e4hlen Sie eine Bezahlungsart<\/li>\n<li>\u00dcberpr\u00fcfen Sie Ihre Bestellung<\/li>\n<\/ol>\n<p><img loading=\"lazy\" decoding=\"async\" class=\"aligncenter wp-image-7236 size-large\" style=\"color: #555555; font-size: 14.4px;\" src=\"https:\/\/laubeholistic.com\/wp-content\/uploads\/order-1024x729.png\" alt=\"\" width=\"1020\" height=\"726\" srcset=\"https:\/\/laubeholistic.com\/wp-content\/uploads\/order-1024x729.png 1024w, https:\/\/laubeholistic.com\/wp-content\/uploads\/order-300x213.png 300w, https:\/\/laubeholistic.com\/wp-content\/uploads\/order-768x547.png 768w, https:\/\/laubeholistic.com\/wp-content\/uploads\/order-16x12.png 16w, https:\/\/laubeholistic.com\/wp-content\/uploads\/order-510x363.png 510w, https:\/\/laubeholistic.com\/wp-content\/uploads\/order.png 1082w\" sizes=\"auto, (max-width: 1020px) 100vw, 1020px\" \/><\/p>\n<p>Wenn Sie mit der Bestellung und den Allgemeinen Gesch\u00e4ftsbedingungen einverstanden sind, klicken Sie auf \u201eIch stimme den Allgemeinen Gesch\u00e4ftsbedingungen der Website zu\u201c und dr\u00fccken Sie die Schaltfl\u00e4che \u201eBestellung aufgeben\u201c.<\/p>\n<p>Als n\u00e4chstes durchlaufen Sie den Zahlungsvorgang. Denken Sie daran, dass Sie Ihre Bestellung bis zum letzten Moment noch stornieren k\u00f6nnen. Die Vorbereitung der Bestellung dauert 2 bis 3 Tage. In diesem Zeitraum k\u00f6nnen Sie eine vollst\u00e4ndige R\u00fcckerstattung anfordern und Ihre Bestellung stornieren.<\/p>\n<h3><b>Bitte beachten Sie, dass wir den Versand Ihrer Bestellung nicht mehr stornieren oder r\u00fcckg\u00e4ngig machen k\u00f6nnen, sobald diese verschickt wurde.<\/b><\/h3>\n<p>Wir empfehlen Ihnen, sich so schnell wie m\u00f6glich mit uns in Verbindung zu setzen, damit die Ware nicht verschickt wird, falls Sie Ihre Meinung \u00e4ndern. Sobald Ihre Bestellung aufgegeben wurde, werden wir alles tun, um Ihre Ware so schnell wie m\u00f6glich auszuliefern.<\/p>","protected":false},"excerpt":{"rendered":"<p>Ordering procedure If you want to place an order, you proceed the following steps: Step 1 Place the PRODUCTS in the shopping cart. The prices shown on the website include VAT. Please pay attention that Sets comes discounted than if you order separate same products. We also have discounted prices for 3x and 5x sets. [&#8230;]\n","protected":false},"author":34,"featured_media":0,"parent":0,"menu_order":0,"comment_status":"closed","ping_status":"closed","template":"","meta":{"ngg_post_thumbnail":0,"footnotes":""},"class_list":["post-7230","page","type-page","status-publish","hentry"],"_links":{"self":[{"href":"https:\/\/laubeholistic.com\/de\/wp-json\/wp\/v2\/pages\/7230","targetHints":{"allow":["GET"]}}],"collection":[{"href":"https:\/\/laubeholistic.com\/de\/wp-json\/wp\/v2\/pages"}],"about":[{"href":"https:\/\/laubeholistic.com\/de\/wp-json\/wp\/v2\/types\/page"}],"author":[{"embeddable":true,"href":"https:\/\/laubeholistic.com\/de\/wp-json\/wp\/v2\/users\/34"}],"replies":[{"embeddable":true,"href":"https:\/\/laubeholistic.com\/de\/wp-json\/wp\/v2\/comments?post=7230"}],"version-history":[{"count":7,"href":"https:\/\/laubeholistic.com\/de\/wp-json\/wp\/v2\/pages\/7230\/revisions"}],"predecessor-version":[{"id":7241,"href":"https:\/\/laubeholistic.com\/de\/wp-json\/wp\/v2\/pages\/7230\/revisions\/7241"}],"wp:attachment":[{"href":"https:\/\/laubeholistic.com\/de\/wp-json\/wp\/v2\/media?parent=7230"}],"curies":[{"name":"wp","href":"https:\/\/api.w.org\/{rel}","templated":true}]}}