{"id":7178,"date":"2021-02-23T23:09:48","date_gmt":"2021-02-23T23:09:48","guid":{"rendered":"https:\/\/laubeholistic.com\/?page_id=7178"},"modified":"2023-04-24T14:42:19","modified_gmt":"2023-04-24T14:42:19","slug":"about","status":"publish","type":"page","link":"https:\/\/laubeholistic.com\/de\/about\/","title":{"rendered":"\u00dcber uns"},"content":{"rendered":"<h3>\u00dcber uns<\/h3>\n<p>Anfang 2008 h\u00f6rte ich zuf\u00e4llig, wie mein Vater mit einem seiner Arbeitskollegen telefonierte. Mein Vater schien von dem Gespr\u00e4ch \u00fcberrascht und verbl\u00fcfft zu sein. Ich war fasziniert, besonders als ich meinen Vater sagen h\u00f6rte: \u201eUnd sie ist nach NUR SIEBEN TAGEN aus dem Rollstuhl aufgestanden?\u201c, gefolgt von \u201eMein Gott \u2026 ich kann es nicht glauben.\u201c<\/p>\n<p>Ich kann mich noch genau an diesen Moment erinnern. Er hat sich tief in mein Ged\u00e4chtnis eingepr\u00e4gt.<\/p>\n<p>Nach diesem revolution\u00e4ren Telefonat bat mich mein Vater, ihm beim Online-Kauf eines bestimmten Buches zu helfen, das ihm w\u00e4hrend seines denkw\u00fcrdigen Telefonats empfohlen worden war. Das Buch handelte von einem Mann, der zuf\u00e4llig eine bahnbrechende Entdeckung gemacht hatte. Er hatte seine Behandlung eingesetzt, um einen Menschen vollst\u00e4ndig von einer der gr\u00f6\u00dften Todesursachen zu heilen. Diese Todesursache hei\u00dft Malaria.<\/p>\n<p>Der Arbeitskollege, mit dem mein Vater am Telefon sprach, litt nicht an Malaria. Es ging eigentlich um seine Frau. Sie war viele Jahre lang an einen Rollstuhl gefesselt und litt an chronischer Arthritis. Der Arbeitskollege hatte von einem Mann geh\u00f6rt, der eine sehr wirksame und kosteng\u00fcnstige Behandlung f\u00fcr eine Reihe von Beschwerden entdeckt hatte. Der Arbeitskollege kaufte etwas von diesem Mittel und behandelte damit seine Frau. Wie Sie vielleicht schon erraten haben, funktionierte die Behandlung. Nach nur sieben Tagen konnte seine Frau aufstehen und aus ihrem Rollstuhl gehen.<\/p>\n<p>Nachdem mein Vater das Buch erhalten und gelesen hatte, war ich fest entschlossen, es auch zu lesen. Ich wollte mehr wissen.<\/p>\n<p>Ich habe das Buch innerhalb von drei Tagen gelesen. Das Ergebnis dieser Zeit war die Geburt einer Motivation und eines Antriebs in mir. Ich f\u00fchlte mich verpflichtet, so vielen Menschen wie m\u00f6glich von den Entdeckungen des Autors zu erz\u00e4hlen. Sein Name war Jim Humble. Ich wollte, dass andere wissen, wie sie sich selbst wirksam und sicher behandeln k\u00f6nnen, ohne viel Geld auszugeben. Sie k\u00f6nnten sogar ihr Leben oder das eines geliebten Menschen retten!<\/p>\n<p>In den darauffolgenden Jahren f\u00fchrten zahllose Stunden des Lernens und Forschens zur Entwicklung zahlreicher weiterer lebensver\u00e4ndernder Behandlungen und L\u00f6sungen, die alle auf der Website angeboten werden, die Sie gerade aufrufen.<\/p>\n<p>Bis heute haben unsere Produkte und Beratung Tausenden von Menschen geholfen, sich von schweren und lebensbedrohlichen Erkrankungen zu erholen und ihre Gesundheit und ihr Wohlbefinden zu verbessern.<\/p>\n<p>Und wir sind noch lange nicht bereit, aufzuh\u00f6ren!<\/p>\n<p>Aber seien Sie unbesorgt: Nicht jeder ist daf\u00fcr, anderen auf die oben beschriebene Weise zu helfen. Es gibt Einzelpersonen und Organisationen, die eine andere Agenda haben, wenn es um die Gesundheit anderer geht. Wir haben jedoch eine sehr positive Einstellung. Wenn Sie es satt haben, krank zu sein, und vielleicht sogar die konventionelle moderne Medizin aufgegeben haben, k\u00f6nnen wir Ihnen vielleicht eine dritte Meinung geben \ud83d\ude09<\/p>\n<h3>Vielen Dank f\u00fcr Ihr Interesse an The Laube Holistic Health Solutions. Bitte z\u00f6gern Sie nicht, uns zu kontaktieren, wenn Sie weitere Informationen oder Beratung ben\u00f6tigen.<\/h3>\n<h3>Tobias Laube<\/h3>","protected":false},"excerpt":{"rendered":"<p>About us At the beginning of 2008, I overheard my father talking on the phone with one of his work colleagues. My father seemed surprised and amazed by the conversation. I couldn\u2019t fail to be intrigued, particularly when I heard my father say \u201cand she just got up from the wheelchair after ONLY SEVEN DAYS?\u201d [&#8230;]\n","protected":false},"author":34,"featured_media":0,"parent":0,"menu_order":0,"comment_status":"closed","ping_status":"closed","template":"","meta":{"ngg_post_thumbnail":0,"footnotes":""},"class_list":["post-7178","page","type-page","status-publish","hentry"],"_links":{"self":[{"href":"https:\/\/laubeholistic.com\/de\/wp-json\/wp\/v2\/pages\/7178","targetHints":{"allow":["GET"]}}],"collection":[{"href":"https:\/\/laubeholistic.com\/de\/wp-json\/wp\/v2\/pages"}],"about":[{"href":"https:\/\/laubeholistic.com\/de\/wp-json\/wp\/v2\/types\/page"}],"author":[{"embeddable":true,"href":"https:\/\/laubeholistic.com\/de\/wp-json\/wp\/v2\/users\/34"}],"replies":[{"embeddable":true,"href":"https:\/\/laubeholistic.com\/de\/wp-json\/wp\/v2\/comments?post=7178"}],"version-history":[{"count":7,"href":"https:\/\/laubeholistic.com\/de\/wp-json\/wp\/v2\/pages\/7178\/revisions"}],"predecessor-version":[{"id":12356,"href":"https:\/\/laubeholistic.com\/de\/wp-json\/wp\/v2\/pages\/7178\/revisions\/12356"}],"wp:attachment":[{"href":"https:\/\/laubeholistic.com\/de\/wp-json\/wp\/v2\/media?parent=7178"}],"curies":[{"name":"wp","href":"https:\/\/api.w.org\/{rel}","templated":true}]}}