{"id":679,"date":"2014-09-15T14:47:20","date_gmt":"2014-03-03T17:32:07","guid":{"rendered":"https:\/\/laubeholistic.com\/?page_id=679"},"modified":"2022-04-05T12:13:20","modified_gmt":"2022-04-05T12:13:20","slug":"purifying-water","status":"publish","type":"page","link":"https:\/\/laubeholistic.com\/de\/purifying-water\/","title":{"rendered":"Wasserreinigung"},"content":{"rendered":"<p><strong><span style=\"font-size: x-large;\">Der <\/span><\/strong><strong><span style=\"font-size: x-large;\"><em>\u201eReines Wasser-Set\u201c<\/em><\/span><\/strong> \u2013 das erzeugt <span style=\"font-size: large;\"><strong>- Chlordioxid- <\/strong><\/span><span style=\"font-size: large;\"><strong>ist die beste bekannte Chemikalie zur Wasseraufbereitung<\/strong><\/span> und ist \u00e4u\u00dferst n\u00fctzlich, wenn Sie ins Ausland oder sogar an einen Ort in den Vereinigten Staaten reisen, wo eine Wasseraufbereitung m\u00f6glicherweise notwendig ist.<\/p>\n<a class=\"maxbutton-3 maxbutton maxbutton-pure-water-kit-button\" href=\"http:\/\/laubeholistic.com\/de\/shop\/ams-pure-water-kit-the-water-purification-solution\/\"><span class='mb-text'>Zum Produkt<\/span><\/a>\n<p><strong>Der &quot;<em>Reinwasser-Kit<\/em>\u201e\u201c ist ein kleines und praktisches Set aus zwei Flaschen, das in jede Tasche passt und die sicherste und effizienteste Art darstellt, Wasser zu reinigen und trinkbar zu machen.<\/strong><\/p>\n<p><span style=\"text-decoration: underline;\">Wie kann das <span style=\"font-size: large;\">\u201e<strong><span style=\"font-size: medium;\">Reinwasser-Kit<\/span><\/strong>\u201d<\/span>&nbsp; <strong><span style=\"font-size: x-large;\">dir helfen<\/span><\/strong> und selbst <strong><span style=\"font-size: x-large;\">SPEICHERN<\/span><\/strong> dein Leben?<\/span><a href=\"https:\/\/laubeholistic.com\/wp-content\/uploads\/2014\/03\/SuperStock_1758R-3706.jpg\"><img loading=\"lazy\" decoding=\"async\" class=\"wp-image-681 alignright\" src=\"https:\/\/laubeholistic.com\/wp-content\/uploads\/2014\/03\/SuperStock_1758R-3706-300x300.jpg\" alt=\"Man drinking water from river with skeleton kneeling beside him\" width=\"192\" height=\"192\" srcset=\"https:\/\/laubeholistic.com\/wp-content\/uploads\/2014\/03\/SuperStock_1758R-3706-300x300.jpg 300w, https:\/\/laubeholistic.com\/wp-content\/uploads\/2014\/03\/SuperStock_1758R-3706-100x100.jpg 100w, https:\/\/laubeholistic.com\/wp-content\/uploads\/2014\/03\/SuperStock_1758R-3706-150x150.jpg 150w, https:\/\/laubeholistic.com\/wp-content\/uploads\/2014\/03\/SuperStock_1758R-3706.jpg 350w\" sizes=\"auto, (max-width: 192px) 100vw, 192px\" \/><\/a><\/p>\n<p>Wenn Sie sich in der freien Natur aufhalten, im Wald campen oder in Regionen der Welt reisen m\u00f6chten, in denen Sie nicht auf sauberes Trinkwasser angewiesen sind, m\u00f6chten Sie, dass die Versicherung daf\u00fcr sorgt, dass das Wasser f\u00fcr Sie sicher und trinkbar ist und Sie sich keine gef\u00e4hrlichen Parasiten oder Bakterien einfangen.<\/p>\n<p>Ob in der Freizeit oder beim Erkunden der Natur: Wenn es um Trinkwasser geht, m\u00f6chten Sie absolut sicher sein, dass Ihr Wasser nicht verunreinigt und voller Bakterien, Viren oder Parasiten ist, die schwere Krankheiten und gesundheitliche Probleme verursachen k\u00f6nnen.<\/p>\n<p><strong><span style=\"font-size: large;\">Sie ben\u00f6tigen ein zuverl\u00e4ssiges Wasseraufbereitungsset!<\/span><\/strong><\/p>\n<a class=\"maxbutton-3 maxbutton maxbutton-pure-water-kit-button\" href=\"http:\/\/laubeholistic.com\/de\/shop\/ams-pure-water-kit-the-water-purification-solution\/\"><span class='mb-text'>Zum Produkt<\/span><\/a>\n<p><a href=\"https:\/\/laubeholistic.com\/wp-content\/uploads\/2014\/03\/57695_collecting-creek-water_jfxeaqbh63vorhnrwcs4oomcjtncurxrbvj6lwuht2ya6mzmafma_610x457.jpg\"><img loading=\"lazy\" decoding=\"async\" class=\"wp-image-683 alignright\" src=\"https:\/\/laubeholistic.com\/wp-content\/uploads\/2014\/03\/57695_collecting-creek-water_jfxeaqbh63vorhnrwcs4oomcjtncurxrbvj6lwuht2ya6mzmafma_610x457-300x195.jpg\" alt=\"57695_collecting-creek-water_jfxeaqbh63vorhnrwcs4oomcjtncurxrbvj6lwuht2ya6mzmafma_610x457\" width=\"248\" height=\"161\" srcset=\"https:\/\/laubeholistic.com\/wp-content\/uploads\/2014\/03\/57695_collecting-creek-water_jfxeaqbh63vorhnrwcs4oomcjtncurxrbvj6lwuht2ya6mzmafma_610x457-300x195.jpg 300w, https:\/\/laubeholistic.com\/wp-content\/uploads\/2014\/03\/57695_collecting-creek-water_jfxeaqbh63vorhnrwcs4oomcjtncurxrbvj6lwuht2ya6mzmafma_610x457-510x332.jpg 510w, https:\/\/laubeholistic.com\/wp-content\/uploads\/2014\/03\/57695_collecting-creek-water_jfxeaqbh63vorhnrwcs4oomcjtncurxrbvj6lwuht2ya6mzmafma_610x457.jpg 591w\" sizes=\"auto, (max-width: 248px) 100vw, 248px\" \/><\/a><\/p>\n<p>Nach Naturkatastrophen und in Notsituationen kommt es vor, dass nicht gen\u00fcgend Brennstoff zum Wasserkochen vorhanden ist oder kein geeigneter Beh\u00e4lter zur Verf\u00fcgung steht, den man \u00fcber eine offene Flamme stellen kann.<br \/>\nIm Falle eines echten Endes der organisierten Gesellschaft oder auch nur bei St\u00f6rungen der Lieferketten werden keine Ersatzwasserfilter mehr verf\u00fcgbar sein und die Vorr\u00e4te an Desinfektionschemikalien werden verschwinden.<br \/>\nSogar <span style=\"text-decoration: underline;\">Backup-Quellen<\/span> Wasser m\u00fcssen desinfiziert werden.<\/p>\n<p>&nbsp;<\/p>\n<p><strong><span style=\"text-decoration: underline; font-size: medium;\">Die praktischen Aspekte der <span style=\"font-size: large;\">\u201eReines Wasser-Set\u201c<\/span> Sind:<\/span><\/strong><\/p>\n<ul>\n<li>Es passt in jede Tasche oder Hosentasche.<\/li>\n<li>Es ist einfach und schnell zu verwenden mit einem einfachen Tropfenverh\u00e4ltnis von 1:1<\/li>\n<li>Es ist preiswert und langlebig.<\/li>\n<li>Zur einfachen Dosierung sind im Kit Pipetten enthalten.<\/li>\n<li>Im Gegensatz zu den meisten Tabletten verliert das \u201ePure Water Kit\u201c nach Ablauf des Verfallsdatums nicht so stark an Wirkung.<\/li>\n<li>Die Reinigungsl\u00f6sung (Chlordioxid), die Sie mit dem \u201ePure Water Kit\u201c herstellen, ist das wirksamste bekannte Oxidationsmittel und Mittel zur Abt\u00f6tung von Krankheitserregern auf der Welt!<\/li>\n<\/ul>\n<a class=\"maxbutton-3 maxbutton maxbutton-pure-water-kit-button\" href=\"http:\/\/laubeholistic.com\/de\/shop\/ams-pure-water-kit-the-water-purification-solution\/\"><span class='mb-text'>Zum Produkt<\/span><\/a>\n<p>&nbsp;<\/p>\n<p><strong><span style=\"font-size: 120%;\">Lassen Sie sich nicht verwirren \u2013 Chlordioxid ist <span style=\"text-decoration: underline;\">NEIN<\/span>t Chlor und ist <span style=\"text-decoration: underline;\">nicht<\/span> Bleichen!!!<\/span><\/strong><\/p>\n<p>Obwohl das Wort <span style=\"text-decoration: underline;\">Chlor<\/span> ist im Namen, es ist sehr di<a style=\"font-size: 14.4px;\" href=\"https:\/\/laubeholistic.com\/wp-content\/uploads\/2014\/03\/clean-water-drop.jpg\"><img loading=\"lazy\" decoding=\"async\" class=\"wp-image-685 alignright\" src=\"https:\/\/laubeholistic.com\/wp-content\/uploads\/2014\/03\/clean-water-drop-300x199.jpg\" alt=\"clean-water-drop\" width=\"240\" height=\"159\" srcset=\"https:\/\/laubeholistic.com\/wp-content\/uploads\/2014\/03\/clean-water-drop-300x199.jpg 300w, https:\/\/laubeholistic.com\/wp-content\/uploads\/2014\/03\/clean-water-drop-510x340.jpg 510w, https:\/\/laubeholistic.com\/wp-content\/uploads\/2014\/03\/clean-water-drop-600x400.jpg 600w, https:\/\/laubeholistic.com\/wp-content\/uploads\/2014\/03\/clean-water-drop.jpg 800w\" sizes=\"auto, (max-width: 240px) 100vw, 240px\" \/><\/a>unterscheidet sich von gew\u00f6hnlichem Clorox-Bleichmittel (Natriumhypochlorit) oder Schwimmbeckenchlor, bei denen es sich um Gifte handelt, die als krebserregend bekannt sind.<br \/>\n<strong>Chlordioxid<\/strong> wirkt anders als Chlor und Natriumhypochlorit, da es die Krankheitserreger zerst\u00f6rt <span style=\"text-decoration: underline;\">vollst\u00e4ndig<\/span> durch <strong>Oxidation<\/strong>und wird selbst in der Reaktion zerst\u00f6rt,<span style=\"text-decoration: underline;\"> nichts zur\u00fccklassen<\/span> sich ansammeln oder Nebenwirkungen hervorrufen. Die Nebenprodukte sind Speisesalz, freigesetzte Sauerstoffatome und Reste toter Krankheitserreger, die vom K\u00f6rper leicht entfernt werden k\u00f6nnen.<\/p>\n<p><strong>Haushaltsbleichmittel, Clorox oder Lejilla<\/strong> (wie es in Spanien hei\u00dft) \u2013 sind meistens alle <span style=\"text-decoration: underline;\">Natriumhypochlorit<\/span>. Diese Bleichmittel, die regelm\u00e4\u00dfig 5,25 bis 6 Prozent enthalten <em><strong>Natriumhypochlorit<\/strong><\/em>, l\u00e4sst nach und verliert seine Wirksamkeit ziemlich schnell nach, nachdem es ge\u00f6ffnet wurde, was es nicht nur gef\u00e4hrlich bei Einnahme macht, sondern es auch unpraktisch macht, es im Freien zu verwenden und sich auf einen Wasserreiniger zu verlassen, den Sie lange verwenden k\u00f6nnen.<br \/>\nDer <strong>\u201eReines Wasser-Set\u201c<\/strong> sind zwei Komponenten, der OXIDIZER und sein ACTIVATOR, die sich in zwei verschiedenen Flaschen befinden und leicht im Verh\u00e4ltnis 1:1 miteinander vermischt werden k\u00f6nnen, um <em><span style=\"text-decoration: underline;\"><strong>Chlordioxid.<\/strong><\/span><\/em><br \/>\nDies wird einfach dem Wasser hinzugef\u00fcgt, das Sie reinigen m\u00f6chten, damit es trinkbar ist.<\/p>\n<p><strong><span style=\"font-size: large;\">Ein bisschen mehr <span style=\"color: #0000ff;\">chemisch<\/span> Erkl\u00e4rung, warum \u201eChlordioxid\u201c und nicht nur \u201eChlor\u201c verwendet werden sollte.<\/span><\/strong><\/p>\n<p><span style=\"text-decoration: underline;\"><strong><span style=\"font-size: large;\">Wie Chlor oxidiert<\/span><\/strong><\/span><br \/>\nIch sollte erw\u00e4hnen, dass einige Arten der Oxidation etwas komplexer sind. Wenn beispielsweise Chlor eine Substanz oxidiert, nennen wir es <em>\u201eChlorierung\u201c<\/em> Der Grund daf\u00fcr ist, dass die Elektronen in der oxidierenden Substanz neu angeordnet werden und das Chlor sich mit dieser Substanz verbindet, wodurch neue Substanzen entstehen. Bei Verwendung von Chlor sind die neuen Substanzen \u2013 in manchen F\u00e4llen sogar in Wasseraufbereitungssystemen \u2013 tats\u00e4chlich krebserregend.<br \/>\nAbgesehen davon t\u00f6tet die Wasserbehandlung mit Chlor zwar Bakterien ab, jedoch nicht alle Viren.<\/p>\n<p><strong><span style=\"text-decoration: underline;\"><span style=\"font-size: large;\">Wie Chlordioxid oxidiert<\/span><\/span><\/strong><br \/>\nChlordioxid (ClO2) oxidiert nicht auf diese Weise. Es entzieht alle Elektronen und verbindet sich nie mit irgendetwas. Es wird dabei zerst\u00f6rt. Es handelt sich also um eine \u201esaubere Abt\u00f6tung\u201c und die zerst\u00f6rte Substanz und das ClO2 hinterlassen keine neuen chemischen Verbindungen. Chlor t\u00f6tet also, indem es neue Substanzen erzeugt, und Chlordioxid zerst\u00f6rt vollst\u00e4ndig und hinterl\u00e4sst keine neuen Substanzen. Die chemische Formel von Chlordioxid, ClO2, zeigt, dass es ein Chloratom, das ist Cl, und zwei Sauerstoffatome, das ist O2, hat.<\/p>\n<p>Chlordioxid ist das schw\u00e4chste der im K\u00f6rper verwendeten Oxidationsmittel. Es hat ein Oxidationspotential von nur 950 Millivolt (oder 0,95 Volt). Wenn die Elektronen in einem ClO2-Molek\u00fcl das Chloratom und die beiden Sauerstoffatome zusammenhalten, hat die Kombination einen v\u00f6llig anderen Charakter als Chlor- oder Sauerstoffatome allein. Die Kombination, die wir als Molek\u00fcl bezeichnen, hat einen Bedarf oder genauer gesagt eine Spannung, die 5 Elektronen aus bestimmten anderen Molek\u00fclen zieht. Wenn die Elektronen weggezogen werden, fliegen diese Molek\u00fcle auseinander. Man k\u00f6nnte meinen, dass diese Elektronen, wenn ein ClO2-Molek\u00fcl sie an sich zieht, seine Au\u00dfenschale st\u00e4rken w\u00fcrden, aber das ist nicht so. Stattdessen neutralisieren sie die ClO2-Au\u00dfenschale und auch dieses Molek\u00fcl fliegt auseinander. Das Chloratom wird zu einem Chloridatom (Kochsalz) und die beiden Sauerstoffatome werden entladen, bevor sie die Schale verlassen, sodass sie nur ein Molek\u00fcl Kohlenstoff einfangen und zu Kohlendioxid werden. Kohlendioxid ist das, was wir ausatmen.<\/p>\n<h3><strong><span style=\"font-size: medium;\">Holen Sie sich Ihr \u201ePure Water Kit\u201c <\/span><\/strong><\/h3>\n<table border=\"0\">\n<tbody>\n<tr>\n<td><p class=\"product woocommerce add_to_cart_inline\" style=\"border:4px solid #ccc; padding: 12px;\"><ins class=\"highlight\"><span class=\"woocommerce-Price-amount amount\"><bdi><span class=\"woocommerce-Price-currencySymbol\">\u20ac<\/span>18.00<\/bdi><\/span><\/ins><a href=\"https:\/\/laubeholistic.com\/de\/shop\/ams-pure-water-kit-the-water-purification-solution\/\" aria-describedby=\"woocommerce_loop_add_to_cart_link_describedby_625\" data-quantity=\"1\" class=\"button product_type_variable add_to_cart_button\" data-product_id=\"625\" data-product_sku=\"PWK\" aria-label=\"Optionen f\u00fcr \u201eThe Pure Water Kit - Water Purification Solution\u201c ausw\u00e4hlen\" rel=\"nofollow\" data-no-translation=\"\" data-trp-gettext=\"\" data-no-translation-aria-label=\"\">Optionen w\u00e4hlen<\/a>\t<span id=\"woocommerce_loop_add_to_cart_link_describedby_625\" class=\"screen-reader-text\">\n\t\tDieses Produkt hat mehrere Varianten. Die Optionen k\u00f6nnen auf der Produktseite ausgew\u00e4hlt werden\t<\/span>\n<\/p><\/td>\n<\/tr>\n<\/tbody>\n<\/table>\n<p>&nbsp;<\/p>","protected":false},"excerpt":{"rendered":"<p>The \u201cPure Water Kit\u201d \u2013 that produces &#8211; Chlorine Dioxide- is the best water purification chemical known and is extremely useful when you travel to foreign countries or even anywhere in the United State where water purification is maybe necessary. &nbsp;&nbsp;&nbsp;&nbsp;&nbsp;&nbsp;&nbsp;&nbsp;&nbsp;&nbsp;&nbsp;&nbsp;&nbsp;&nbsp;&nbsp;&nbsp;&nbsp;&nbsp;&nbsp;&nbsp;&nbsp;&nbsp;&nbsp;&nbsp;&nbsp;&nbsp;&nbsp;&nbsp;&nbsp;&nbsp;&nbsp;&nbsp;&nbsp;&nbsp;&nbsp;&nbsp;&nbsp;&nbsp; The \u201cPure Water Kit\u201d is a small and convenient Set of two Bottles that [&#8230;]\n","protected":false},"author":34,"featured_media":0,"parent":0,"menu_order":0,"comment_status":"open","ping_status":"open","template":"","meta":{"ngg_post_thumbnail":0,"footnotes":""},"class_list":["post-679","page","type-page","status-publish","hentry"],"_links":{"self":[{"href":"https:\/\/laubeholistic.com\/de\/wp-json\/wp\/v2\/pages\/679","targetHints":{"allow":["GET"]}}],"collection":[{"href":"https:\/\/laubeholistic.com\/de\/wp-json\/wp\/v2\/pages"}],"about":[{"href":"https:\/\/laubeholistic.com\/de\/wp-json\/wp\/v2\/types\/page"}],"author":[{"embeddable":true,"href":"https:\/\/laubeholistic.com\/de\/wp-json\/wp\/v2\/users\/34"}],"replies":[{"embeddable":true,"href":"https:\/\/laubeholistic.com\/de\/wp-json\/wp\/v2\/comments?post=679"}],"version-history":[{"count":29,"href":"https:\/\/laubeholistic.com\/de\/wp-json\/wp\/v2\/pages\/679\/revisions"}],"predecessor-version":[{"id":10244,"href":"https:\/\/laubeholistic.com\/de\/wp-json\/wp\/v2\/pages\/679\/revisions\/10244"}],"wp:attachment":[{"href":"https:\/\/laubeholistic.com\/de\/wp-json\/wp\/v2\/media?parent=679"}],"curies":[{"name":"wp","href":"https:\/\/api.w.org\/{rel}","templated":true}]}}