{"id":6716,"date":"2020-11-23T20:33:17","date_gmt":"2020-11-23T20:33:17","guid":{"rendered":"https:\/\/laubeholistic.com\/?page_id=6716"},"modified":"2023-10-11T16:33:03","modified_gmt":"2023-10-11T16:33:03","slug":"testimonials","status":"publish","type":"page","link":"https:\/\/laubeholistic.com\/de\/testimonials\/","title":{"rendered":"Referenzen"},"content":{"rendered":"<div class=\"message-box relative dark\" style=\"padding-top:15px;padding-bottom:15px;\"><div class=\"message-box-bg-image bg-fill fill\" ><\/div><div class=\"message-box-bg-overlay bg-fill fill\" ><\/div><div class=\"container relative\"><div class=\"inner last-reset\">\n<div class=\"row align-middle align-center\"  id=\"row-907419752\">\n\n\t<div id=\"col-77653638\" class=\"col medium-9 small-12 large-9\"  >\n\t\t\t\t<div class=\"col-inner\"  >\n\t\t\t\n\t\t\t\n<p>Erhalten Sie bis zu 20% Rabatt.<\/p>\n<p>Wir danken unseren Kunden, die uns ihre Erfahrungen mit unseren Produkten mitteilen. Wenn Sie hier Ihre Erfahrungs- oder Erfolgsgeschichte ver\u00f6ffentlichen oder an uns senden, erhalten Sie <strong>Empfange 10%<\/strong> Rabatt auf Ihre n\u00e4chste Bestellung. Wenn Sie uns ein kurzes Video-Testimonial senden, in dem Sie Ihre Erfolgsgeschichte mit einem unserer Produkte erkl\u00e4ren, k\u00f6nnen Sie<strong> Empfangen Sie bis zu 20%<\/strong> Rabatt auf Ihre n\u00e4chste Bestellung.<br \/>\nEinige davon haben wir hier f\u00fcr Sie ver\u00f6ffentlicht. Teilen Sie uns gerne Ihre Erfahrungen mit.<\/p>\n\t\t<\/div>\n\t\t\t\t\t<\/div>\n\n\t\n\n\t<div id=\"col-420415192\" class=\"col medium-2 small-12 large-2\"  >\n\t\t\t\t<div class=\"col-inner text-center\"  >\n\t\t\t\n\t\t\t\n<p>&nbsp;<\/p>\n\t\t<\/div>\n\t\t\t\t\t<\/div>\n\n\t\n<\/div>\n<\/div><\/div><\/div>\n<div class=\"strong-view strong-view-id-1 default wpmtst-default\" data-count=\"5\"><div class=\"strong-content strong-normal columns-1\"><div class=\"wpmtst-testimonial testimonial post-6687\"><div class=\"wpmtst-testimonial-inner testimonial-inner\"><h3 class=\"wpmtst-testimonial-heading testimonial-heading\">Jeder Haushalt auf der Welt w\u00fcrde sehr davon profitieren, etwas DMSO zu haben...<\/h3><div    class=\"wpmtst-testimonial-content testimonial-content\"><div class=\"wpmtst-testimonial-image testimonial-image\"><img loading=\"lazy\" decoding=\"async\" width=\"150\" height=\"150\" src=\"https:\/\/laubeholistic.com\/wp-content\/uploads\/2013\/05\/matthew_tshirt-150x150.jpg\" class=\"attachment-thumbnail size-thumbnail wp-post-image\" alt=\"Matthew Armstrong\" srcset=\"https:\/\/laubeholistic.com\/wp-content\/uploads\/2013\/05\/matthew_tshirt-150x150.jpg 150w, https:\/\/laubeholistic.com\/wp-content\/uploads\/2013\/05\/matthew_tshirt-247x247.jpg 247w, https:\/\/laubeholistic.com\/wp-content\/uploads\/2013\/05\/matthew_tshirt-100x100.jpg 100w\" sizes=\"auto, (max-width: 150px) 100vw, 150px\" \/><\/div><div class=\"maybe-clear\"><\/div><p>Zun\u00e4chst m\u00f6chte ich erw\u00e4hnen, dass es meiner Meinung nach f\u00fcr jeden Haushalt auf der Welt von gro\u00dfem Nutzen w\u00e4re, etwas DMSO, AMS und Vitamin C zur Verf\u00fcgung zu haben.<\/p><p><em>Als meine Familie letztes Jahr von einem starken Grippevirus heimgesucht wurde, nahmen wir regelm\u00e4\u00dfig eine Dosis AMS ein und erlebten eine sehr starke und sofortige Reinigung des K\u00f6rpers und eine Kl\u00e4rung des Geistes. Au\u00dferdem habe ich durch die t\u00e4gliche Einnahme von Vitamin C festgestellt, dass sich meine Stimmung hebt und ich mich morgens klarer und fr\u00f6hlicher f\u00fchle. Tobias hat mir immer sofort geholfen, wenn ich Fragen hatte, und mich mit guten Tipps zu seinen Produkten unterst\u00fctzt. Ich kann ihn und seine Gesundheitsl\u00f6sungen wirklich empfehlen.\u201d<\/em><\/p><p><img loading=\"lazy\" decoding=\"async\" class=\"size-full wp-image-430 alignnone\" src=\"https:\/\/laubeholistic.com\/wp-content\/uploads\/2013\/05\/signature_full.gif\" alt=\"Matt_Sig\" width=\"200\" height=\"68\"><\/p><p>Matthew Armstrong<\/p><p><a href=\"http:\/\/www.outstandinghealthnow.com\" target=\"_blank\" rel=\"noopener\">http:\/\/www.outstandinghealthnow.com<\/a><\/p><\/div><div class=\"clear\"><\/div><\/div><\/div><div class=\"wpmtst-testimonial testimonial post-6690\"><div class=\"wpmtst-testimonial-inner testimonial-inner\"><h3 class=\"wpmtst-testimonial-heading testimonial-heading\">Erfolg mit Multipler Sklerose<\/h3><div    class=\"wpmtst-testimonial-content testimonial-content\"><div class=\"maybe-clear\"><\/div><h2>Zeugenaussage zur AMS-Nutzung vom 27. September 2007 bis M\u00e4rz 2008.<\/h2><div><p>Ich nehme AMS seit 5 Monaten. Ich habe Multiple Sklerose und habe meine Symptome im Laufe der Jahre mit vielen ganzheitlichen Therapien und Behandlungen verbessert. Ich stellte immer wieder fest, dass einige der Symptome mit der Zeit wieder auftraten. Ich bin zu der \u00dcberzeugung gelangt, dass Multiple Sklerose auf Krankheitserregern beruht und das Immunsystem \u00fcberfordert ist und beginnt, das zentrale Nervensystem und das Myelin anzugreifen. Ich glaube, solange die Erreger aktiv sind, wird die MS-Krankheit ein Problem bleiben.<\/p><\/div><div><p>Ich fand AMS und dachte, das sei die Antwort auf die Probleme mit den Krankheitserregern. Ich begann mit einer sehr niedrigen Dosierung und blieb \u00fcber einen Monat lang bei 3 Tropfen mehrmals am Tag. Ich bemerkte sofort, dass sich meine N\u00e4gel verbesserten. Sie wurden nicht mehr so stumpf und begannen zu gl\u00e4nzen. Sie verloren auch die Grate und Klumpen. Ich bemerkte, dass der wei\u00dfe Schaum, den ich f\u00fcr Hefe hielt, verschwunden war. Ich habe gesehen, wie meine Krebsvorstufen abgenommen haben. Ich habe gesehen, dass die Lymphstauungen abnahmen.<\/p><\/div><div><p>Ich habe festgestellt, dass sich die Lymphknoten verkleinert haben. Die Funktionen von Lunge, Nieren, Darm und Haut haben sich verbessert. Meine Gleichgewichtsprobleme, Schmerzen und Steifheit sowie die Spasmen der MS sind seit \u00fcber zwei Monaten verschwunden. Mein Schlaf und meine Verdauung sind viel besser geworden. Ich schnarche nicht mehr. Meine Haut sieht besser aus und die Altersflecken sind verschwunden. Meine Haut beginnt sich an Armen, Gesicht, Hals, Ober- und Unterschenkeln zu straffen. Mein Gleichgewicht ist viel besser geworden. Meine Steifheit hat nachgelassen. Eine Ohrenentz\u00fcndung, die ich seit 10 Jahren hatte, ist abgeklungen. Meine Nasennebenh\u00f6hlen sind frei und meine Stimme hat sich aufgrund der offenen Nasennebenh\u00f6hlen ver\u00e4ndert. Meine Stimme ist kr\u00e4ftiger. Vielleicht habe ich ein paar Verbesserungen ausgelassen, denn es scheint keinen Bereich zu geben, den AMS nicht verbessert hat.<\/p><\/div><div><p>Ich glaube, dass die Verbesserungen ein Ergebnis der Anwendung des AMS-Protokolls sind. Ich habe bis zu 10 Tropfen 3 bis 4 Mal am Tag genommen. Ich tue auch viel, um alle Systeme zu entleeren. Ich nehme auch Enzyme ein, obwohl ich das im ersten Monat nicht getan habe. Ich hoffe, das ist hilfreich. Haben Sie es mit systemischen Hefen zu tun? Viele Menschen haben Candida-Hefe, und die ist sehr zerst\u00f6rerisch. Bei mir wurden auch Morbus Lime, Mykoplasmen, Epstein Barr, Chlymedia-Pneumonie, Schwarzbeeren-Schimmelpilzinfektion und verschiedene Staphylokokkeninfektionen diagnostiziert. Ich trinke mehr Wasser und mein Durst ist zur\u00fcckgekehrt. Ich habe kein Verlangen mehr nach Lebensmitteln oder Getr\u00e4nken, die mir schaden.<\/p><\/div><\/div><div class=\"wpmtst-testimonial-field testimonial-field testimonial-name\">Marlene \/ WA - USA<\/div><div class=\"clear\"><\/div><\/div><\/div><div class=\"wpmtst-testimonial testimonial post-6691\"><div class=\"wpmtst-testimonial-inner testimonial-inner\"><h3 class=\"wpmtst-testimonial-heading testimonial-heading\">Erfahrungsbericht - Herpes simplex - Labialis<\/h3><div    class=\"wpmtst-testimonial-content testimonial-content\"><div class=\"maybe-clear\"><\/div><div><h1 align=\"center\">Erfahrungsbericht - Herpes Simplex - Labialis<\/h1><\/div><div><h2><strong>Javea \u2013 Spanien 11. und 12. Februar 2012<\/strong><\/h2><\/div><div><p>Die Mutter meiner Tochter hat mich gebeten, ihr bei der Heilung von Herpes Simplex (Lippen) zu helfen.<\/p><\/div><div><p>Es war unkontrollierbar geworden und breitete sich im gesamten Mundbereich aus. Ungef\u00e4hr die H\u00e4lfte des Mundes war mit gro\u00dfem, unansehnlichem Schorf bedeckt, lebendig und kribbelnd.<\/p><\/div><div><p>Ich machte mich an die Arbeit mit AMS und stellte eine L\u00f6sung im empfohlenen Verh\u00e4ltnis 1:5 her: 3:15 Tropfen in einer Teetasse mit Wasser vermischt.<\/p><\/div><div><p>Meine Tochter, sehr reif, wendete dies auf den Bereich jede halbe Stunde wie gew\u00fcnscht. Sie nahm auch einen Tropfen auf f\u00fcnf mit Wasser gemischt innerlich (Trinken).<\/p><\/div><div><p>Die Ergebnisse waren innerhalb von zw\u00f6lf Stunden sichtbar. Das feuchte Kribbeln des Herpes hatte nachgelassen und der Austrocknungsprozess hatte begonnen. Nach 24 Stunden war das Kribbeln auf 20% zur\u00fcckgegangen. Die fortschreitende Heilung war offensichtlich. Nach 48 Stunden war nur noch eine vage Erinnerung an diesen l\u00e4stigen, au\u00dfer Kontrolle geratenen \u201cVirus\u201d vorhanden, und der Schorf war eingetrocknet und abgefallen.<\/p><\/div><div><p>Nach 72 Stunden war das Problem gel\u00f6st und der Herpes vollst\u00e4ndig verschwunden!<\/p><\/div><div><p>Fortgesetzte Einnahme einer Erhaltungsdosis von einem Tropfen auf f\u00fcnf \u00fcber sieben Tage zur St\u00e4rkung des Immunsystems.<\/p><\/div><div><h4>Sturm ~ 21.02.2012<\/h4><\/div><\/div><div class=\"wpmtst-testimonial-field testimonial-field testimonial-name\">Paul Whaling \/ Spanien<\/div><div class=\"clear\"><\/div><\/div><\/div><div class=\"wpmtst-testimonial testimonial post-6692\"><div class=\"wpmtst-testimonial-inner testimonial-inner\"><h3 class=\"wpmtst-testimonial-heading testimonial-heading\">G\u00fcrtelrose \/ Herpes Zoster in drei Tagen geheilt<\/h3><div    class=\"wpmtst-testimonial-content testimonial-content\"><div class=\"maybe-clear\"><\/div><p><span style=\"font-size: 100%;\">Meine Mutter hatte unertr\u00e4gliche Schmerzen im <\/span>Bein<span style=\"font-size: 100%;\"> als sie einen Anfall von G\u00fcrtelrose\/Herpes Zoster hatte. Sie kannte sich mit den Protokollen nur wenig aus. Dennoch nahm sie drei Tage lang dreimal t\u00e4glich sechs Tropfen ein. Die daraus resultierende \u00dcberreaktion war unvermeidlich, aber die Entz\u00fcndung der Nerven war verschwunden, und am vierten Tag blieb nur noch ein leichtes Kribbeln zur\u00fcck. Das ist ein Wunder, wenn man bedenkt, dass andere mit einer \u00e4hnlichen Erkrankung nicht mit den Schmerzen leben wollen. Und das ganz ohne verschreibungspflichtige Schmerzmittel oder Virostatika.<\/span><\/p><\/div><div class=\"wpmtst-testimonial-field testimonial-field testimonial-name\">Shekhar \/ Indien<\/div><div class=\"clear\"><\/div><\/div><\/div><div class=\"wpmtst-testimonial testimonial post-6693\"><div class=\"wpmtst-testimonial-inner testimonial-inner\"><h3 class=\"wpmtst-testimonial-heading testimonial-heading\">Prostata-Probleme<\/h3><div    class=\"wpmtst-testimonial-content testimonial-content\"><div class=\"maybe-clear\"><\/div><p><em>Ich begann vor ca. 6 Jahren mit der Einnahme von AMS, hatte akute Schmerzen im Prostatabereich, die innerhalb weniger Tage verschwanden, und innerhalb einer Woche oder so waren alle Symptome vollst\u00e4ndig verschwunden, mit anderen Worten \u201cgeheilt\u201d. Verwenden Sie AMS auch zum Baden, ein erstaunliches Tonikum, um einen m\u00fcden K\u00f6rper zu verj\u00fcngen.... Verwenden Sie AMS f\u00fcr die allgemeine Gesundheit, einschlie\u00dflich Z\u00e4hne, Zahnfleisch, im Grunde Ihren gesamten physischen K\u00f6rper. Bleiben Sie bei der empfohlenen Dosis, einfach und sicher in der Anwendung. .<\/em><\/p><\/div><div class=\"wpmtst-testimonial-field testimonial-field testimonial-name\">James \/ Neuseeland<\/div><div class=\"clear\"><\/div><\/div><\/div><\/div><\/div>\n<div class=\"strong-view strong-view-id-2  wpmtst-\" data-count=\"5\"><div class=\"strong-content strong-normal columns-1\"><div class=\"wpmtst-testimonial testimonial post-6687\"><div class=\"wpmtst-testimonial-inner testimonial-inner\"><h3 class=\"wpmtst-testimonial-heading testimonial-heading\">Jeder Haushalt auf der Welt w\u00fcrde sehr davon profitieren, etwas DMSO zu haben...<\/h3><div    class=\"wpmtst-testimonial-content testimonial-content\"><div class=\"maybe-clear\"><\/div><p>Zun\u00e4chst m\u00f6chte ich erw\u00e4hnen, dass es meiner Meinung nach f\u00fcr jeden Haushalt auf der Welt von gro\u00dfem Nutzen w\u00e4re, etwas DMSO, AMS und Vitamin C zur Verf\u00fcgung zu haben.<\/p><p><em>Als meine Familie letztes Jahr von einem starken Grippevirus heimgesucht wurde, nahmen wir regelm\u00e4\u00dfig eine Dosis AMS ein und erlebten eine sehr starke und sofortige Reinigung des K\u00f6rpers und eine Kl\u00e4rung des Geistes. Au\u00dferdem habe ich durch die t\u00e4gliche Einnahme von Vitamin C festgestellt, dass sich meine Stimmung hebt und ich mich morgens klarer und fr\u00f6hlicher f\u00fchle. Tobias hat mir immer sofort geholfen, wenn ich Fragen hatte, und mich mit guten Tipps zu seinen Produkten unterst\u00fctzt. Ich kann ihn und seine Gesundheitsl\u00f6sungen wirklich empfehlen.\u201d<\/em><\/p><p><img loading=\"lazy\" decoding=\"async\" class=\"size-full wp-image-430 alignnone\" src=\"https:\/\/laubeholistic.com\/wp-content\/uploads\/2013\/05\/signature_full.gif\" alt=\"Matt_Sig\" width=\"200\" height=\"68\"><\/p><p>Matthew Armstrong<\/p><p><a href=\"http:\/\/www.outstandinghealthnow.com\" target=\"_blank\" rel=\"noopener\">http:\/\/www.outstandinghealthnow.com<\/a><\/p><\/div><div class=\"clear\"><\/div><\/div><\/div><div class=\"wpmtst-testimonial testimonial post-6690\"><div class=\"wpmtst-testimonial-inner testimonial-inner\"><h3 class=\"wpmtst-testimonial-heading testimonial-heading\">Erfolg mit Multipler Sklerose<\/h3><div    class=\"wpmtst-testimonial-content testimonial-content\"><div class=\"maybe-clear\"><\/div><h2>Zeugenaussage zur AMS-Nutzung vom 27. September 2007 bis M\u00e4rz 2008.<\/h2><div><p>Ich nehme AMS seit 5 Monaten. Ich habe Multiple Sklerose und habe meine Symptome im Laufe der Jahre mit vielen ganzheitlichen Therapien und Behandlungen verbessert. Ich stellte immer wieder fest, dass einige der Symptome mit der Zeit wieder auftraten. Ich bin zu der \u00dcberzeugung gelangt, dass Multiple Sklerose auf Krankheitserregern beruht und das Immunsystem \u00fcberfordert ist und beginnt, das zentrale Nervensystem und das Myelin anzugreifen. Ich glaube, solange die Erreger aktiv sind, wird die MS-Krankheit ein Problem bleiben.<\/p><\/div><div><p>Ich fand AMS und dachte, das sei die Antwort auf die Probleme mit den Krankheitserregern. Ich begann mit einer sehr niedrigen Dosierung und blieb \u00fcber einen Monat lang bei 3 Tropfen mehrmals am Tag. Ich bemerkte sofort, dass sich meine N\u00e4gel verbesserten. Sie wurden nicht mehr so stumpf und begannen zu gl\u00e4nzen. Sie verloren auch die Grate und Klumpen. Ich bemerkte, dass der wei\u00dfe Schaum, den ich f\u00fcr Hefe hielt, verschwunden war. Ich habe gesehen, wie meine Krebsvorstufen abgenommen haben. Ich habe gesehen, dass die Lymphstauungen abnahmen.<\/p><\/div><div><p>Ich habe festgestellt, dass sich die Lymphknoten verkleinert haben. Die Funktionen von Lunge, Nieren, Darm und Haut haben sich verbessert. Meine Gleichgewichtsprobleme, Schmerzen und Steifheit sowie die Spasmen der MS sind seit \u00fcber zwei Monaten verschwunden. Mein Schlaf und meine Verdauung sind viel besser geworden. Ich schnarche nicht mehr. Meine Haut sieht besser aus und die Altersflecken sind verschwunden. Meine Haut beginnt sich an Armen, Gesicht, Hals, Ober- und Unterschenkeln zu straffen. Mein Gleichgewicht ist viel besser geworden. Meine Steifheit hat nachgelassen. Eine Ohrenentz\u00fcndung, die ich seit 10 Jahren hatte, ist abgeklungen. Meine Nasennebenh\u00f6hlen sind frei und meine Stimme hat sich aufgrund der offenen Nasennebenh\u00f6hlen ver\u00e4ndert. Meine Stimme ist kr\u00e4ftiger. Vielleicht habe ich ein paar Verbesserungen ausgelassen, denn es scheint keinen Bereich zu geben, den AMS nicht verbessert hat.<\/p><\/div><div><p>Ich glaube, dass die Verbesserungen ein Ergebnis der Anwendung des AMS-Protokolls sind. Ich habe bis zu 10 Tropfen 3 bis 4 Mal am Tag genommen. Ich tue auch viel, um alle Systeme zu entleeren. Ich nehme auch Enzyme ein, obwohl ich das im ersten Monat nicht getan habe. Ich hoffe, das ist hilfreich. Haben Sie es mit systemischen Hefen zu tun? Viele Menschen haben Candida-Hefe, und die ist sehr zerst\u00f6rerisch. Bei mir wurden auch Morbus Lime, Mykoplasmen, Epstein Barr, Chlymedia-Pneumonie, Schwarzbeeren-Schimmelpilzinfektion und verschiedene Staphylokokkeninfektionen diagnostiziert. Ich trinke mehr Wasser und mein Durst ist zur\u00fcckgekehrt. Ich habe kein Verlangen mehr nach Lebensmitteln oder Getr\u00e4nken, die mir schaden.<\/p><\/div><\/div><div class=\"clear\"><\/div><\/div><\/div><div class=\"wpmtst-testimonial testimonial post-6691\"><div class=\"wpmtst-testimonial-inner testimonial-inner\"><h3 class=\"wpmtst-testimonial-heading testimonial-heading\">Erfahrungsbericht - Herpes simplex - Labialis<\/h3><div    class=\"wpmtst-testimonial-content testimonial-content\"><div class=\"maybe-clear\"><\/div><div><h1 align=\"center\">Erfahrungsbericht - Herpes Simplex - Labialis<\/h1><\/div><div><h2><strong>Javea \u2013 Spanien 11. und 12. Februar 2012<\/strong><\/h2><\/div><div><p>Die Mutter meiner Tochter hat mich gebeten, ihr bei der Heilung von Herpes Simplex (Lippen) zu helfen.<\/p><\/div><div><p>Es war unkontrollierbar geworden und breitete sich im gesamten Mundbereich aus. Ungef\u00e4hr die H\u00e4lfte des Mundes war mit gro\u00dfem, unansehnlichem Schorf bedeckt, lebendig und kribbelnd.<\/p><\/div><div><p>Ich machte mich an die Arbeit mit AMS und stellte eine L\u00f6sung im empfohlenen Verh\u00e4ltnis 1:5 her: 3:15 Tropfen in einer Teetasse mit Wasser vermischt.<\/p><\/div><div><p>Meine Tochter, sehr reif, wendete dies auf den Bereich jede halbe Stunde wie gew\u00fcnscht. Sie nahm auch einen Tropfen auf f\u00fcnf mit Wasser gemischt innerlich (Trinken).<\/p><\/div><div><p>Die Ergebnisse waren innerhalb von zw\u00f6lf Stunden sichtbar. Das feuchte Kribbeln des Herpes hatte nachgelassen und der Austrocknungsprozess hatte begonnen. Nach 24 Stunden war das Kribbeln auf 20% zur\u00fcckgegangen. Die fortschreitende Heilung war offensichtlich. Nach 48 Stunden war nur noch eine vage Erinnerung an diesen l\u00e4stigen, au\u00dfer Kontrolle geratenen \u201cVirus\u201d vorhanden, und der Schorf war eingetrocknet und abgefallen.<\/p><\/div><div><p>Nach 72 Stunden war das Problem gel\u00f6st und der Herpes vollst\u00e4ndig verschwunden!<\/p><\/div><div><p>Fortgesetzte Einnahme einer Erhaltungsdosis von einem Tropfen auf f\u00fcnf \u00fcber sieben Tage zur St\u00e4rkung des Immunsystems.<\/p><\/div><div><h4>Sturm ~ 21.02.2012<\/h4><\/div><\/div><div class=\"clear\"><\/div><\/div><\/div><div class=\"wpmtst-testimonial testimonial post-6692\"><div class=\"wpmtst-testimonial-inner testimonial-inner\"><h3 class=\"wpmtst-testimonial-heading testimonial-heading\">G\u00fcrtelrose \/ Herpes Zoster in drei Tagen geheilt<\/h3><div    class=\"wpmtst-testimonial-content testimonial-content\"><div class=\"maybe-clear\"><\/div><p><span style=\"font-size: 100%;\">Meine Mutter hatte unertr\u00e4gliche Schmerzen im <\/span>Bein<span style=\"font-size: 100%;\"> als sie einen Anfall von G\u00fcrtelrose\/Herpes Zoster hatte. Sie kannte sich mit den Protokollen nur wenig aus. Dennoch nahm sie drei Tage lang dreimal t\u00e4glich sechs Tropfen ein. Die daraus resultierende \u00dcberreaktion war unvermeidlich, aber die Entz\u00fcndung der Nerven war verschwunden, und am vierten Tag blieb nur noch ein leichtes Kribbeln zur\u00fcck. Das ist ein Wunder, wenn man bedenkt, dass andere mit einer \u00e4hnlichen Erkrankung nicht mit den Schmerzen leben wollen. Und das ganz ohne verschreibungspflichtige Schmerzmittel oder Virostatika.<\/span><\/p><\/div><div class=\"clear\"><\/div><\/div><\/div><div class=\"wpmtst-testimonial testimonial post-6693\"><div class=\"wpmtst-testimonial-inner testimonial-inner\"><h3 class=\"wpmtst-testimonial-heading testimonial-heading\">Prostata-Probleme<\/h3><div    class=\"wpmtst-testimonial-content testimonial-content\"><div class=\"maybe-clear\"><\/div><p><em>Ich begann vor ca. 6 Jahren mit der Einnahme von AMS, hatte akute Schmerzen im Prostatabereich, die innerhalb weniger Tage verschwanden, und innerhalb einer Woche oder so waren alle Symptome vollst\u00e4ndig verschwunden, mit anderen Worten \u201cgeheilt\u201d. Verwenden Sie AMS auch zum Baden, ein erstaunliches Tonikum, um einen m\u00fcden K\u00f6rper zu verj\u00fcngen.... Verwenden Sie AMS f\u00fcr die allgemeine Gesundheit, einschlie\u00dflich Z\u00e4hne, Zahnfleisch, im Grunde Ihren gesamten physischen K\u00f6rper. Bleiben Sie bei der empfohlenen Dosis, einfach und sicher in der Anwendung. .<\/em><\/p><\/div><div class=\"clear\"><\/div><\/div><\/div><\/div><\/div>","protected":false},"excerpt":{"rendered":"","protected":false},"author":34,"featured_media":0,"parent":0,"menu_order":0,"comment_status":"closed","ping_status":"closed","template":"","meta":{"ngg_post_thumbnail":0,"footnotes":""},"class_list":["post-6716","page","type-page","status-publish","hentry"],"_links":{"self":[{"href":"https:\/\/laubeholistic.com\/de\/wp-json\/wp\/v2\/pages\/6716","targetHints":{"allow":["GET"]}}],"collection":[{"href":"https:\/\/laubeholistic.com\/de\/wp-json\/wp\/v2\/pages"}],"about":[{"href":"https:\/\/laubeholistic.com\/de\/wp-json\/wp\/v2\/types\/page"}],"author":[{"embeddable":true,"href":"https:\/\/laubeholistic.com\/de\/wp-json\/wp\/v2\/users\/34"}],"replies":[{"embeddable":true,"href":"https:\/\/laubeholistic.com\/de\/wp-json\/wp\/v2\/comments?post=6716"}],"version-history":[{"count":11,"href":"https:\/\/laubeholistic.com\/de\/wp-json\/wp\/v2\/pages\/6716\/revisions"}],"predecessor-version":[{"id":13007,"href":"https:\/\/laubeholistic.com\/de\/wp-json\/wp\/v2\/pages\/6716\/revisions\/13007"}],"wp:attachment":[{"href":"https:\/\/laubeholistic.com\/de\/wp-json\/wp\/v2\/media?parent=6716"}],"curies":[{"name":"wp","href":"https:\/\/api.w.org\/{rel}","templated":true}]}}