{"id":614,"date":"2014-09-15T14:38:28","date_gmt":"2014-09-15T14:38:28","guid":{"rendered":"https:\/\/laubeholistic.com\/?page_id=614"},"modified":"2022-04-05T09:30:00","modified_gmt":"2022-04-05T09:30:00","slug":"jim-humble-mms-ams-bleach-accusations","status":"publish","type":"page","link":"https:\/\/laubeholistic.com\/de\/jim-humble-mms-ams-bleach-accusations\/","title":{"rendered":"Jim Humble zu MMS-\u201eBleach\u201c-Vorw\u00fcrfen"},"content":{"rendered":"<style type=\"text\/css\"><!-- @page { margin: 2cm } P { margin-bottom: 0.21cm } --><\/style>\n<h4 lang=\"en-GB\"><span style=\"font-family: Arial,sans-serif;\"><a href=\"https:\/\/laubeholistic.com\/wp-content\/uploads\/2014\/02\/jim_humble-2.jpg\"><img loading=\"lazy\" decoding=\"async\" class=\"alignleft wp-image-616\" style=\"margin: 3px; border: 3px solid black;\" src=\"https:\/\/laubeholistic.com\/wp-content\/uploads\/2014\/02\/jim_humble-2.jpg\" alt=\"MMS\" width=\"214\" height=\"120\" srcset=\"https:\/\/laubeholistic.com\/wp-content\/uploads\/2014\/02\/jim_humble-2.jpg 595w, https:\/\/laubeholistic.com\/wp-content\/uploads\/2014\/02\/jim_humble-2-510x286.jpg 510w\" sizes=\"auto, (max-width: 214px) 100vw, 214px\" \/><\/a>Hallo, ich bin Jim Humble. Ich habe Master Mineral Solution (MMS) im Jahr 1997 entdeckt. Anschlie\u00dfend habe ich mehrere Jahre damit verbracht, die Chemie von MMS zu studieren. Wussten Sie, dass das von Ihnen verwendete Speisesalz mehr als 501 TP3T Chlor enth\u00e4lt? Wenn Sie herausfinden, dass ich Recht habe, bedeutet das dann, dass Sie aufh\u00f6ren werden, Speisesalz zu verwenden, weil in 981 TP3T des weltweit verwendeten Bleichmittels Chlor enthalten ist? Nun, MMS ist nicht mehr Bleichmittel als Speisesalz. <\/span><\/h4>\n<p lang=\"en-GB\"><span style=\"font-family: Arial,sans-serif;\">Ich habe 426 Gesundheitsminister, die Menschen in 72 verschiedenen L\u00e4ndern der Welt mit MMS Gesundheit bringen. Es tut mir so leid, sagen zu m\u00fcssen, dass Sie Kritiker mit Ihren Bem\u00fchungen, die Menschen davon zu \u00fcberzeugen, dass MMS Bleichmittel ist, Hunderten von Menschen schaden und sie zu gro\u00dfem, anhaltendem Leiden oder sogar Tod verurteilen, was sie andernfalls h\u00e4tten vermeiden k\u00f6nnen. Sie m\u00fcssen nur ein wenig Zeit damit verbringen, Chlordioxid, Chlor und Bleichmittel zu lesen und zu studieren, anstatt aus v\u00f6lliger Unwissenheit \u00fcber die beiden Themen MMS und Bleichmittel zu sprechen. Sie sind nicht dasselbe. Bitte, Sie schaden sich selbst am meisten. <\/span><\/p>\n<p lang=\"en-GB\"><span style=\"font-family: Arial,sans-serif;\">Das Einzige, was bei jedem einzelnen Kritiker im Internet offensichtlich ist, ist, dass nicht ein einziger von ihnen jemals MMS getestet hat, um zu sehen, ob es funktioniert. Kein einziger von ihnen versteht oder hat die Chemie von MMS \u00fcberpr\u00fcft. Mehr als 10 Millionen Menschen haben MMS ausprobiert und es gibt Tausende von Erfahrungsberichten im Internet, die die Leute einfach ungefragt dort ver\u00f6ffentlicht haben, und au\u00dferdem haben wir Tausende von Erfahrungsberichten, nach denen wir gefragt haben. Wie k\u00f6nnten wir Millionen von Menschen t\u00e4uschen und Herrn Kritiker irgendwie nicht t\u00e4uschen? Sehen Sie das so? Sie Kritiker haben von Anfang an Unrecht gehabt, ohne auch nur eine einzige Sache zu \u00fcberpr\u00fcfen, ohne die Tatsache zu \u00fcberpr\u00fcfen, dass die FDA die Verwendung von Chlordioxid (MMS) auf Lebensmitteln zugelassen hat, ohne die Chemie von MMS in irgendeiner Weise zu \u00fcberpr\u00fcfen. Ohne irgendwelche Fakten zu \u00fcberpr\u00fcfen, f\u00fcgen Sie einfach Ihre Meinung zu all den anderen negativen Meinungen hinzu. Das Schreckliche an all den Kritikern ist, dass sie das tun, was sie MMS vorwerfen: Sie verletzen Menschen. MMS ist kein Bleichmittel und bei MMS geht es nicht um das gro\u00dfe Geld!<\/span><\/p>\n<p lang=\"en-GB\"><span style=\"font-family: Arial,sans-serif;\">Mit freundlichen Gr\u00fc\u00dfen und Liebe, <\/span><\/p>\n<p><span style=\"font-family: Arial,sans-serif;\"><b>Erzbischof Jim Humble<\/b><\/span><\/p>\n<p>Genesis 2 Kirche der Gesundheit und Heilung<\/p>","protected":false},"excerpt":{"rendered":"<p>Hello, I am Jim Humble. I discovered Master Mineral Solution (MMS) back in 1997. I then spent several years studying the chemistry of MMS. Did you know that table salt that all of you use is more than 50% chlorine. If you find out that I am correct, does that mean that you will quit [&#8230;]\n","protected":false},"author":34,"featured_media":0,"parent":0,"menu_order":0,"comment_status":"closed","ping_status":"closed","template":"","meta":{"ngg_post_thumbnail":0,"footnotes":""},"class_list":["post-614","page","type-page","status-publish","hentry"],"_links":{"self":[{"href":"https:\/\/laubeholistic.com\/de\/wp-json\/wp\/v2\/pages\/614","targetHints":{"allow":["GET"]}}],"collection":[{"href":"https:\/\/laubeholistic.com\/de\/wp-json\/wp\/v2\/pages"}],"about":[{"href":"https:\/\/laubeholistic.com\/de\/wp-json\/wp\/v2\/types\/page"}],"author":[{"embeddable":true,"href":"https:\/\/laubeholistic.com\/de\/wp-json\/wp\/v2\/users\/34"}],"replies":[{"embeddable":true,"href":"https:\/\/laubeholistic.com\/de\/wp-json\/wp\/v2\/comments?post=614"}],"version-history":[{"count":2,"href":"https:\/\/laubeholistic.com\/de\/wp-json\/wp\/v2\/pages\/614\/revisions"}],"predecessor-version":[{"id":10227,"href":"https:\/\/laubeholistic.com\/de\/wp-json\/wp\/v2\/pages\/614\/revisions\/10227"}],"wp:attachment":[{"href":"https:\/\/laubeholistic.com\/de\/wp-json\/wp\/v2\/media?parent=614"}],"curies":[{"name":"wp","href":"https:\/\/api.w.org\/{rel}","templated":true}]}}