{"id":6,"date":"2012-04-18T14:29:18","date_gmt":"2012-04-18T14:29:18","guid":{"rendered":"https:\/\/laubeholistic.com\/?page_id=6"},"modified":"2025-05-29T10:02:40","modified_gmt":"2025-05-29T10:02:40","slug":"cart","status":"publish","type":"page","link":"https:\/\/laubeholistic.com\/de\/cart\/","title":{"rendered":"Wagen"},"content":{"rendered":"<p style=\"text-align: left;\"><span style=\"color: #000000;\"><strong><span style=\"font-size: 85%;\">BITTE BEACHTEN SIE: <\/span><\/strong><span style=\"font-size: 85%;\">Um eine Versandkostenberechnung f\u00fcr Ihr Ziel zu erhalten, m\u00fcssen Sie das Land, die Stadt und eine <strong>g\u00fcltige Postleitzahl<\/strong>Wenn nach Eingabe der Postleitzahl keine Versandkostenberechnung angezeigt wird, versuchen Sie, mehrere Ziffern der Postleitzahl zu trennen. <em>Beispiel: Versuchen Sie \u201e<strong>Y25 X294\u2033<\/strong> anstatt &quot;<strong>Y25X294\u2033<\/strong><\/em><br \/>\n<\/span><\/span><\/p>\n<p><span style=\"color: #000000;\"><strong>Sendungen nach PORTUGAL<\/strong>: Bitte kontaktieren Sie uns bez\u00fcglich der Versandkosten <strong>Vor<\/strong> Sie erteilen die Bestellung.<\/span><\/p>\n<h4 style=\"text-align: left;\"><span style=\"color: #000000;\"><span style=\"font-size: 85%;\">Kontaktieren Sie uns, wenn Sie Hilfe ben\u00f6tigen.<\/span><span style=\"font-size: 115%;\">&nbsp;<\/span><\/span><\/h4>\n\n<h1 style=\"font-size: 24px; text-align: center;\"><strong>&nbsp;<\/strong><\/h1>\n<p><span style=\"color: #000000;\">Bitte senden Sie uns eine E-Mail an <strong>info@laubeholistic.com <\/strong>mit dem Betreff \u201eVersand nach (Ihr Land)\u201c, wenn bei der Aufgabe einer Bestellung Probleme auftreten, und wir werden Sie bei dem Vorgang unterst\u00fctzen.<\/span><\/p>\n<p><span style=\"color: #000000;\"><em>ALLE L\u00c4NDER SIND F\u00dcR DIE LIEFERUNG UNSERER PRODUKTE GE\u00d6FFNET!<\/em><\/span><\/p>\n<p style=\"text-align: left;\">&nbsp;<\/p>\n<p style=\"text-align: left;\">&nbsp;<\/p>","protected":false},"excerpt":{"rendered":"<p>PLEASE NOTE: To receive a shipping cost calculation for your destination, you need to fill in the country, city and a valid postal code. If you do not see a shipping cost calculation after you filled in the postal code, try to seperate several digits from the postal code. Example: try &#8220;Y25 X294&#8243; instead of [&#8230;]\n","protected":false},"author":34,"featured_media":0,"parent":0,"menu_order":0,"comment_status":"closed","ping_status":"closed","template":"","meta":{"ngg_post_thumbnail":0,"footnotes":""},"class_list":["post-6","page","type-page","status-publish","hentry"],"_links":{"self":[{"href":"https:\/\/laubeholistic.com\/de\/wp-json\/wp\/v2\/pages\/6","targetHints":{"allow":["GET"]}}],"collection":[{"href":"https:\/\/laubeholistic.com\/de\/wp-json\/wp\/v2\/pages"}],"about":[{"href":"https:\/\/laubeholistic.com\/de\/wp-json\/wp\/v2\/types\/page"}],"author":[{"embeddable":true,"href":"https:\/\/laubeholistic.com\/de\/wp-json\/wp\/v2\/users\/34"}],"replies":[{"embeddable":true,"href":"https:\/\/laubeholistic.com\/de\/wp-json\/wp\/v2\/comments?post=6"}],"version-history":[{"count":41,"href":"https:\/\/laubeholistic.com\/de\/wp-json\/wp\/v2\/pages\/6\/revisions"}],"predecessor-version":[{"id":17494,"href":"https:\/\/laubeholistic.com\/de\/wp-json\/wp\/v2\/pages\/6\/revisions\/17494"}],"wp:attachment":[{"href":"https:\/\/laubeholistic.com\/de\/wp-json\/wp\/v2\/media?parent=6"}],"curies":[{"name":"wp","href":"https:\/\/api.w.org\/{rel}","templated":true}]}}