{"id":595,"date":"2014-09-15T14:13:26","date_gmt":"2014-01-31T16:50:52","guid":{"rendered":"https:\/\/laubeholistic.com\/?page_id=595"},"modified":"2021-03-04T15:40:11","modified_gmt":"2021-03-04T15:40:11","slug":"ams-facts-sheet","status":"publish","type":"page","link":"https:\/\/laubeholistic.com\/de\/ams-facts-sheet\/","title":{"rendered":"Fakten und Vorteile von AMS"},"content":{"rendered":"<h1>\n<p style=\"text-align: center;\"><span style=\"font-size: xx-large; font-family: Arvo, sans-serif;\">AMS<\/span><\/p>\n<\/h1>\n<h3><span style=\"font-family: Arvo, sans-serif;\"><span style=\"font-size: medium;\">Was ist AMS?<\/span><\/span><\/h3>\n<p><span style=\"font-family: Arvo, sans-serif;\"><span style=\"font-size: medium;\">AMS ist die gebr\u00e4uchliche Bezeichnung f\u00fcr Chlordioxid (ClO2), das entsteht, wenn Natriumchlorit mit einer S\u00e4ure (normalerweise Zitronens\u00e4ure \u2013 ein g\u00e4ngiger Zitrusfruchtextrakt) gemischt (aktiviert) wird. 1997 wurde entdeckt, dass Chlordioxid Malaria schnell heilt.<\/span><\/span><\/p>\n<p><span style=\"font-size: medium; font-family: Arvo, sans-serif;\">Weitere Forschungen ergaben, dass viele weitere Leiden entweder gelindert oder geheilt werden konnten. Es gibt umfangreiche Fallberichte, die statistisch signifikante Verbesserungen und sogar Heilungen bei Krebs, Autismus, Infektionen, Zahnproblemen \u2026 sogar HIV\/AIDS zeigen.<\/span><\/p>\n<h3><span style=\"font-size: medium; font-family: Arvo, sans-serif;\">Klingt \u201ezu gut, um wahr zu sein\u201c oder wie eine Art Schlangen\u00f6l.<\/span><\/h3>\n<p><span style=\"font-size: medium; font-family: Arvo, sans-serif;\">Das ist, was die meisten Leute zun\u00e4chst denken \u2026 bis sie tiefer graben und mehr \u00fcber das Thema erfahren.<\/span><\/p>\n<p><span style=\"font-size: medium; font-family: Arvo, sans-serif;\">Chlordioxid (ClO2) \u2026 Klingt wie Bleichmittel oder das, was in meinen Pool kommt<\/span><\/p>\n<p><span style=\"font-size: medium; font-family: Arvo, sans-serif;\">Obwohl der Name das Wort \u201eChlor\u201c enth\u00e4lt, unterscheidet es sich deutlich von dem handels\u00fcblichen Clorox-Bleichmittel oder Schwimmbeckenchlor, bei denen es sich um Gifte handelt, die als krebserregend gelten.<\/span><\/p>\n<p><span style=\"font-size: medium; font-family: Arvo, sans-serif;\">Chlordioxid wirkt anders als Chlor, da es die Krankheitserreger durch Oxidation vollst\u00e4ndig zerst\u00f6rt und selbst bei der Reaktion zerst\u00f6rt wird, sodass nichts zur\u00fcckbleibt, was sich ansammeln oder Nebenwirkungen verursachen k\u00f6nnte. Die Nebenprodukte sind Speisesalz, freigesetzte Sauerstoffatome und die \u00dcberreste toter Krankheitserreger, die vom K\u00f6rper leicht entfernt werden k\u00f6nnen.<\/span><\/p>\n<p><span style=\"font-size: medium; font-family: Arvo, sans-serif;\">-Chlordioxid = ClO2, Chlor = Cl, Bleichmittel (Natriumhypochlorit) = NaOCl.<\/span><\/p>\n<p><span style=\"font-size: medium; font-family: Arvo, sans-serif;\">ClO2 ist nicht gleich Cl und nicht gleich NaOCl \u2013<\/span><\/p>\n<h3><span style=\"font-size: medium; font-family: Arvo, sans-serif;\">Welche Forschung wurde oder wird zu AMS durchgef\u00fchrt?<\/span><\/h3>\n<p><span style=\"font-family: Arvo, sans-serif;\">Eine wachsende Basisinitiative von Forschern weltweit hat herausgefunden, dass AMS bei richtiger Anwendung \u00fcberraschende gesundheitliche Vorteile bieten kann. Diese Forscher haben an sich selbst, ihren Familien und Freunden experimentiert. Ihre Entdeckungen sind revolution\u00e4r und die Nachricht verbreitet sich auf der ganzen Welt.<\/span><\/p>\n<p><span style=\"font-size: medium; font-family: Arvo, sans-serif;\">Der Feldtest des Roten Kreuzes<\/span><br \/>\n<span style=\"font-size: medium; font-family: Arvo, sans-serif;\">Im Dezember 2012 f\u00fchrte das Water Reference Center (WRC), eine dem Roten Kreuz angeschlossene Organisation, in Uganda einen dokumentierten Feldversuch durch, bei dem 154 Malariapatienten mit Natriumchlorit (dem Hauptbestandteil von AMS) behandelt wurden. Alle 154 Patienten waren innerhalb von 24 bis 48 Stunden nach der Behandlung von Malaria geheilt. Das WRC und das Rote Kreuz bestanden darauf, die Ergebnisse geheim zu halten. Schlie\u00dflich wurden die Ergebnisse im Mai 2013 in Form eines Amateurvideos ver\u00f6ffentlicht, das von demjenigen produziert wurde, der das Personal in der Behandlung von Malaria geschult hatte. Leider distanzierte sich das Rote Kreuz am 15. Mai 2013 aufs Sch\u00e4rfste von dem Test und seinen Ergebnissen. Kurz darauf wurde ein vom WRC produziertes professionelles Video entdeckt und ver\u00f6ffentlicht, das die Details des Tests sowie begeisterte Aussagen von Rotkreuzbeamten zeigte.<\/span><\/p>\n<h3><span style=\"font-family: Arvo, sans-serif; font-size: medium;\">Kann AMS zu Verletzungen oder Erkrankungen f\u00fchren?<\/span><\/h3>\n<p><span style=\"font-size: medium; font-family: Arvo, sans-serif;\">Das Geheimnis der sicheren Verwendung von AMS (Chlordioxid) besteht darin, immer kleine Mengen zu verwenden und die Menge langsam zu steigern. Alles kann Ihnen bei falscher Anwendung schaden, einschlie\u00dflich Erdn\u00fcssen, Aspirin, Kirschen usw. Tats\u00e4chlich werden allein in den USA jedes Jahr 700.000 Todesf\u00e4lle auf die Einnahme von Arzneimitteln zur\u00fcckgef\u00fchrt. Sch\u00e4tzungen zufolge haben Millionen von Menschen Chlordioxid als Wasseraufbereitungsmittel, als stabilisierten Sauerstoff, der seit 80 Jahren in Reformh\u00e4usern verkauft wird, und als Konservierungsmittel f\u00fcr Obst und Gem\u00fcse eingenommen, ohne dass ein einziger Todesfall auf seine Verwendung zur\u00fcckzuf\u00fchren ist. Eine Studie aus dem Jahr 1981 zeigte keine sch\u00e4dlichen Auswirkungen auf Menschen, wenn sogar h\u00f6here Mengen Chlordioxid konsumiert wurden, als eine AMS-Behandlung normalerweise vermuten l\u00e4sst.<\/span><\/p>\n<h3><span style=\"font-family: Arvo, sans-serif; font-size: medium;\">Wie wird AMS angewendet und wie viel sollte ich einnehmen?<\/span><\/h3>\n<p><span style=\"font-size: medium; font-family: Arvo, sans-serif;\">Die vollst\u00e4ndige Antwort auf diese Frage geht \u00fcber den Umfang eines einseitigen Informationsblatts hinaus. Es gibt verschiedene M\u00f6glichkeiten, AMS zu verwenden.<\/span><\/p>\n<p><span style=\"font-size: medium; font-family: Arvo, sans-serif;\">Menge, Anwendung und H\u00e4ufigkeit m\u00fcssen dem Gesundheitszustand des jeweiligen Patienten und dem zu behandelnden Problem angepasst werden. Das g\u00e4ngigste AMS-Protokoll beginnt mit einem Tropfen aktiviertem AMS pro Stunde. Wenn die Person jedoch ernsthafte gesundheitliche Probleme hat, muss sie vorsichtig sein und es \u201elangsam und niedrig\u201c angehen und mit nur \u00bc Tropfen pro Stunde beginnen, w\u00e4hrend Anf\u00e4nger 3 Tropfen pro Stunde nicht \u00fcberschreiten sollten. Warum? Da AMS Krankheitserreger abt\u00f6tet (durch Oxidation), gelangen Giftstoffe in den Blutkreislauf, in der Erwartung, dass die Leber ihre Arbeit tut und sie herausfiltert. Ein Kranker hat normalerweise eine schwache und langsam arbeitende Leber. Wenn der AMS-Entgiftungsprozess oder jeder andere Entgiftungsprozess zu schnell abl\u00e4uft, entsteht eine \u00dcberladung mit Giftstoffen durch das Absterben der Krankheitserreger (allgemein als Herxheimer-Reaktion bekannt).<\/span><\/p>\n<p><span style=\"font-size: medium; font-family: Arvo, sans-serif;\">Dies bedeutet, dass Giftstoffe schneller ausgeschieden werden, als die Leber sie eliminieren kann, was zu Reaktionen wie \u00dcbelkeit, Erbrechen und\/oder Durchfall f\u00fchrt (da der K\u00f6rper versucht, \u00fcbersch\u00fcssige Giftstoffe auf andere Weise schnell loszuwerden). Kritiker haben behauptet, dass \u00dcbelkeit, Erbrechen und Durchfall \u201egef\u00e4hrliche\u201c Nebenwirkungen der AMS-Anwendung sind. Im Allgemeinen sind sie bei richtiger AMS-Anwendung vermeidbar, und eine niedrige<\/span><\/p>\n<p><span style=\"font-size: medium; font-family: Arvo, sans-serif;\">und langsam. Penicilline, die als \u201edie am wenigsten giftigen bekannten Medikamente\u201c gelten, k\u00f6nnen jedoch Durchfall, \u00dcbelkeit, Erbrechen und Magenverstimmung hervorrufen. In seltenen F\u00e4llen k\u00f6nnen Penicilline unmittelbare und verz\u00f6gerte allergische Reaktionen ausl\u00f6sen \u2013 insbesondere Hautausschl\u00e4ge, Fieber und anaphylaktischen Schock.6 Die meisten Kritiker und \u00c4rzte akzeptieren den routinem\u00e4\u00dfigen Einsatz von Antibiotika, obwohl bei der Verwendung solcher Antibiotika h\u00e4ufig dieselben \u201egef\u00e4hrlichen\u201c Nebenwirkungen festgestellt werden.<\/span><\/p>\n<h3><span style=\"font-size: medium; font-family: Arvo, sans-serif;\">Wer sollte AMS verwenden?<\/span><\/h3>\n<p><span style=\"font-size: medium; font-family: Arvo, sans-serif;\">Die Antwort darauf h\u00e4ngt von verschiedenen Faktoren ab. Sind Sie der Typ Mensch, der die Verantwortung f\u00fcr seine eigene Gesundheit \u00fcbernimmt? Oder m\u00f6chten Sie Ihre Gesundheit lieber in die H\u00e4nde eines Arztes legen? AMS erfordert, dass Sie auf Ihren K\u00f6rper h\u00f6ren und verstehen, was er sagt. Wie Sie auf AMS reagieren, h\u00e4ngt von Ihren Gesundheitsproblemen ab und davon, wie gut Ihr K\u00f6rper (insbesondere Leber und Nieren) Giftstoffe ausscheiden kann.<\/span><\/p>\n<h3><span style=\"font-size: medium; font-family: Arvo, sans-serif;\">Was sagen \u00c4rzte zu AMS?<\/span><\/h3>\n<p><span style=\"font-size: medium; font-family: Arvo, sans-serif;\">Wenn Sie einen durchschnittlichen Arzt fragen, wei\u00df er h\u00f6chstwahrscheinlich wenig \u00fcber AMS und die meisten haben noch nie davon geh\u00f6rt, obwohl sich dies schnell \u00e4ndert. Es gibt immer mehr \u00c4rzte und Heilpraktiker in L\u00e4ndern der Dritten Welt, die es mit sehr ermutigenden Ergebnissen anwenden.<\/span><br \/>\n<span style=\"font-size: medium; font-family: Arvo, sans-serif;\">Leider wird in den USA und anderen Industriel\u00e4ndern stark kontrolliert, was \u00c4rzte verschreiben (und sagen) d\u00fcrfen \u2013 auch wenn sich manche inoffiziell positiv dar\u00fcber \u00e4u\u00dfern.<\/span><\/p>\n<h3><span style=\"font-size: medium; font-family: Arvo, sans-serif;\">Was sagen \u00c4rzte zu AMS?<\/span><\/h3>\n<p><span style=\"font-size: medium; font-family: Arvo, sans-serif;\">Wenn Sie einen durchschnittlichen Arzt fragen, wei\u00df er h\u00f6chstwahrscheinlich wenig \u00fcber AMS und die meisten haben noch nie davon geh\u00f6rt, obwohl sich dies schnell \u00e4ndert. Es gibt immer mehr \u00c4rzte und Heilpraktiker in L\u00e4ndern der Dritten Welt, die es mit sehr ermutigenden Ergebnissen anwenden.<\/span><br \/>\n<span style=\"font-size: medium; font-family: Arvo, sans-serif;\">Leider wird in den USA und anderen Industriel\u00e4ndern stark kontrolliert, was \u00c4rzte verschreiben (und sagen) d\u00fcrfen \u2013 auch wenn sich manche inoffiziell positiv dar\u00fcber \u00e4u\u00dfern.<\/span><\/p>\n<h3><span style=\"font-size: medium; font-family: Arvo, sans-serif;\">Wer k\u00e4mpft GEGEN AMS?<\/span><\/h3>\n<p><span style=\"font-size: medium; font-family: Arvo, sans-serif;\">AMS stellt das Herz des medizinischen Establishments, einschlie\u00dflich der Pharmaindustrie, in Frage. Wenn AMS das ist, was es zu sein behauptet, wird es offensichtlich die Gewinne der gr\u00f6\u00dften Industrie der Welt beeinflussen. Die Lobby der Pharmaindustrie hat bekannterma\u00dfen erheblichen Einfluss auf die US-amerikanische Food &amp; Drug Administration (FDA). Tats\u00e4chlich geht die FDA gerichtlich gegen Daniel Smith von Project GreenLife vor, einem Versandhandelsunternehmen, das AMS belieferte, bis es durchsucht und geschlossen wurde.<\/span><\/p>\n<h3><span style=\"font-size: medium; font-family: Arvo, sans-serif;\">Wer k\u00e4mpft F\u00dcR AMS?<\/span><\/h3>\n<p><span style=\"font-family: Arvo, sans-serif; font-size: medium;\">Der US Observer, eine bekannte Online- und Print-Quelle f\u00fcr investigative Nachrichten, die unschuldigen Opfern falscher Anschuldigungen hilft, hat beschlossen, Daniel Smith gegen die FDA zu unterst\u00fctzen. Nat\u00fcrlich gibt es \u00fcberall auf der Welt unabh\u00e4ngige B\u00fcrger, die an kosteng\u00fcnstiger Gesundheit und Heilung f\u00fcr sich und ihre Familien interessiert sind. Diese Menschen haben keine Angst, etwas Unkonventionelles auszuprobieren oder<\/span><br \/>\n<span style=\"font-family: Arvo, sans-serif; font-size: medium;\"> unbewiesen. Es gibt viele Mediziner, die ebenfalls den Nutzen von MMS entdeckt haben und es in L\u00e4ndern der Dritten Welt zur Behandlung von Patienten, sich selbst und deren Familien einsetzen. Diese Menschen haben keine Angst, etwas Unkonventionelles auszuprobieren.<\/span><\/p>\n<h3><span style=\"font-size: medium; font-family: Arvo, sans-serif;\">Wo finde ich Erfahrungsberichte von echten Menschen, die AMS verwendet haben?<\/span><\/h3>\n<p><span style=\"font-size: medium; font-family: Arvo, sans-serif;\">Das Internet ist voll von Erfahrungsberichten aus aller Welt. Sie k\u00f6nnen auch viele Foren finden, in denen AMS diskutiert wird. Curezone.org hat eine Umfrage unter Hunderten von Benutzern durchgef\u00fchrt. Die Ergebnisse zeigten, dass etwa 80% der Benutzer positive Verbesserungen erzielten.<\/span><\/p>\n<h3><span style=\"font-size: medium; font-family: Arvo, sans-serif;\">Wer steckt hinter diesem AMS Factsheets und warum?<\/span><\/h3>\n<p><span style=\"font-family: Arvo, sans-serif; font-size: medium;\">Eine Gruppe von Privatpersonen aus aller Welt, die die Wahrheit ans Licht bringen und verbreiten m\u00f6chten. Ziel dieses Informationsblatts ist es, Ihnen gerade genug grundlegende Informationen f\u00fcr weitere Nachforschungen zu liefern und gleichzeitig die sich anbahnende Kontroverse hervorzuheben, damit Sie leichter objektiv bleiben k\u00f6nnen. Die hier bereitgestellten minimalen Informationen kratzen nur an der Oberfl\u00e4che. Wir ermutigen Sie, die m\u00f6glichen Motive aller Seiten zu ber\u00fccksichtigen und Ihre eigenen Schlussfolgerungen zu ziehen.<\/span><\/p>\n<hr>\n<h1>\n<p style=\"text-align: center;\"><span style=\"font-size: xx-large; font-family: Arvo, sans-serif;\">Zusatzleistungen von AMS<\/span><\/p>\n<\/h1>\n<p><span style=\"font-size: medium; font-family: Arvo, sans-serif;\">Nach Ansicht von \u00c4rzten scheint genau dies im K\u00f6rper zu passieren, wenn AMS eingenommen wird.<\/span><\/p>\n<h3><span style=\"font-size: medium; font-family: Arvo, sans-serif;\">Zerst\u00f6rte Organismen<\/span><\/h3>\n<p><span style=\"font-size: medium; font-family: Arvo, sans-serif;\">AMS zerst\u00f6rt Mikroorganismen, darunter Viren, Bakterien, Pilze,<\/span> <span style=\"font-size: medium; font-family: Arvo, sans-serif;\">Schimmel, Hefen und Parasiten, die verschiedene Krankheiten verursachen. Viren<\/span> <span style=\"font-size: medium; font-family: Arvo, sans-serif;\">werden durch einen anderen Mechanismus abget\u00f6tet als Bakterien und alle anderen <\/span><span style=\"font-size: medium; font-family: Arvo, sans-serif;\">Mikroorganismen: AMS verhindert die Bildung spezieller Proteine<\/span> <span style=\"font-size: medium; font-family: Arvo, sans-serif;\">notwendig f\u00fcr das Viruswachstum und f\u00fchrt so zur Zerst\u00f6rung des Virus.<\/span> <span style=\"font-size: medium; font-family: Arvo, sans-serif;\">Die Abt\u00f6tung von Krankheitserregern dauert in der Regel zwischen<\/span> <span style=\"font-size: medium; font-family: Arvo, sans-serif;\">4 Stunden und 4 Wochen, aber oft weniger als eine Woche. Dies gilt f\u00fcr<\/span> <span style=\"font-size: medium; font-family: Arvo, sans-serif;\">alle Formen von Infektionen und anderen Mikroorganismen sowie Blut<\/span> <span style=\"font-size: medium; font-family: Arvo, sans-serif;\">Krankheiten wie Leuk\u00e4mie.<\/span><\/p>\n<h3><span style=\"font-family: Arvo, sans-serif; font-size: medium;\"><span style=\"font-size: medium;\">Oxidierte Schwermetalle<\/span> <\/span><\/h3>\n<p><span style=\"font-family: Arvo, sans-serif; font-size: medium;\">AMS oxidiert die Schwermetalle im K\u00f6rper. Ich glaube das, weil es eine Reihe von Tests gab, bei denen die Haarwurzeln einer Person vor und nach der Einnahme von AMS untersucht wurden. Etwa zwei Wochen danach waren die Schwermetalle verschwunden, darunter Quecksilber, Blei und andere. Das Testen der Haarwurzeln ist ein guter Hinweis auf die Abwesenheit oder Anwesenheit von Schwermetallen. Die Oxidation der Schwermetalle ist nicht dasselbe wie Chelatisierung, aber die Ergebnisse sind dieselben. Wenn ein Schwermetall oxidiert wird, wird es neutralisiert und einfach aus dem K\u00f6rper ausgewaschen.<\/span><\/p>\n<h3><span style=\"font-size: medium; font-family: Arvo, sans-serif;\">Neutralisierte Fremdk\u00f6rper<\/span><\/h3>\n<p><span style=\"font-size: medium; font-family: Arvo, sans-serif;\">AMS wird im gesamten K\u00f6rper transportiert, wo es Fremdstoffe neutralisiert, die im Allgemeinen giftig sind. Durch Oxidation werden Gifte neutralisiert und einfach aus dem K\u00f6rper gesp\u00fclt. Fast alle giftigen Stoffe oxidieren leicht. Diese Gifte lagern sich an verschiedenen Stellen ab und behindern die K\u00f6rperfunktionen. Durch Oxidation werden sie abgel\u00f6st und wie Schwermetalle aus dem K\u00f6rper gesp\u00fclt.<\/span><\/p>\n<h3><span style=\"font-size: medium; font-family: Arvo, sans-serif;\">Gifte neutralisiert<\/span>&lt;\/h3\n\n<span>Die meisten Gifte von Schlangen und anderen giftigen Tieren werden oxidiert, wenn ausreichende Mengen AMS eingenommen werden. Die meisten Lebensmittelgifte, die man in Restaurants oder in Ihrem K\u00fchlschrank findet, sind oxidiert, weshalb man bei Schlangengiften oder Lebensmittelvergiftungen alle 15 Minuten eine Dosis einnehmen sollte.<\/span><\/p>\n<h3><span style=\"font-size: medium; font-family: Arvo, sans-serif;\">Verbrennungen geheilt<\/span><\/h3>\n<p><span style=\"font-size: medium; font-family: Arvo, sans-serif;\">Die bei Verbrennungen, insbesondere Typ 3, entstehenden Gifte werden neutralisiert, wenn sie sofort (oder sogar innerhalb von Stunden) mit inaktiviertem AMS (NaClO2) abgedeckt werden. NaClO2 sollte nicht l\u00e4nger als 5 Minuten einwirken. Anschlie\u00dfend muss es mit Wasser abgesp\u00fclt werden. Dies kann zweimal durchgef\u00fchrt werden, sodass insgesamt 10 Minuten (in den meisten F\u00e4llen nicht l\u00e4nger) inaktiviertes AMS (NaClo2) auf der Verbrennung verbleiben. Solange jedoch Schmerzen vorhanden sind, kann man weiterhin f\u00fcr kurze Zeit inaktiviertes AMS (NaClo2) auf die Verbrennung auftragen, jedoch nie l\u00e4nger als 5 Minuten. Abgeheilte Verbrennungen Die bei Verbrennungen, insbesondere Typ 3, entstehenden Gifte werden neutralisiert, wenn sie sofort (oder sogar innerhalb von Stunden) mit inaktiviertem AMS (NaClO2) abgedeckt werden. NaClO2 sollte nicht l\u00e4nger als 5 Minuten einwirken. Anschlie\u00dfend muss es mit Wasser abgesp\u00fclt werden. Dies kann zweimal durchgef\u00fchrt werden, sodass insgesamt 10 Minuten (in den meisten F\u00e4llen nicht l\u00e4nger) inaktiviertes AMS (NaClo2) auf der Verbrennung verbleiben. Solange jedoch Schmerzen vorhanden sind, kann man weiterhin inaktiviertes AMS (NaClo2) f\u00fcr kurze Zeit auf die Verbrennung auftragen, jedoch nie l\u00e4nger als 5 Minuten.<\/span><\/p><\/h3>","protected":false},"excerpt":{"rendered":"<p>AMS What is AMS? AMS is the common name for Chlorine Dioxide (ClO2), which is produced when Sodium Chlorite is mixed (activated) with an acid (usually citric acid\u2014a common citrus fruit extract). In 1997, it was discovered that Chlorine Dioxide quickly cured malaria. Further research revealed that many other ailments could either be improved or [&#8230;]\n","protected":false},"author":34,"featured_media":0,"parent":0,"menu_order":0,"comment_status":"closed","ping_status":"closed","template":"","meta":{"ngg_post_thumbnail":0,"footnotes":""},"class_list":["post-595","page","type-page","status-publish","hentry"],"_links":{"self":[{"href":"https:\/\/laubeholistic.com\/de\/wp-json\/wp\/v2\/pages\/595","targetHints":{"allow":["GET"]}}],"collection":[{"href":"https:\/\/laubeholistic.com\/de\/wp-json\/wp\/v2\/pages"}],"about":[{"href":"https:\/\/laubeholistic.com\/de\/wp-json\/wp\/v2\/types\/page"}],"author":[{"embeddable":true,"href":"https:\/\/laubeholistic.com\/de\/wp-json\/wp\/v2\/users\/34"}],"replies":[{"embeddable":true,"href":"https:\/\/laubeholistic.com\/de\/wp-json\/wp\/v2\/comments?post=595"}],"version-history":[{"count":24,"href":"https:\/\/laubeholistic.com\/de\/wp-json\/wp\/v2\/pages\/595\/revisions"}],"predecessor-version":[{"id":7271,"href":"https:\/\/laubeholistic.com\/de\/wp-json\/wp\/v2\/pages\/595\/revisions\/7271"}],"wp:attachment":[{"href":"https:\/\/laubeholistic.com\/de\/wp-json\/wp\/v2\/media?parent=595"}],"curies":[{"name":"wp","href":"https:\/\/api.w.org\/{rel}","templated":true}]}}