{"id":26,"date":"2014-09-15T10:35:19","date_gmt":"2014-09-15T10:35:19","guid":{"rendered":"http:\/\/www.harmonikdesign.com\/activatedmineralsolution\/?page_id=26"},"modified":"2022-10-20T15:47:15","modified_gmt":"2022-10-20T15:47:15","slug":"protocols-and-manuals","status":"publish","type":"page","link":"https:\/\/laubeholistic.com\/de\/protocols-and-manuals\/","title":{"rendered":"Protokolle und Handb\u00fccher"},"content":{"rendered":"<h4 class=\"pdfdocument\"><span style=\"color: #000000;\"><strong>Funktion und Verst\u00e4ndnis von AMS<\/strong><\/span><\/h4>\n<div class=\"pdfdocument\">\n<p><span style=\"color: #000000;\">Was ist AMS und wie wirkt es in unserem K\u00f6rper?&nbsp; <\/span><span style=\"color: #000000;\">In dieser Brosch\u00fcre erhalten Sie eine leicht verst\u00e4ndliche Erkl\u00e4rung zur Funktion und zum Verst\u00e4ndnis von AMS.<\/span><\/p>\n<p><a href=\"https:\/\/laubeholistic.com\/wp-content\/uploads\/AMS-Booklet-ENG.pdf\"><span style=\"color: #0000ff;\">Download auf ENGLISCH<\/span><\/a><\/p>\n<p><a href=\"https:\/\/laubeholistic.com\/wp-content\/uploads\/Funcion_comprension_ESP_compressed.pdf\"><span style=\"color: #0000ff;\">Auf ESPA\u00d1OL herunterladen<\/span><\/a><\/p>\n<\/div>\n<h4>&nbsp;<\/h4>\n<h4 class=\"pdfdocument\"><span style=\"color: #000000;\"><strong>Handbuch von AMS<br \/>\n<\/strong><\/span><\/h4>\n<div class=\"pdfdocument\">\n<p><span style=\"color: #000000;\">In der AMS-Anleitung erfahren Sie alles, was Sie \u00fcber die Verwendung und Anwendung von AMS wissen m\u00fcssen. Sie erhalten alle Informationen, die Sie zur Zubereitung der richtigen AMS-Dosis zum Trinken oder zur \u00e4u\u00dferlichen Anwendung ben\u00f6tigen.<\/span><\/p>\n<p><span style=\"color: #0000ff;\"><a class=\"pdf\" style=\"color: #0000ff;\" href=\"https:\/\/laubeholistic.com\/wp-content\/uploads\/ams_booklet_eng_new.pdf\">Download auf ENGLISCH<\/a><\/span><\/p>\n<\/div>\n<h4>&nbsp;<\/h4>\n<h4><span style=\"color: #000000;\"><strong>Protokoll 1000<\/strong><\/span><\/h4>\n<p><span style=\"color: #0000ff;\"><a class=\"pdf\" style=\"color: #0000ff;\" href=\"https:\/\/laubeholistic.com\/wp-content\/uploads\/PDF-Protocol-1000.pdf\">Download auf ENGLISCH<\/a><\/span><\/p>\n<p><span style=\"color: #0000ff;\"><a style=\"color: #0000ff;\" href=\"https:\/\/laubeholistic.com\/wp-content\/uploads\/PDF-ESP-Protocolo-1000.pdf\">Auf ESPA\u00d1OL herunterladen<\/a><\/span><\/p>\n<h4>&nbsp;<\/h4>\n<h4><span style=\"color: #000000;\"><strong>Protokoll 1000+ mit DMSO&nbsp;<\/strong><\/span><\/h4>\n<p><span style=\"color: #0000ff;\"><a style=\"color: #0000ff;\" href=\"https:\/\/laubeholistic.com\/wp-content\/uploads\/PDF-Protocol-1000-ENG.pdf\">Download auf ENGLISCH<\/a><\/span><\/p>\n<div class=\"pdfdocument\">\n<h4>&nbsp;<\/h4>\n<h4><span style=\"color: #000000;\"><strong>Geschmacksmanagement&nbsp;<\/strong><\/span><\/h4>\n<p><span style=\"color: #000000;\">Wenn Sie erst einmal die Einfachheit und den Nutzen dieser Vorgehensweise erfahren haben, werden die sekund\u00e4ren Methoden zur Behandlung des Geschmacks \u00fcberfl\u00fcssig. Es gab buchst\u00e4blich Hunderte, wenn nicht Tausende von Menschen, die zun\u00e4chst sagten: \u201eOh, der Geschmack von AMS st\u00f6rt mich nicht\u201c, und denen dann mehrere Wochen sp\u00e4ter schlecht wurde, wenn sie nur daran dachten oder dar\u00fcber sprachen. Wenn dies auf Sie zutrifft, klicken Sie auf den Download-Link unten, um eine L\u00f6sung zu erhalten.<\/span><\/p>\n<p><span style=\"color: #0000ff;\"><a class=\"pdf\" style=\"color: #0000ff;\" href=\"https:\/\/laubeholistic.com\/wp-content\/uploads\/2014\/10\/Taste-Management.pdf\">Download auf ENGLISCH<\/a><\/span><\/p>\n<\/div>\n<h4>&nbsp;<\/h4>\n<h4><span style=\"color: #000000;\"><strong>Protokoll 1000 f\u00fcr Tiere<\/strong><\/span><\/h4>\n<p><span style=\"color: #000000;\">Geben Sie zun\u00e4chst die angegebene Anzahl AMS-Tropfen in ein sauberes, trockenes Glas.<\/span><\/p>\n<p><span style=\"color: #000000;\">Aktivieren Sie es wie folgt: Geben Sie f\u00fcr jeden Tropfen AMS im Glas einen Tropfen ACTIVATOR hinzu.<\/span><\/p>\n<p><span style=\"color: #000000;\">Zum Mischen sch\u00fctteln oder schwenken. 30 Sekunden warten.<\/span><\/p>\n<p><span style=\"color: #000000;\">Geben Sie die H\u00e4lfte in ein volles Glas Wasser oder Saft und verabreichen Sie es dem Tier zu trinken.<\/span><\/p>\n<p><span style=\"color: #000000;\">Verwenden Sie keinen Orangensaft. Verwenden Sie keine S\u00e4fte mit zugesetztem Vitamin C oder Ascorbins\u00e4ure. Verwenden Sie keine konzentrierten S\u00e4fte, denen Wasser zugesetzt werden muss. Frische S\u00e4fte sind am besten.<\/span><\/p>\n<p><span style=\"color: #0000ff;\"><a class=\"pdf\" style=\"color: #0000ff;\" href=\"https:\/\/laubeholistic.com\/wp-content\/uploads\/PDF-Protocol-1000-for-Animals.pdf\" target=\"_blank\" rel=\"noopener noreferrer\">Download auf ENGLISCH<\/a><\/span><\/p>\n<p><a href=\"https:\/\/laubeholistic.com\/wp-content\/uploads\/PDF-ESP-Protocolo-1000-Animales.pdf\"><span style=\"color: #0000ff;\">Auf ESPA\u00d1OL herunterladen<\/span><\/a><\/p>\n<h4>&nbsp;<\/h4>\n<h4><span style=\"color: #000000;\"><strong>Protokoll f\u00fcr alle Grippetypen<\/strong><\/span><\/h4>\n<p><span style=\"color: #000000;\">Geben Sie zun\u00e4chst die angegebene Anzahl AMS-Tropfen in ein sauberes, trockenes Glas.<\/span><\/p>\n<p><span style=\"color: #000000;\">Aktivieren Sie es wie folgt: Geben Sie f\u00fcr jeden Tropfen AMS im Glas einen Tropfen ACTIVATOR hinzu.<\/span><\/p>\n<p><span style=\"color: #000000;\">Zum Mischen sch\u00fctteln oder schwenken. 30 Sekunden warten.<\/span><\/p>\n<p><span style=\"color: #000000;\">Geben Sie die H\u00e4lfte in ein volles Glas Wasser oder Saft und trinken Sie es anschlie\u00dfend.<\/span><\/p>\n<p><span style=\"color: #000000;\">Verwenden Sie keinen Orangensaft. Verwenden Sie keine S\u00e4fte mit zugesetztem Vitamin C oder Ascorbins\u00e4ure. Verwenden Sie keine konzentrierten S\u00e4fte, denen Wasser zugesetzt werden muss. Frische S\u00e4fte sind am besten.<\/span><\/p>\n<p><span style=\"color: #0000ff;\"><a class=\"pdf\" style=\"color: #0000ff;\" href=\"https:\/\/laubeholistic.com\/wp-content\/uploads\/PDF-Protocol-for-all-Types-of-Flu.pdf\">Download auf ENGLISCH<\/a><\/span><\/p>\n<p><span style=\"color: #0000ff;\"><a style=\"color: #0000ff;\" href=\"https:\/\/laubeholistic.com\/wp-content\/uploads\/PDF-ESP-Protocolo-gripe.pdf\">Auf ESPA\u00d1OL herunterladen<\/a><\/span><\/p>\n<div class=\"pdfdocument\">\n<h4>&nbsp;<\/h4>\n<h4><span style=\"color: #000000;\"><strong>Protokoll 2000&nbsp;<\/strong><\/span><\/h4>\n<p><span style=\"color: #000000;\">Bei diesem Verfahren werden st\u00fcndlich so viele Tropfen aktiviertes AMS eingenommen, wie der Patient vertr\u00e4gt, ohne kr\u00e4nker zu werden, sich schlechter zu f\u00fchlen oder Durchfall zu bekommen.<\/span><\/p>\n<p><span style=\"color: #000000;\"> Dies muss 10 Stunden am Tag, 3 Wochen lang oder bis zur Genesung durchgef\u00fchrt werden.<\/span><\/p>\n<p><span style=\"color: #000000;\">Es wird empfohlen, mit nur einem Tropfen pro Stunde zu beginnen und die Anzahl der Tropfen schnell zu steigern, bis Sie die gew\u00fcnschte Menge erreichen.<\/span><\/p>\n<p><span style=\"color: #0000ff;\"><a class=\"pdf\" style=\"color: #0000ff;\" href=\"https:\/\/laubeholistic.com\/wp-content\/uploads\/PDF-Protocol-2000-for-Cancer.pdf\">Download auf ENGLISCH<\/a><\/span><\/p>\n<p><span style=\"color: #0000ff;\"><a style=\"color: #0000ff;\" href=\"https:\/\/laubeholistic.com\/wp-content\/uploads\/PDF-ESP-Protocolo-2000-Cancer.pdf\">Auf ESPA\u00d1OL herunterladen<\/a><\/span><\/p>\n<\/div>\n<div class=\"pdfdocument\">\n<h4>&nbsp;<\/h4>\n<h4><span style=\"color: #000000;\"><strong>Protokoll zur Hautpflege&nbsp;<\/strong><\/span><\/h4>\n<p><span style=\"color: #000000;\">Die Anwendung von AMS auf der Haut kann sehr effektiv sein. Es beseitigt nahezu jede Art bekannter Hauterkrankung. Die Anwendung von AMS kann bei der Heilung von Verbrennungen und Wunden aller Art helfen, oft in weniger als der H\u00e4lfte der durchschnittlichen Zeit.<\/span><\/p>\n<p><span style=\"color: #0000ff;\"><a class=\"pdf\" style=\"color: #0000ff;\" href=\"https:\/\/laubeholistic.com\/wp-content\/uploads\/PDF-Protocol-for-Skin-Care.pdf\">Download auf ENGLISCH<\/a><\/span><\/p>\n<p><span style=\"color: #0000ff;\"><a style=\"color: #0000ff;\" href=\"https:\/\/laubeholistic.com\/wp-content\/uploads\/PDF-ESP-Protocolo-piel.pdf\">Auf ESPA\u00d1OL herunterladen<\/a><\/span><\/p>\n<\/div>\n<div class=\"pdfdocument\">\n<h4>&nbsp;<\/h4>\n<h4><span style=\"color: #000000;\"><strong>Protokoll f\u00fcr Brandverletzte<\/strong><\/span><\/h4>\n<p><span style=\"color: #000000;\">Jede Verbrennung sollte mit unverd\u00fcnntem AMS (NaClO2) bespr\u00fcht werden, mit <strong>kein Aktivator hinzugef\u00fcgt. <\/strong>Direkt aus einer kleinen Spr\u00fchflasche verwenden. <strong>F\u00fcgen Sie nicht hinzu <em>Aktivator<\/em><\/strong>. Wenn Sie keine Spr\u00fchflasche haben, tragen Sie unverd\u00fcnntes AMS (NaClO2) direkt auf die Verbrennung auf und stellen Sie sicher, dass die Stelle mit unverd\u00fcnntem AMS (NaClO2) getr\u00e4nkt ist. Lassen Sie das AMS eine Minute lang auf der Verbrennung und sp\u00fclen Sie es dann ab. Wenn der Schmerz anh\u00e4lt oder wiederkehrt, wiederholen Sie dies eine weitere Minute lang und stellen Sie sicher, dass das Produkt am Ende der Behandlung von der Haut abgesp\u00fclt wird.<\/span><\/p>\n<p><span style=\"color: #0000ff;\"><a class=\"pdf\" style=\"color: #0000ff;\" href=\"https:\/\/laubeholistic.com\/wp-content\/uploads\/PDF-Protocol-for-burn-Victims.pdf\" target=\"_blank\" rel=\"noopener noreferrer\">Download auf ENGLISCH<\/a><\/span><\/p>\n<\/div>\n<h4>&nbsp;<\/h4>\n<h4><span style=\"color: #000000;\"><strong>Das sakramentale Impfprotokoll<\/strong><\/span><\/h4>\n<p><a href=\"https:\/\/laubeholistic.com\/wp-content\/uploads\/PDF-Protocol-for-Vaccine.pdf\"><span style=\"color: #0000ff;\">Download auf ENGLISCH<\/span><\/a><\/p>\n<h4>&nbsp;<\/h4>\n<h4 class=\"pdfdocument\"><span style=\"color: #000000;\"><strong>Protokoll f\u00fcr ein AMS-Bad<\/strong><\/span><\/h4>\n<p><span style=\"color: #000000;\">Zus\u00e4tzlich zur oralen Einnahme von AMS ist es m\u00f6glich, AMS durch die Haut direkt in den darunter liegenden Muskel aufzunehmen. W\u00e4hrend orale Dosen haupts\u00e4chlich die roten Blutk\u00f6rperchen mit ClO2-Gas versorgen, liefert AMS, das durch die Haut eindringt, ClO2-Gas direkt in das fl\u00fcssige Blutplasma.<\/span><\/p>\n<p><a class=\"pdf\" href=\"https:\/\/laubeholistic.com\/wp-content\/uploads\/PDF-Protocol-for-a-Bath.pdf\" target=\"_blank\" rel=\"noopener noreferrer\"><span style=\"color: #0000ff;\">Download auf ENGLISCH<\/span><\/a><\/p>\n<p><span style=\"color: #0000ff;\"><a style=\"color: #0000ff;\" href=\"https:\/\/laubeholistic.com\/wp-content\/uploads\/PDF-ESP-Protocolo-Bano.pdf\">Auf ESPA\u00d1OL herunterladen<\/a><\/span><\/p>\n<h4>&nbsp;<\/h4>\n<h4 class=\"pdfdocument\"><span style=\"color: #000000;\"><strong>DMSO-Protokoll-Verfahrensschritte<\/strong><\/span><\/h4>\n<p class=\"pdfdocument\"><span style=\"color: #0000ff;\"><a class=\"pdf\" style=\"color: #0000ff;\" href=\"https:\/\/laubeholistic.com\/wp-content\/uploads\/2014\/10\/DMSO-PROTOCOL-Procedure-Steps.pdf\" target=\"_blank\" rel=\"noopener noreferrer\">Download auf ENGLISCH<\/a><\/span><\/p>\n<h4>&nbsp;<\/h4>\n<h4 class=\"pdfdocument\"><span style=\"color: #000000;\"><strong>Protokoll 3000<\/strong><\/span><\/h4>\n<p><span style=\"color: #0000ff;\"><a class=\"pdf\" style=\"color: #0000ff;\" href=\"https:\/\/laubeholistic.com\/wp-content\/uploads\/PDF-Protocol-3000-with-DMSO.pdf\" target=\"_blank\" rel=\"noopener noreferrer\">Download auf ENGLISCH<\/a><\/span><\/p>\n<p><span style=\"color: #0000ff;\"><a style=\"color: #0000ff;\" href=\"https:\/\/laubeholistic.com\/wp-content\/uploads\/PDF-ESP-Protocolo-3000-DMSO.pdf\">Auf ESPA\u00d1OL herunterladen<\/a><\/span><\/p>\n<div class=\"pdfdocument\">\n<h4>&nbsp;<\/h4>\n<h4><span style=\"color: #000000;\"><strong>Protokoll EBOLA<\/strong><\/span><\/h4>\n<p><span style=\"color: #0000ff;\"><a class=\"pdf\" style=\"color: #0000ff;\" href=\"https:\/\/laubeholistic.com\/wp-content\/uploads\/PDF-Protocol-for-Ebola.pdf\" target=\"_blank\" rel=\"noopener noreferrer\">Download auf ENGLISCH<\/a><\/span><\/p>\n<h4>&nbsp;<\/h4>\n<h4><strong><span style=\"color: #000000;\">Protokoll CORONA<\/span><\/strong><\/h4>\n<\/div>\n<p class=\"pdfdocument\"><span style=\"color: #0000ff;\"><a style=\"color: #0000ff;\" href=\"https:\/\/laubeholistic.com\/wp-content\/uploads\/PDF-Protocol-Corona-ENG_ESP.pdf\">D<span style=\"color: #0000ff;\">ownload in ENGLISCH<\/span><\/a><\/span><\/p>\n<p class=\"pdfdocument\"><span style=\"color: #0000ff;\"><a style=\"color: #0000ff;\" href=\"https:\/\/laubeholistic.com\/wp-content\/uploads\/PDF-Protocol-Corona-ENG_ESP.pdf\"><span style=\"color: #0000ff;\">Auf ESPA\u00d1OL herunterladen<\/span><\/a><\/span><\/p>\n<h4>&nbsp;<\/h4>\n<h4><span style=\"color: #000000;\"><strong>Anleitung zur Zubereitung des ESSIAC Tees<\/strong><\/span><\/h4>\n<p><span style=\"color: #0000ff;\"><a style=\"color: #0000ff;\" href=\"https:\/\/laubeholistic.com\/wp-content\/uploads\/Essiac-Tea-Instruction-ENG.pdf\">Download auf ENGLISCH<\/a><\/span><\/p>\n<h4>&nbsp;<\/h4>\n<h4><span style=\"color: #000000;\"><strong>Autismus von Andreas Kalcker<\/strong><\/span><\/h4>\n<p><span style=\"color: #0000ff;\"><a style=\"color: #0000ff;\" href=\"https:\/\/laubeholistic.com\/wp-content\/uploads\/Autism_by_Andreas_Kalcker.pdf\">Download auf ENGLISCH<\/a><\/span><\/p>\n<h4>&nbsp;<\/h4>\n<h4><span style=\"color: #000000;\"><strong>CDS-Protokoll C (101)<br \/>\n<\/strong><\/span><\/h4>\n<p><span style=\"color: #0000ff;\"><a style=\"color: #0000ff;\" href=\"https:\/\/laubeholistic.com\/wp-content\/uploads\/PDF-Protocol-C-ENG.pdf\">Download auf ENGLISCH<\/a><\/span><\/p>\n<p><a href=\"https:\/\/laubeholistic.com\/wp-content\/uploads\/PDF_CDS_Protocol_C_esp.pdf\"><span style=\"color: #0000ff;\">Auf ESPA\u00d1OL herunterladen<\/span><\/a><\/p>\n<h4>&nbsp;<\/h4>\n<h4><span style=\"color: #000000;\"><strong>CDS-Protokoll D: wie in Dermatologie<\/strong><\/span><\/h4>\n<p><span style=\"color: #0000ff;\"><a style=\"color: #0000ff;\" href=\"https:\/\/laubeholistic.com\/wp-content\/uploads\/PDF-Protocol-D-ENG.pdf\">Download auf ENGLISCH<\/a><\/span><\/p>\n<p><span style=\"color: #0000ff;\"><a style=\"color: #0000ff;\" href=\"https:\/\/laubeholistic.com\/wp-content\/uploads\/PDF-CDS-Protocol-D-ESP.pdf\"><span style=\"color: #0000ff;\">Auf ESPA\u00d1OL herunterladen<\/span><\/a><\/span><\/p>\n<h4>&nbsp;<\/h4>\n<h4><span style=\"color: #000000;\"><strong>CDS-Protokoll E: wie bei Einl\u00e4ufen<\/strong><\/span><\/h4>\n<p><span style=\"color: #0000ff;\"><a style=\"color: #0000ff;\" href=\"https:\/\/laubeholistic.com\/wp-content\/uploads\/PDF-Protocol-E-ENG.pdf\">Download auf ENGLISCH<\/a><\/span><\/p>\n<p><span style=\"color: #0000ff;\"><a style=\"color: #0000ff;\" href=\"https:\/\/laubeholistic.com\/wp-content\/uploads\/PDF-CDS-Protocol-E-ESP.pdf\">Auf ESPA\u00d1OL herunterladen<\/a><\/span><\/p>\n<h4>&nbsp;<\/h4>\n<h4><span style=\"color: #000000;\"><strong>CDS-Protokoll F: wie h\u00e4ufig<br \/>\n<\/strong><\/span><\/h4>\n<p><span style=\"color: #0000ff;\"><a style=\"color: #0000ff;\" href=\"https:\/\/laubeholistic.com\/wp-content\/uploads\/PDF-Protocol-F-ENG.pdf\">Download auf ENGLISCH<\/a><\/span><\/p>\n<p><span style=\"color: #0000ff;\"><a style=\"color: #0000ff;\" href=\"https:\/\/laubeholistic.com\/wp-content\/uploads\/PDF-CDS-Protocol-F-ESP.pdf\">Auf ESPA\u00d1OL herunterladen<\/a><\/span><\/p>\n<h4>&nbsp;<\/h4>\n<h4><span style=\"color: #000000;\"><strong>CDS-Protokoll T: wie Terminal<\/strong><\/span><\/h4>\n<p><span style=\"color: #0000ff;\"><a style=\"color: #0000ff;\" href=\"https:\/\/laubeholistic.com\/wp-content\/uploads\/PDF-CDS-Protocol-T.pdf\">Download auf ENGLISCH<\/a><\/span><\/p>\n<p>&nbsp;<\/p>\n<h4><span style=\"color: #000000;\"><strong>CDS-Protokoll K: wie im Kit mit DMSO<\/strong><\/span><\/h4>\n<p><a href=\"https:\/\/laubeholistic.com\/wp-content\/uploads\/PDF-CDS-Protocol-K-eng.pdf\"><span style=\"color: #0000ff;\">Download auf ENGLISCH<\/span><\/a><\/p>\n<h4>&nbsp;<\/h4>\n<h4><strong><span style=\"color: #000000;\">CDS-Protokoll P: wie Parasiten<\/span><\/strong><\/h4>\n<p><span style=\"color: #0000ff;\"><a style=\"color: #0000ff;\" href=\"https:\/\/laubeholistic.com\/wp-content\/uploads\/PDF-CDS-Protocol-P-eng.pdf\">Download auf ENGLISCH<\/a><\/span><\/p>\n<p>&nbsp;<\/p>","protected":false},"excerpt":{"rendered":"<p>Function &amp; Understanding of AMS What is AMS and how does it work in our body?&nbsp; This booklet will give you an easy-to-follow explanation of the function and understanding of AMS. Download in ENGLISH Descargar en ESPA\u00d1OL &nbsp; Manual Booklet of AMS The AMS Manual Booklet will explain everything you need to know about HOW [&#8230;]\n","protected":false},"author":34,"featured_media":0,"parent":0,"menu_order":0,"comment_status":"closed","ping_status":"closed","template":"","meta":{"ngg_post_thumbnail":0,"footnotes":""},"class_list":["post-26","page","type-page","status-publish","hentry"],"_links":{"self":[{"href":"https:\/\/laubeholistic.com\/de\/wp-json\/wp\/v2\/pages\/26","targetHints":{"allow":["GET"]}}],"collection":[{"href":"https:\/\/laubeholistic.com\/de\/wp-json\/wp\/v2\/pages"}],"about":[{"href":"https:\/\/laubeholistic.com\/de\/wp-json\/wp\/v2\/types\/page"}],"author":[{"embeddable":true,"href":"https:\/\/laubeholistic.com\/de\/wp-json\/wp\/v2\/users\/34"}],"replies":[{"embeddable":true,"href":"https:\/\/laubeholistic.com\/de\/wp-json\/wp\/v2\/comments?post=26"}],"version-history":[{"count":54,"href":"https:\/\/laubeholistic.com\/de\/wp-json\/wp\/v2\/pages\/26\/revisions"}],"predecessor-version":[{"id":7776,"href":"https:\/\/laubeholistic.com\/de\/wp-json\/wp\/v2\/pages\/26\/revisions\/7776"}],"wp:attachment":[{"href":"https:\/\/laubeholistic.com\/de\/wp-json\/wp\/v2\/media?parent=26"}],"curies":[{"name":"wp","href":"https:\/\/api.w.org\/{rel}","templated":true}]}}