{"id":220,"date":"2012-05-11T19:18:26","date_gmt":"2012-05-11T19:18:26","guid":{"rendered":"https:\/\/laubeholistic.com\/?page_id=220"},"modified":"2023-01-12T12:43:48","modified_gmt":"2023-01-12T12:43:48","slug":"terms","status":"publish","type":"page","link":"https:\/\/laubeholistic.com\/de\/terms\/","title":{"rendered":"Terms &amp; amp; Bedingungen"},"content":{"rendered":"<h1>Terms &amp; amp; Bedingungen<\/h1>\n<p>Die Produkte und die auf oder \u00fcber diese Site gemachten Aussagen zu bestimmten Produkten wurden nicht von der US-amerikanischen Food and Drug Administration bewertet und sind nicht zur Diagnose, Behandlung, Heilung oder Vorbeugung von Krankheiten bestimmt. Die auf dieser Site bereitgestellten Informationen dienen nur zu Informationszwecken und sind kein Ersatz f\u00fcr den Rat Ihres Arztes oder anderen medizinischen Fachpersonals oder f\u00fcr Informationen auf oder in einem Produktetikett oder einer Produktverpackung. Sie sollten die Informationen auf dieser Site nicht zur Diagnose oder Behandlung gesundheitlicher Probleme oder zur Verschreibung von Medikamenten oder anderen Behandlungen verwenden. Sie sollten einen Arzt konsultieren, bevor Sie mit einer Di\u00e4t, einem Trainings- oder Nahrungserg\u00e4nzungsprogramm beginnen, bevor Sie Medikamente einnehmen oder wenn Sie ein gesundheitliches Problem haben oder vermuten, dass Sie ein gesundheitliches Problem haben k\u00f6nnten.<\/p>\n<p><em>Laube Holistic<\/em> erteilt keine medizinischen Ratschl\u00e4ge, verschreibt keine Medikamente und diagnostiziert keine Krankheiten. Alle Ansichten und Ideen, die von <em>Laube Holistic<\/em> sind kein Ersatz f\u00fcr konventionelle medizinische Beratung oder Dienstleistungen. Sie erkl\u00e4ren sich damit einverstanden, dass gegen\u00fcber keiner Person oder Einrichtung Verantwortung oder Haftung f\u00fcr Verluste, Sch\u00e4den oder Verletzungen \u00fcbernommen wird, die direkt oder indirekt durch die auf dieser Website enthaltenen Informationen verursacht wurden oder angeblich verursacht wurden. Wenn Sie an einer schweren Erkrankung leiden, wenden Sie sich bitte an einen zugelassenen Arzt.<\/p>\n<p>Der Eigent\u00fcmer dieser Website ist kein zugelassener Arzt oder Heilpraktiker und sollte nicht als solcher betrachtet oder kontaktiert werden. Der Eigent\u00fcmer dieser Website bietet keine unterst\u00fctzenden Aussagen zu Beschwerden oder Krankheiten an, da dies illegal ist.<\/p>\n<p>Beachten Sie auch: Diese Website enth\u00e4lt Links zu anderen Websites, die von Dritten betrieben werden. Diese Links dienen lediglich Ihrer Bequemlichkeit und als Referenz. Der Eigent\u00fcmer dieser Website ist nicht verantwortlich f\u00fcr den Inhalt oder die Produkte der verlinkten Websites oder der darin enthaltenen Links. Die Websites und Videos, auf die von hier aus verlinkt wird, <em>Laube Holistic<\/em> stellen ausschlie\u00dflich die Meinung ihrer Produzenten dar. Links zu diesen Websites und Videos werden Ihnen als Ressource f\u00fcr Ihre eigene Recherche und Bewertung zur Verf\u00fcgung gestellt, nicht als Empfehlung.<\/p>\n<p><strong>R\u00fcckgaberecht<\/strong><\/p>\n<p>Unsere Richtlinie gilt f\u00fcr einen Zeitraum von 30 Kalendertagen ab dem Kaufdatum. Wenn Sie das Produkt w\u00e4hrend dieses Zeitraums gegen Erstattung zur\u00fcckgeben m\u00f6chten, k\u00f6nnen Sie dies tun, sofern die unten aufgef\u00fchrten Bedingungen erf\u00fcllt sind. Bitte beachten Sie, dass wir Ihnen nach Ablauf der 30-t\u00e4gigen Frist leider keine R\u00fcckerstattung anbieten k\u00f6nnen.<\/p>\n<p>R\u00fcckerstattungsvoraussetzungen<\/p>\n<p>Um Anspruch auf eine R\u00fcckerstattung zu haben, m\u00fcssen folgende Kriterien erf\u00fcllt sein:<\/p>\n<p>\u2013 Produkt ist defekt<br \/>\n\u2013 Produkt entspricht nicht der Beschreibung<br \/>\n\u2013 Das Produkt muss unbenutzt sein<br \/>\n\u2013 Das Produkt darf nicht besch\u00e4digt sein<\/p>\n<p>Um sicherzustellen, dass die oben genannten Kriterien erf\u00fcllt sind, werden alle R\u00fccksendungen \u00fcberpr\u00fcft. Wenn das Produkt die aufgef\u00fchrten Kriterien nicht erf\u00fcllt, behalten wir uns das Recht vor, keine R\u00fcckerstattung zu gew\u00e4hren.<\/p>\n<p>Kaufbeleg<\/p>\n<p>Um Ihre R\u00fcckerstattung abzuschlie\u00dfen, ben\u00f6tigen wir eine Quittung, einen Bestellschein oder einen anderen Kaufbeleg. Bitte beachten Sie, dass wir ohne den oben genannten Kaufbeleg keine R\u00fcckerstattung ausstellen, sondern Ihnen stattdessen eine Gutschrift ausstellen.<\/p>\n<p>Versandartikel<\/p>\n<p>Um eine Bestellung zur\u00fcckzusenden, m\u00fcssen Sie uns zuerst kontaktieren.<\/p>\n<p>R\u00fccksendungen k\u00f6nnen an folgende Adresse geschickt werden: Calle Benasau 1, local bajo. Sie sind f\u00fcr die Zahlung der Versandkosten f\u00fcr die Artikel verantwortlich, die Sie zur\u00fccksenden m\u00f6chten. Wir erstatten nicht die Versandkosten, die der Kunde f\u00fcr die Lieferung der Produkte bezahlt hat.<\/p>\n<p>Sie m\u00fcssen darauf achten, dass die Waren ordnungsgem\u00e4\u00df verpackt sind, damit sie w\u00e4hrend des Transports nicht besch\u00e4digt werden. Wenn das Produkt besch\u00e4digt ist oder \u00fcber das f\u00fcr eine angemessene \u00dcberpr\u00fcfung erforderliche Ma\u00df hinaus verwendet wurde, k\u00f6nnen wir eine R\u00fcckerstattung ablehnen.<\/p>\n<p>Uns kontaktieren<\/p>\n<p>Wenn Sie Fragen, Bedenken oder Beschwerden bez\u00fcglich dieser R\u00fcckerstattungsrichtlinie haben, kontaktieren Sie uns bitte unter den folgenden Kontaktdaten:<\/p>\n<p>www.laubeholistic.com<br \/>\ninfo@laubeholistic.com<\/p>\n<p>Dieses Dokument wurde zuletzt am 2. M\u00e4rz 2020 aktualisiert.<\/p>","protected":false},"excerpt":{"rendered":"<p>Terms &amp; Conditions The products and the claims made about specific products on or through this site have not been evaluated by the US Food and Drug Administration and are not intended to diagnose, treat, cure or prevent disease. The information provided on this site is for informational purposes only and is not intended as [&#8230;]\n","protected":false},"author":34,"featured_media":0,"parent":0,"menu_order":0,"comment_status":"closed","ping_status":"closed","template":"","meta":{"ngg_post_thumbnail":0,"footnotes":""},"class_list":["post-220","page","type-page","status-publish","hentry"],"_links":{"self":[{"href":"https:\/\/laubeholistic.com\/de\/wp-json\/wp\/v2\/pages\/220","targetHints":{"allow":["GET"]}}],"collection":[{"href":"https:\/\/laubeholistic.com\/de\/wp-json\/wp\/v2\/pages"}],"about":[{"href":"https:\/\/laubeholistic.com\/de\/wp-json\/wp\/v2\/types\/page"}],"author":[{"embeddable":true,"href":"https:\/\/laubeholistic.com\/de\/wp-json\/wp\/v2\/users\/34"}],"replies":[{"embeddable":true,"href":"https:\/\/laubeholistic.com\/de\/wp-json\/wp\/v2\/comments?post=220"}],"version-history":[{"count":5,"href":"https:\/\/laubeholistic.com\/de\/wp-json\/wp\/v2\/pages\/220\/revisions"}],"predecessor-version":[{"id":11873,"href":"https:\/\/laubeholistic.com\/de\/wp-json\/wp\/v2\/pages\/220\/revisions\/11873"}],"wp:attachment":[{"href":"https:\/\/laubeholistic.com\/de\/wp-json\/wp\/v2\/media?parent=220"}],"curies":[{"name":"wp","href":"https:\/\/api.w.org\/{rel}","templated":true}]}}