{"id":207,"date":"2014-09-15T14:37:32","date_gmt":"2012-05-11T18:52:30","guid":{"rendered":"https:\/\/laubeholistic.com\/?page_id=207"},"modified":"2022-04-05T12:13:58","modified_gmt":"2022-04-05T12:13:58","slug":"immune-system","status":"publish","type":"page","link":"https:\/\/laubeholistic.com\/de\/immune-system\/","title":{"rendered":"Ihr Immunsystem"},"content":{"rendered":"<p>&nbsp;<\/p>\n<p><img loading=\"lazy\" decoding=\"async\" class=\"alignleft size-full wp-image-208\" title=\"Immunsystem\" src=\"https:\/\/laubeholistic.com\/wp-content\/uploads\/2012\/05\/immunesystem.jpg\" alt=\"Immune System\" width=\"248\" height=\"168\" srcset=\"https:\/\/laubeholistic.com\/wp-content\/uploads\/2012\/05\/immunesystem.jpg 248w, https:\/\/laubeholistic.com\/wp-content\/uploads\/2012\/05\/immunesystem-247x168.jpg 247w\" sizes=\"auto, (max-width: 248px) 100vw, 248px\" \/>Stellen Sie sich vor, Ihr Immunsystem ist ein Ritter mit einem gro\u00dfen Schwert. Jeden Tag ist er daf\u00fcr verantwortlich, Ihren K\u00f6rper vor unerw\u00fcnschten Eindringlingen und Feinden wie Monstern und Drachen zu sch\u00fctzen. <strong><em>(Viren, Bakterien, Infektionen und alle anderen anaeroben Krankheitserreger)<\/em><\/strong> . Er gibt immer sein Bestes, aber manchmal hat er mit bestimmten Feinden zu k\u00e4mpfen, die er nicht sofort besiegen kann oder die er manchmal nie besiegen kann, da sie zu m\u00e4chtig sind.<\/p>\n<p>Wenn dies geschieht, wird Ihr K\u00f6rper krank.<br \/>\n<img loading=\"lazy\" decoding=\"async\" class=\"alignleft size-full wp-image-209\" title=\"Immunsystem als Maschine\" src=\"https:\/\/laubeholistic.com\/wp-content\/uploads\/2012\/05\/immunesystem1.jpg\" alt=\"Immune System As A Machine\" width=\"248\" height=\"168\" srcset=\"https:\/\/laubeholistic.com\/wp-content\/uploads\/2012\/05\/immunesystem1.jpg 248w, https:\/\/laubeholistic.com\/wp-content\/uploads\/2012\/05\/immunesystem1-247x168.jpg 247w\" sizes=\"auto, (max-width: 248px) 100vw, 248px\" \/>Wenn Sie jetzt AMS verwenden, unterst\u00fctzen Sie unseren Ritter und tauschen sein gro\u00dfes Schwert gegen eine zweite, effektivere und st\u00e4rkere Waffe aus: ein gro\u00dfes, schweres Maschinengewehr.<br \/>\nMit diesem effektiveren Maschinengewehr ist unser Ritter nun in der Lage, die Feinde, mit denen er fr\u00fcher Probleme hatte, sehr einfach und schnell zu besiegen. Ihr Ritter ist nun in der Lage, jedes Problem, jeden Schmerz und jede Krankheit in Ihrem K\u00f6rper zu besiegen.<br \/>\nAMS ist eine schwere Waffe, die Ihrem Ritter dabei hilft, Krankheiten, Leiden und alle Arten von Infektionen zu besiegen. Das Ergebnis ist, dass Ihr K\u00f6rper wieder gesund wird, da die Krankheit oder das Leiden abget\u00f6tet wird!<\/p>","protected":false},"excerpt":{"rendered":"<p>&nbsp; Imagine your Immune System is a Knight with a big Sword . Everyday he is in charge of the protecting of your body from any unwanted intruders and enemies like Monsters and Dragons (Viruses, Bacteria, infections and all other anaerobic Pathogens) . He always does his best, but sometimes he struggles with certain enemies [&#8230;]\n","protected":false},"author":34,"featured_media":0,"parent":0,"menu_order":0,"comment_status":"closed","ping_status":"closed","template":"","meta":{"ngg_post_thumbnail":0,"footnotes":""},"class_list":["post-207","page","type-page","status-publish","hentry"],"_links":{"self":[{"href":"https:\/\/laubeholistic.com\/de\/wp-json\/wp\/v2\/pages\/207","targetHints":{"allow":["GET"]}}],"collection":[{"href":"https:\/\/laubeholistic.com\/de\/wp-json\/wp\/v2\/pages"}],"about":[{"href":"https:\/\/laubeholistic.com\/de\/wp-json\/wp\/v2\/types\/page"}],"author":[{"embeddable":true,"href":"https:\/\/laubeholistic.com\/de\/wp-json\/wp\/v2\/users\/34"}],"replies":[{"embeddable":true,"href":"https:\/\/laubeholistic.com\/de\/wp-json\/wp\/v2\/comments?post=207"}],"version-history":[{"count":1,"href":"https:\/\/laubeholistic.com\/de\/wp-json\/wp\/v2\/pages\/207\/revisions"}],"predecessor-version":[{"id":10245,"href":"https:\/\/laubeholistic.com\/de\/wp-json\/wp\/v2\/pages\/207\/revisions\/10245"}],"wp:attachment":[{"href":"https:\/\/laubeholistic.com\/de\/wp-json\/wp\/v2\/media?parent=207"}],"curies":[{"name":"wp","href":"https:\/\/api.w.org\/{rel}","templated":true}]}}