{"id":203,"date":"2014-09-15T14:34:41","date_gmt":"2012-05-11T18:41:02","guid":{"rendered":"https:\/\/laubeholistic.com\/?page_id=203"},"modified":"2015-08-04T10:30:42","modified_gmt":"2015-08-04T10:30:42","slug":"interview","status":"publish","type":"page","link":"https:\/\/laubeholistic.com\/de\/interview\/","title":{"rendered":"Interview"},"content":{"rendered":"<p>In diesem Interview spricht Matthew mit Tobias Laube. Tobias ist ein Gesundheitsforscher und P\u00e4dagoge, der zuf\u00e4llig auf ein wundersames Mineral stie\u00df, das Jim Humble erfolgreich einsetzte, um Menschen auf der ganzen Welt von Krankheiten wie Krebs, Aids, Malaria und vielen anderen zu heilen. Erfahren Sie die Geschichte, die die Pharmaunternehmen zu verschweigen versuchten.<\/p>\n<p>Wir empfehlen Ihnen dringend, sich das gesamte Interview anzusehen. Wenn Sie nicht die Zeit haben, sich alles anzusehen, verwenden Sie einfach die Auswahl \u201ePoints of Relevance\u201c direkt darunter und schauen Sie sich nur ein paar Minuten von dem an, was Sie interessiert.<\/p>\n<p><iframe loading=\"lazy\" width=\"1020\" height=\"574\" src=\"https:\/\/www.youtube.com\/embed\/qTek19trEYk?feature=oembed\" frameborder=\"0\" allowfullscreen><\/iframe><\/p>\n<p><strong>Wichtige Punkte<\/strong><\/p>\n<ul>\n<li><a href=\"#\"><strong>Einf\u00fchrung<\/strong><\/a>\u2013 00:00 Min.<\/li>\n<li><a href=\"#\"><strong>Aktivierte Minerall\u00f6sung \u2013 Chlordioxid<\/strong><\/a> (02:10)<\/li>\n<li><a href=\"#\"><strong>Wer ist Jim Humble?<\/strong><\/a>\u2013 04:30 Minuten<\/li>\n<li><a href=\"#\"><strong>Was kann AMS, was kann es nicht?<\/strong><\/a>\u2013 15:48 Minuten<\/li>\n<li><a href=\"#\"><strong>Wie funktioniert AMS?<\/strong><\/a>\u2013 18:55 Minuten<\/li>\n<li><a href=\"#\"><strong>Unsere ersten Erfahrungen mit dieser L\u00f6sung<\/strong><\/a>\u2013 24:30 Minuten<\/li>\n<li><a href=\"#\"><strong>Warum eine Chemikalie trinken?<\/strong><\/a>\u2013 31:05 Minuten<\/li>\n<li><a href=\"#\"><strong>Gibt es irgendwelche Nebenwirkungen?<\/strong><\/a>\u2013 35:43 Minuten<\/li>\n<li><a href=\"#\"><strong>Erfolg bei Magentumoren bei Hunden<\/strong><\/a>\u2013 41:00 Minuten<\/li>\n<li><a href=\"#\"><strong>Wof\u00fcr es verwendet werden kann und wof\u00fcr nicht \u2013 <em><span style=\"text-decoration: underline;\">Das Anwendungsfeld<\/span>\u2013 <\/em><\/strong><\/a>45:00 Minuten<\/li>\n<li><a href=\"#\"><strong>HIV und AIDS<\/strong><\/a>\u2013 55:50 Minuten<\/li>\n<li><a href=\"#\"><strong>Einnahme des Minerals<\/strong><\/a>\u2013 1:06:40 Minuten<\/li>\n<li><a href=\"#\"><strong>Das erstaunliche DMSO<\/strong><\/a>\u2013 1:13:25 Minuten<\/li>\n<li><a href=\"#\"><strong>Was machst du<\/strong><\/a> \u2013 1:22:45 Minuten<\/li>\n<li><a href=\"#\"><strong>Ob Sie krank sind oder nicht\u2026<\/strong><\/a>\u2013 1:24:55 Minuten<\/li>\n<li><a href=\"#\"><strong>Das Heilmittel f\u00fcr alle Verbrennungen<\/strong><\/a>\u2013 1:26:55 Minuten<\/li>\n<\/ul>","protected":false},"excerpt":{"rendered":"<p>In this interview Matthew Speaks with Tobias Laube. Tobias is a health researcher and educator who stumbled upon a miraculous mineral that has been successfully used by Jim Humble to heal people all over the world from diseases such as Cancer, Aids, Malaria and many more. Learn the story that the pharmaceutical companies have been [&#8230;]\n","protected":false},"author":34,"featured_media":0,"parent":0,"menu_order":0,"comment_status":"closed","ping_status":"closed","template":"","meta":{"ngg_post_thumbnail":0,"footnotes":""},"class_list":["post-203","page","type-page","status-publish","hentry"],"_links":{"self":[{"href":"https:\/\/laubeholistic.com\/de\/wp-json\/wp\/v2\/pages\/203","targetHints":{"allow":["GET"]}}],"collection":[{"href":"https:\/\/laubeholistic.com\/de\/wp-json\/wp\/v2\/pages"}],"about":[{"href":"https:\/\/laubeholistic.com\/de\/wp-json\/wp\/v2\/types\/page"}],"author":[{"embeddable":true,"href":"https:\/\/laubeholistic.com\/de\/wp-json\/wp\/v2\/users\/34"}],"replies":[{"embeddable":true,"href":"https:\/\/laubeholistic.com\/de\/wp-json\/wp\/v2\/comments?post=203"}],"version-history":[{"count":2,"href":"https:\/\/laubeholistic.com\/de\/wp-json\/wp\/v2\/pages\/203\/revisions"}],"predecessor-version":[{"id":1731,"href":"https:\/\/laubeholistic.com\/de\/wp-json\/wp\/v2\/pages\/203\/revisions\/1731"}],"wp:attachment":[{"href":"https:\/\/laubeholistic.com\/de\/wp-json\/wp\/v2\/media?parent=203"}],"curies":[{"name":"wp","href":"https:\/\/api.w.org\/{rel}","templated":true}]}}