{"id":20,"date":"2014-09-15T14:10:21","date_gmt":"2012-04-18T13:17:02","guid":{"rendered":"http:\/\/www.harmonikdesign.com\/activatedmineralsolution\/?page_id=12"},"modified":"2022-04-05T11:55:39","modified_gmt":"2022-04-05T11:55:39","slug":"preparation-application-storage","status":"publish","type":"page","link":"https:\/\/laubeholistic.com\/de\/preparation-application-storage\/","title":{"rendered":"Vorbereitung, Anwendung &amp; Lagerung"},"content":{"rendered":"<p>Voraussetzungen f\u00fcr die Vorbereitung und Anwendung<\/p>\n<ul>\n<li>25% Natriumchloritl\u00f6sung \/ NaClO2 (Pipettenflasche)<\/li>\n<li>4% Salzs\u00e4ure \u2013 HCL \/<em> Aktivator<\/em> (Pipettenflasche)<\/li>\n<li>Ein sauberes und trockenes Trinkglas<\/li>\n<li>Eine Uhr (Stoppuhr, Eieruhr usw.)<\/li>\n<\/ul>\n<p>Wasser oder Apfel-, Cranberry-, Trauben- oder Ananassaft <span style=\"text-decoration: underline;\"><strong>ohne zus\u00e4tzliche <\/strong><\/span><span style=\"text-decoration: underline;\"><strong>Vitamin<\/strong><\/span><span style=\"text-decoration: underline;\"><strong> C.<\/strong><\/span><\/p>\n<p>&nbsp;Die Mischung aus NaClO2 und dem Aktivator wird immer im Verh\u00e4ltnis <strong>1:1<\/strong><\/p>\n<p lang=\"en-US\">(1 Tropfen NaClO2 \u2013 1 Tropfen <em>Aktivator<\/em>).<\/p>\n<p>F\u00fcgen Sie die erforderliche Menge an <em>Aktivator<\/em> in ein sauberes und trockenes Trinkglas geben \u2013 tropfenweise. Anschlie\u00dfend die ben\u00f6tigte Menge NaCIO2 zum Aktivator geben und mit einer Stoppuhr oder Uhr die erforderlichen 30 Sekunden abwarten, bis die Reaktion eintritt. W\u00e4hrend dieser Wartezeit sollten Sie das Glas ein wenig schwenken, um sicherzustellen, dass sich die Komponenten gut vermischen. Nach Ablauf der 30 Sekunden f\u00fcllen Sie das Glas zur H\u00e4lfte mit Wasser oder einem Fruchtsaft Ihrer Wahl \u2013 achten Sie darauf, dass der Saft kein zus\u00e4tzliches Vitamin C enth\u00e4lt. Dies sollte auf dem Saftkarton sichtbar sein. (Zugesetztes Vitamin C wird auch als <strong>Askorbins\u00e4ure<\/strong>)<\/p>\n<p lang=\"en-US\" align=\"CENTER\"><span style=\"text-decoration: underline;\">-Fruchts\u00e4fte, insbesondere Apfelsaft neutralisieren den Geschmack von Chlordioxid- <\/span><\/p>\n<p lang=\"en-US\">Nur frisch gepresster Saft enth\u00e4lt erfahrungsgem\u00e4\u00df kein zus\u00e4tzliches Vitamin C.<\/p>\n<h4>Lagerung<\/h4>\n<p lang=\"en-US\">Zur richtigen Lagerung der Natriumchloritl\u00f6sung beachten Sie bitte folgendes:<\/p>\n<p lang=\"en-US\">Die 25% Natriumchloritl\u00f6sung (NaClO2) \u2013 die in haltbaren, get\u00f6nten Flaschen geliefert wird \u2013 sollte an einem k\u00fchlen, dunklen Ort, z. B. einem Schrank, aufbewahrt werden. Es wird empfohlen, die Flaschen in Aluminiumfolie einzuwickeln, um sie zus\u00e4tzlich vor Licht zu sch\u00fctzen. Licht zerst\u00f6rt Natriumchlorit. Au\u00dferhalb der Reichweite von Kindern aufbewahren.<\/p>\n<p lang=\"en-US\"><strong>Achtung: Versch\u00fcttete Natriumchloritl\u00f6sung, die mit Haut oder Oberfl\u00e4chen in Ber\u00fchrung kommt, muss sofort abgewaschen werden. Nicht eintrocknen lassen. Das wei\u00dfe Pulver, das nach dem Verdunsten der Fl\u00fcssigkeit zur\u00fcckbleibt, ist leicht entz\u00fcndlich!<\/strong><\/p>\n<h4>Weitere Ratschl\u00e4ge<\/h4>\n<p>\u2022 AMS tut <strong>NICHT <\/strong>verursachen hohe <strong>Blutdruck.<\/strong><\/p>\n<p>Wenn <strong>niedriger Blutdruck <\/strong>auftritt, sollten Sie vor und nach dem Trinken von AMS ein Glas Apfel-, Cranberry-, Trauben- oder Ananassaft trinken.<\/p>\n<p lang=\"en-US\">Wichtig: Trinken Sie nur Saft ohne zus\u00e4tzliches Vitamin C.<\/p>\n<p>\u2022 AMS hat keinen Einfluss auf die <strong>Jodspiegel<\/strong>.<br \/>\n\u2022 AMS kann vor\u00fcbergehende <strong>Tachykardie<\/strong>, hierbei werden die Herzklappen durch Bakterien befallen und zerst\u00f6rt. Gegebenenfalls AMS-Dosis verringern.<br \/>\n\u2022 Als ein <strong>unterst\u00fctzender Schritt, <\/strong>Nach dem Trinken von AMS k\u00f6nnen Sie zwei \u00c4pfel essen. Diese helfen dabei, die Abfallprodukte aufzunehmen und auszuscheiden.<br \/>\n\u2022 AMS und Vitamin C oder andere Nahrungsmittel\/Getr\u00e4nke, die zus\u00e4tzliches Vitamin C enthalten, sollten nicht am selben Tag eingenommen werden, da sich ihre Wirkung gegenseitig aufhebt.<br \/>\n\u2022 Zus\u00e4tzliches Vitamin C wird auch genannt <span style=\"text-decoration: underline;\">Askorbins\u00e4ure<\/span>.<\/p>","protected":false},"excerpt":{"rendered":"<p>Requirements for the preparation and application 25% sodium Chlorite solution \/ NaClO2 (pipette bottle) 4% Hydrochloric Acid &#8211; HCL \/ Activator (pipette bottle) A clean and dry drinking glass A watch (stopwatch, egg timer, etc.) Water or a apple-, cranberry-, grape- or pineapple juice without additional Vitamin C. &nbsp;The mixture of NaClO2 and the Activator [&#8230;]\n","protected":false},"author":34,"featured_media":0,"parent":0,"menu_order":0,"comment_status":"closed","ping_status":"closed","template":"","meta":{"ngg_post_thumbnail":0,"footnotes":""},"class_list":["post-20","page","type-page","status-publish","hentry"],"_links":{"self":[{"href":"https:\/\/laubeholistic.com\/de\/wp-json\/wp\/v2\/pages\/20","targetHints":{"allow":["GET"]}}],"collection":[{"href":"https:\/\/laubeholistic.com\/de\/wp-json\/wp\/v2\/pages"}],"about":[{"href":"https:\/\/laubeholistic.com\/de\/wp-json\/wp\/v2\/types\/page"}],"author":[{"embeddable":true,"href":"https:\/\/laubeholistic.com\/de\/wp-json\/wp\/v2\/users\/34"}],"replies":[{"embeddable":true,"href":"https:\/\/laubeholistic.com\/de\/wp-json\/wp\/v2\/comments?post=20"}],"version-history":[{"count":2,"href":"https:\/\/laubeholistic.com\/de\/wp-json\/wp\/v2\/pages\/20\/revisions"}],"predecessor-version":[{"id":4308,"href":"https:\/\/laubeholistic.com\/de\/wp-json\/wp\/v2\/pages\/20\/revisions\/4308"}],"wp:attachment":[{"href":"https:\/\/laubeholistic.com\/de\/wp-json\/wp\/v2\/media?parent=20"}],"curies":[{"name":"wp","href":"https:\/\/api.w.org\/{rel}","templated":true}]}}