{"id":194,"date":"2014-09-15T14:37:12","date_gmt":"2012-05-11T18:34:47","guid":{"rendered":"https:\/\/laubeholistic.com\/?page_id=194"},"modified":"2022-03-02T08:16:43","modified_gmt":"2022-03-02T08:16:43","slug":"anaerobic-pathogens","status":"publish","type":"page","link":"https:\/\/laubeholistic.com\/de\/anaerobic-pathogens\/","title":{"rendered":"Anaerobe Erreger (Krankheitszellen)"},"content":{"rendered":"<p><em>Als anaerob werden Lebewesen\/Tiere und Atmungsvorg\u00e4nge bezeichnet, die zum \u00dcberleben keinen elementaren Sauerstoff (O2) ben\u00f6tigen. Anaerob sind Erreger, die die Ursache f\u00fcr nahezu jede Krankheit sind.<\/em><\/p>\n<p><strong><span style=\"text-decoration: underline;\">Viren<\/span><br \/>\n<\/strong>Viren werden durch einen anderen Mechanismus abget\u00f6tet als Bakterien und alle anderen Mikroorganismen: AMS verhindert die Bildung spezieller Proteine, die f\u00fcr das Viruswachstum notwendig sind, und f\u00fchrt so zur Zerst\u00f6rung des Virus. Die Abt\u00f6tung krankheitserregender Organismen dauert im Allgemeinen zwischen 4 Stunden und 4 Wochen, oft jedoch weniger als eine Woche. Dies gilt f\u00fcr alle Formen von Infektionen und anderen Mikroorganismen sowie f\u00fcr Blutkrankheiten wie Leuk\u00e4mie.<\/p>\n<p><strong><span style=\"text-decoration: underline;\">Oxidierte Schwermetalle<\/span><br \/>\n<\/strong>AMS oxidiert die Schwermetalle im K\u00f6rper. Ich glaube das, weil es eine Reihe von Tests gab, bei denen die Haarwurzeln einer Person vor und nach der Einnahme von AMS untersucht wurden. Etwa zwei Wochen danach waren die Schwermetalle verschwunden, darunter Quecksilber, Blei und andere. Das Testen der Haarwurzeln ist ein guter Hinweis auf die Abwesenheit oder Anwesenheit von Schwermetallen. Die Oxidation der Schwermetalle ist nicht dasselbe wie Chelatisierung, aber die Ergebnisse sind dieselben. Wenn ein Schwermetall <span style=\"text-decoration: underline;\">oxidiert<\/span>, es wird neutralisiert und einfach aus dem K\u00f6rper ausgewaschen.<\/p>\n<p><strong><span style=\"text-decoration: underline;\">Neutralisierte Fremdk\u00f6rper<\/span><br \/>\n<\/strong>AMS wird im gesamten K\u00f6rper transportiert, wo es Fremdstoffe neutralisiert, die im Allgemeinen giftig sind. Durch Oxidation werden Gifte neutralisiert und einfach aus dem K\u00f6rper gesp\u00fclt. Fast alle giftigen Stoffe oxidieren leicht. Diese Gifte lagern sich an verschiedenen Stellen ab und behindern die K\u00f6rperfunktionen. Durch Oxidation werden sie abgel\u00f6st und wie Schwermetalle aus dem K\u00f6rper gesp\u00fclt.<\/p>\n<p><strong><span style=\"text-decoration: underline;\">Gifte neutralisiert<\/span><br \/>\n<\/strong>Die meisten Gifte von Schlangen und anderen giftigen Tieren werden oxidiert, wenn ausreichende Mengen AMS eingenommen werden. Die meisten Lebensmittelgifte, die man in Restaurants oder in Ihrem K\u00fchlschrank findet, sind oxidiert, weshalb man bei Schlangengiften oder Lebensmittelvergiftungen alle 15 Minuten eine Dosis einnehmen sollte.<\/p>\n<p><strong><span style=\"text-decoration: underline;\">Verbrennungen geheilt<\/span><br \/>\n<\/strong>Die bei Verbrennungen, insbesondere bei Verbrennungen des Typs 3, entstehenden Gifte werden durch sofortiges (oder sogar innerhalb weniger Stunden) Abdecken mit NaClO2 neutralisiert.<\/p>\n<p>NaClO2 sollte nicht l\u00e4nger als 5 Minuten auf einer Brandwunde verbleiben. Danach muss es mit Wasser abgesp\u00fclt werden. Solange jedoch Schmerzen vorhanden sind, kann man NaClO2 weiterhin f\u00fcr kurze Zeit auf die Brandwunde auftragen, jedoch nie l\u00e4nger als 5 Minuten.<\/p>","protected":false},"excerpt":{"rendered":"<p>Anaerobic is a term to describe creatures \/animals and breathing processes who do not need elementary oxygen (O2) to survive. Anearobic Pathogens are the cause of almost every disease. Viruses Viruses are killed by a different mechanism than bacteria and all the other microorganisms: AMS prevents the formation of special proteins necessary for viral growth, [&#8230;]\n","protected":false},"author":34,"featured_media":0,"parent":0,"menu_order":0,"comment_status":"closed","ping_status":"closed","template":"","meta":{"ngg_post_thumbnail":0,"footnotes":""},"class_list":["post-194","page","type-page","status-publish","hentry"],"_links":{"self":[{"href":"https:\/\/laubeholistic.com\/de\/wp-json\/wp\/v2\/pages\/194","targetHints":{"allow":["GET"]}}],"collection":[{"href":"https:\/\/laubeholistic.com\/de\/wp-json\/wp\/v2\/pages"}],"about":[{"href":"https:\/\/laubeholistic.com\/de\/wp-json\/wp\/v2\/types\/page"}],"author":[{"embeddable":true,"href":"https:\/\/laubeholistic.com\/de\/wp-json\/wp\/v2\/users\/34"}],"replies":[{"embeddable":true,"href":"https:\/\/laubeholistic.com\/de\/wp-json\/wp\/v2\/comments?post=194"}],"version-history":[{"count":1,"href":"https:\/\/laubeholistic.com\/de\/wp-json\/wp\/v2\/pages\/194\/revisions"}],"predecessor-version":[{"id":9765,"href":"https:\/\/laubeholistic.com\/de\/wp-json\/wp\/v2\/pages\/194\/revisions\/9765"}],"wp:attachment":[{"href":"https:\/\/laubeholistic.com\/de\/wp-json\/wp\/v2\/media?parent=194"}],"curies":[{"name":"wp","href":"https:\/\/api.w.org\/{rel}","templated":true}]}}