{"id":19,"date":"2014-09-08T12:12:33","date_gmt":"2014-09-08T12:12:33","guid":{"rendered":"http:\/\/www.harmonikdesign.com\/activatedmineralsolution\/?page_id=10"},"modified":"2022-04-05T09:26:00","modified_gmt":"2022-04-05T09:26:00","slug":"ams-explained","status":"publish","type":"page","link":"https:\/\/laubeholistic.com\/de\/ams-explained\/","title":{"rendered":"Information"},"content":{"rendered":"<p style=\"font-size: 18px; font-weight: bold; text-align: center;\"><span style=\"text-decoration: underline;\"><strong>\u2013 Retten Sie Ihr Leben oder das Ihrer Lieben \u2013<\/strong><\/span><\/p>\n<blockquote>\n<p lang=\"en-US\" align=\"CENTER\"><em>Die moderne Medizin beharrt auf der Bek\u00e4mpfung von Symptomen, statt nach der Ursache zu suchen \u2013 denn wenn sie die Ursache f\u00e4nde, k\u00f6nnte sie das Problem l\u00f6sen.<\/em><\/p>\n<p lang=\"en-US\" align=\"CENTER\"><em>Aber wenn sie das Problem gel\u00f6st haben, k\u00f6nnen sie keine Medikamente mehr dagegen verkaufen.<\/em><\/p>\n<p lang=\"en-US\" align=\"CENTER\"><em>Schade, aber hier dreht sich alles nur ums Geld.<\/em><\/p>\n<\/blockquote>\n<p><strong>Seit \u00fcber 100 Jahren <\/strong><span style=\"text-decoration: underline;\"><strong>Chlordioxid<\/strong><\/span><strong> wird in der Industrie zur Sterilisation von Wasser, der Ausstattung in Krankenh\u00e4usern und zur Desinfektion von H\u00fchner- und Rindfleisch sowie anderen Lebensmitteln eingesetzt.<\/strong><\/p>\n<p lang=\"en-US\">Um die AMS zu verstehen, muss man Chlordioxid verstehen, denn das wird erzeugt und verrichtet im K\u00f6rper seine Arbeit.<\/p>\n<p lang=\"en-US\">Chlordioxid ist eine starke Chemikalie mit vielen Verwendungsm\u00f6glichkeiten. Es ist ein Oxidationsmittel, weniger stark als Sauerstoff, aber in gr\u00f6\u00dferer Menge oxidierbar. Chlordioxid explodiert, wenn es bestimmte chemische Bedingungen erreicht, und ist unter anderen chemischen Bedingungen neutral. Es ist selektiv. Was meinen wir, wenn wir sagen, es explodiert? Nun, eine Explosion ist lediglich eine schnelle chemische Reaktion, haupts\u00e4chlich eine Oxidation, die auch Energie freisetzt.<\/p>\n<p>In der Formel ClO2 gibt es zwei Sauerstoffionen. Warum werden diese also nicht freigesetzt, damit der K\u00f6rper sie nutzen kann? Das liegt daran, dass sie eine Ladung von minus zwei haben. Sie haben ihre Oxidation bereits abgeschlossen, bevor sie in diese Position gelangten. Sie k\u00f6nnen nicht weiter oxidieren. Aber das mit Sauerstoff kombinierte Chlor kann das. Wenn Chlordioxid einen <strong>Erreger oder Gift<\/strong> das von Natur aus sauer ist, nimmt sofort f\u00fcnf Elektronen auf. Es zerst\u00f6rt alles, von dem es Elektronen ziehen kann, und erzeugt dabei W\u00e4rme (diese Aktion wird Oxidation genannt, auch wenn kein Sauerstoff daran beteiligt ist).<\/p>\n<p lang=\"en-US\">Wenn Sauerstoff nicht oxidieren kann, kann er im K\u00f6rper einfach nicht die Arbeit verrichten, die Sauerstoff ben\u00f6tigt. Was Natriumchlorit wirklich f\u00fcr uns tut, ist, dass es uns Chlordioxid liefert, eine Chemikalie, die selektiv fast alle sch\u00e4dlichen Stoffe im K\u00f6rper zerst\u00f6rt. Jedes winzige Chlordioxidmolek\u00fcl hat eine enorme Kraft, um die Stoffe zu zerst\u00f6ren, denen es Elektronen entziehen kann, aber es hat nicht die Kraft, gesunden Zellen oder aeroben Bakterien Elektronen zu entziehen.<\/p>\n<p lang=\"en-US\">Chlordioxid ist nicht ewig haltbar. Es hat zu viel Energie auf einem kleinen Gebiet geb\u00fcndelt. Es beginnt, einen Teil seiner Energie zu verlieren, so dass es nicht mehr explosiv ist (nicht oxidieren kann) und sich dann mit anderen Substanzen verbinden kann.<\/p>\n<p>Es gibt Hinweise darauf, dass es bei der Produktion von Myeloperoxidase hilft, einer Chemikalie, die der K\u00f6rper zur Herstellung von Hypochlors\u00e4ure verwendet, die dann vom Immunsystem verwendet wird, um weitere Krankheitserreger, Killerzellen und andere Dinge abzut\u00f6ten. Chlordioxid ist die einzige bekannte Chemikalie, die diese Eigenschaften besitzt und diese Dinge im K\u00f6rper bewirken kann. <strong>ohne negative Nebenwirkungen zu verursachen.<\/strong><\/p>\n<h4 lang=\"en-US\" style=\"text-align: left;\" align=\"CENTER\"><strong>Beratung: <\/strong><\/h4>\n<h2 lang=\"en-US\" style=\"font-size: 16px;\"><strong>AMS ist kein Arzneimittel, sondern ein Mineralstoffpr\u00e4parat, welches als Turbo f\u00fcr Ihr gesamtes Immunsystem eingesetzt wird. Das Immunsystem wird gest\u00e4rkt bei der Bek\u00e4mpfung von Krankheiten, Krankheitserregern und Verletzungen.<\/strong><\/h2>\n<p style=\"font-size: 16px;\"><strong>*<span style=\"text-decoration: underline;\">Aerobic<\/span> ist ein Begriff zur Beschreibung von Lebewesen\/Tieren, die zum \u00dcberleben elementaren Sauerstoff (O2) ben\u00f6tigen.<\/strong><\/p>\n<p style=\"font-size: 16px;\"><strong>*<span style=\"text-decoration: underline;\">Anaerob <\/span>ist ein Begriff zur Beschreibung von Lebewesen\/Tieren und Atmungsprozessen, die zum \u00dcberleben keinen elementaren Sauerstoff (O2) ben\u00f6tigen.<\/strong><\/p>","protected":false},"excerpt":{"rendered":"<p>&#8211; Save your life or that of your loved ones &#8211; The Modern Medicine persists on fighting symptoms instead of searching for the Cause &#8211; because when they would find the Cause, they could resolve the problem. But when they resolve the Problem, they cannot sell any pharmaceutical against that any more. What a pity, [&#8230;]\n","protected":false},"author":34,"featured_media":0,"parent":0,"menu_order":0,"comment_status":"closed","ping_status":"closed","template":"","meta":{"ngg_post_thumbnail":0,"footnotes":""},"class_list":["post-19","page","type-page","status-publish","hentry"],"_links":{"self":[{"href":"https:\/\/laubeholistic.com\/de\/wp-json\/wp\/v2\/pages\/19","targetHints":{"allow":["GET"]}}],"collection":[{"href":"https:\/\/laubeholistic.com\/de\/wp-json\/wp\/v2\/pages"}],"about":[{"href":"https:\/\/laubeholistic.com\/de\/wp-json\/wp\/v2\/types\/page"}],"author":[{"embeddable":true,"href":"https:\/\/laubeholistic.com\/de\/wp-json\/wp\/v2\/users\/34"}],"replies":[{"embeddable":true,"href":"https:\/\/laubeholistic.com\/de\/wp-json\/wp\/v2\/comments?post=19"}],"version-history":[{"count":3,"href":"https:\/\/laubeholistic.com\/de\/wp-json\/wp\/v2\/pages\/19\/revisions"}],"predecessor-version":[{"id":10225,"href":"https:\/\/laubeholistic.com\/de\/wp-json\/wp\/v2\/pages\/19\/revisions\/10225"}],"wp:attachment":[{"href":"https:\/\/laubeholistic.com\/de\/wp-json\/wp\/v2\/media?parent=19"}],"curies":[{"name":"wp","href":"https:\/\/api.w.org\/{rel}","templated":true}]}}