{"id":1651,"date":"2021-02-23T19:50:45","date_gmt":"2021-02-23T19:50:45","guid":{"rendered":"https:\/\/laubeholistic.com\/?page_id=1651"},"modified":"2022-04-05T12:04:12","modified_gmt":"2022-04-05T12:04:12","slug":"privacy-policy","status":"publish","type":"page","link":"https:\/\/laubeholistic.com\/de\/privacy-policy\/","title":{"rendered":"Datenschutzrichtlinie"},"content":{"rendered":"<p>Diese Datenschutzrichtlinie regelt die Art und Weise, in der The Laube Holistic Health Solutions Informationen sammelt, verwendet, verwaltet und offenlegt, die von Benutzern (jeweils ein \u201eBenutzer\u201c) der <a href=\"https:\/\/9bf3efcf4b.nxcli.net\" target=\"_blank\" rel=\"noopener\">https:\/\/www.laubeholistic.com<\/a> Website (\u201eSite\u201c). Diese Datenschutzrichtlinie gilt f\u00fcr die Site und alle von The Laube Holistic Health Solutions angebotenen Produkte und Dienstleistungen.<\/p>\n<h3>Pers\u00f6nliche Identifikationsinformationen<\/h3>\n<p>Wir k\u00f6nnen personenbezogene Identifikationsdaten von Benutzern auf verschiedene Weise erfassen, unter anderem, wenn Benutzer unsere Website besuchen, eine Bestellung aufgeben, ein Formular ausf\u00fcllen, an einer Umfrage teilnehmen und im Zusammenhang mit anderen Aktivit\u00e4ten, Diensten, Funktionen oder Ressourcen, die wir auf unserer Website zur Verf\u00fcgung stellen. Benutzer werden gegebenenfalls nach Name, E-Mail-Adresse, Postanschrift und Telefonnummer gefragt. Benutzer k\u00f6nnen unsere Website jedoch auch anonym besuchen. Wir erfassen personenbezogene Identifikationsdaten von Benutzern nur dann, wenn sie uns diese Informationen freiwillig \u00fcbermitteln. Benutzer k\u00f6nnen die Angabe personenbezogener Daten jederzeit verweigern, es sei denn, dies kann sie daran hindern, an bestimmten Aktivit\u00e4ten im Zusammenhang mit der Website teilzunehmen.<\/p>\n<h3>Nicht personenbezogene Identifikationsinformationen<\/h3>\n<p>Wir k\u00f6nnen nicht personenbezogene Identifikationsinformationen \u00fcber Benutzer sammeln, wenn diese mit unserer Site interagieren. Zu den nicht personenbezogenen Identifikationsinformationen k\u00f6nnen der Browsername, der Computertyp und technische Informationen \u00fcber die Verbindungsm\u00f6glichkeiten der Benutzer zu unserer Site geh\u00f6ren, wie z. B. das Betriebssystem und die verwendeten Internetdienstanbieter und andere \u00e4hnliche Informationen.<\/p>\n<h3>Webbrowser-Cookies<\/h3>\n<p>Unsere Site kann \u201eCookies\u201c verwenden, um die Benutzerfreundlichkeit zu verbessern. Der Webbrowser des Benutzers speichert Cookies auf seiner Festplatte, um Aufzeichnungen zu machen und manchmal auch, um Informationen \u00fcber ihn zu verfolgen. Der Benutzer kann seinen Webbrowser so einstellen, dass er Cookies ablehnt oder Sie benachrichtigt, wenn Cookies gesendet werden. Wenn Sie dies tun, beachten Sie bitte, dass einige Teile der Site m\u00f6glicherweise nicht richtig funktionieren.<\/p>\n<h3>Wie wir gesammelte Informationen verwenden<\/h3>\n<p>Laube Holistic Health Solutions kann personenbezogene Daten der Benutzer f\u00fcr die folgenden Zwecke erfassen und verwenden:<\/p>\n<ul>\n<li><i>Um unsere Site zu betreiben und zu verwalten<\/i><br \/>\nUm die Inhalte auf der Site korrekt anzuzeigen, ben\u00f6tigen wir Ihre Informationen m\u00f6glicherweise.<\/li>\n<li><i>Um den Kundenservice zu verbessern<\/i><br \/>\nDie von Ihnen bereitgestellten Informationen helfen uns dabei, effizienter auf Ihre Kundendienstanfragen und Supportanforderungen zu reagieren.<\/li>\n<li><i>Um das Benutzererlebnis zu personalisieren<\/i><br \/>\nWir k\u00f6nnen Informationen in zusammengefasster Form verwenden, um zu verstehen, wie unsere Benutzer als Gruppe die auf unserer Site bereitgestellten Dienste und Ressourcen nutzen.<\/li>\n<li><i>Um unsere Website zu verbessern<\/i><br \/>\nWir k\u00f6nnen Ihr Feedback zur Verbesserung unserer Produkte und Dienstleistungen nutzen.<\/li>\n<li><i>Zur Zahlungsabwicklung<\/i><br \/>\nWir k\u00f6nnen die von Benutzern bei der Aufgabe einer Bestellung \u00fcber sich selbst bereitgestellten Informationen nur zur Bearbeitung dieser Bestellung verwenden. Wir geben diese Informationen nicht an Dritte weiter, es sei denn, dies ist zur Erbringung der Dienstleistung erforderlich.<\/li>\n<li><i>Um eine Werbeaktion, einen Wettbewerb, eine Umfrage oder eine andere Website-Funktion durchzuf\u00fchren<\/i><br \/>\nUm Benutzern Informationen zu Themen zu senden, von denen wir meinen, dass sie f\u00fcr sie von Interesse sind, deren Erhalt sie zugestimmt haben.<\/li>\n<li><i>Zum Versenden regelm\u00e4\u00dfiger E-Mails<\/i><br \/>\nWir k\u00f6nnen die E-Mail-Adresse verwenden, um dem Benutzer Informationen und Aktualisierungen zu seiner Bestellung zu senden. Sie kann auch verwendet werden, um auf seine Anfragen, Fragen und\/oder andere Anfragen zu antworten.<\/li>\n<\/ul>\n<h3>So sch\u00fctzen wir Ihre Daten<\/h3>\n<p>Wir ergreifen geeignete Verfahren zur Datenerfassung, -speicherung und -verarbeitung sowie Sicherheitsma\u00dfnahmen, um Ihre pers\u00f6nlichen Daten, Ihren Benutzernamen, Ihr Passwort, Ihre Transaktionsdaten und die auf unserer Site gespeicherten Daten vor unbefugtem Zugriff, \u00c4nderung, Offenlegung oder Zerst\u00f6rung zu sch\u00fctzen.<\/p>\n<h3>Weitergabe Ihrer pers\u00f6nlichen Daten<\/h3>\n<p>Wir verkaufen, tauschen oder vermieten keine pers\u00f6nlichen Identifikationsdaten von Benutzern an Dritte. Wir k\u00f6nnen allgemeine, aggregierte demografische Daten, die nicht mit pers\u00f6nlichen Identifikationsdaten von Besuchern und Benutzern verkn\u00fcpft sind, zu den oben genannten Zwecken an unsere Gesch\u00e4ftspartner, vertrauensw\u00fcrdige Partner und Werbetreibende weitergeben. Wir k\u00f6nnen Drittanbieter von Dienstleistungen nutzen, die uns bei der F\u00fchrung unseres Gesch\u00e4fts und der Website unterst\u00fctzen oder Aktivit\u00e4ten in unserem Namen verwalten, wie z. B. das Versenden von Newslettern oder Umfragen. Wir k\u00f6nnen Ihre Daten zu diesen begrenzten Zwecken an diese Drittanbieter weitergeben, sofern Sie uns Ihre Erlaubnis erteilt haben.<\/p>\n<h3>Elektronische Newsletter<\/h3>\n<p>Wenn sich ein Benutzer f\u00fcr unsere Mailingliste anmeldet, erh\u00e4lt er E-Mails mit Unternehmensnachrichten, Updates, verwandten Produkt- oder Serviceinformationen usw. Wir k\u00f6nnen Drittanbieter einsetzen, die uns beim Betrieb unseres Gesch\u00e4fts und der Website unterst\u00fctzen oder in unserem Namen Aktivit\u00e4ten verwalten, wie z. B. das Versenden von Newslettern oder Umfragen. Wir k\u00f6nnen Ihre Informationen f\u00fcr diese begrenzten Zwecke an diese Drittanbieter weitergeben, sofern Sie uns Ihre Erlaubnis erteilt haben.<\/p>\n<h3>\u00c4nderungen dieser Datenschutzrichtlinie<\/h3>\n<p>Laube Holistic Health Solutions hat das Recht, diese Datenschutzrichtlinie jederzeit zu aktualisieren. Wenn wir dies tun, ver\u00f6ffentlichen wir eine Benachrichtigung auf der Hauptseite unserer Website. Wir empfehlen den Benutzern, diese Seite regelm\u00e4\u00dfig auf \u00c4nderungen zu \u00fcberpr\u00fcfen, um auf dem Laufenden zu bleiben, wie wir zum Schutz der von uns gesammelten pers\u00f6nlichen Daten beitragen. Sie erkennen an und stimmen zu, dass es in Ihrer Verantwortung liegt, diese Datenschutzrichtlinie regelm\u00e4\u00dfig zu \u00fcberpr\u00fcfen und sich \u00fcber \u00c4nderungen zu informieren.<\/p>\n<h3>Ihre Zustimmung zu diesen Bedingungen<\/h3>\n<p>Durch die Nutzung dieser Site erkl\u00e4ren Sie sich mit dieser Richtlinie einverstanden. Wenn Sie dieser Richtlinie nicht zustimmen, verwenden Sie unsere Site bitte nicht. Ihre fortgesetzte Nutzung der Site nach der Ver\u00f6ffentlichung von \u00c4nderungen an dieser Richtlinie gilt als Ihre Zustimmung zu diesen \u00c4nderungen.<\/p>\n<h3>Uns kontaktieren<\/h3>\n<p>Wenn Sie Fragen zu dieser Datenschutzrichtlinie, den Praktiken dieser Site oder Ihrem Umgang mit dieser Site haben, kontaktieren Sie uns bitte.<\/p>\n<p>Dieses Dokument wurde zuletzt am 08. Juni 2015 aktualisiert.<\/p>","protected":false},"excerpt":{"rendered":"<p>This Privacy Policy governs the manner in which The Laube Holistic Health Solutions collects, uses, maintains and discloses information collected from users (each, a &#8220;User&#8221;) of the https:\/\/www.laubeholistic.com website (&#8220;Site&#8221;). This privacy policy applies to the Site and all products and services offered by The Laube Holistic Health Solutions. Personal identification information We may collect [&#8230;]\n","protected":false},"author":34,"featured_media":0,"parent":0,"menu_order":0,"comment_status":"open","ping_status":"closed","template":"","meta":{"ngg_post_thumbnail":0,"footnotes":""},"class_list":["post-1651","page","type-page","status-publish","hentry"],"_links":{"self":[{"href":"https:\/\/laubeholistic.com\/de\/wp-json\/wp\/v2\/pages\/1651","targetHints":{"allow":["GET"]}}],"collection":[{"href":"https:\/\/laubeholistic.com\/de\/wp-json\/wp\/v2\/pages"}],"about":[{"href":"https:\/\/laubeholistic.com\/de\/wp-json\/wp\/v2\/types\/page"}],"author":[{"embeddable":true,"href":"https:\/\/laubeholistic.com\/de\/wp-json\/wp\/v2\/users\/34"}],"replies":[{"embeddable":true,"href":"https:\/\/laubeholistic.com\/de\/wp-json\/wp\/v2\/comments?post=1651"}],"version-history":[{"count":2,"href":"https:\/\/laubeholistic.com\/de\/wp-json\/wp\/v2\/pages\/1651\/revisions"}],"predecessor-version":[{"id":10239,"href":"https:\/\/laubeholistic.com\/de\/wp-json\/wp\/v2\/pages\/1651\/revisions\/10239"}],"wp:attachment":[{"href":"https:\/\/laubeholistic.com\/de\/wp-json\/wp\/v2\/media?parent=1651"}],"curies":[{"name":"wp","href":"https:\/\/api.w.org\/{rel}","templated":true}]}}