{"id":133,"date":"2014-09-08T13:04:43","date_gmt":"2012-04-21T12:46:46","guid":{"rendered":"https:\/\/laubeholistic.com\/?page_id=133"},"modified":"2022-04-05T09:05:37","modified_gmt":"2022-04-05T09:05:37","slug":"dmso-dimethyl-sulfoxide","status":"publish","type":"page","link":"https:\/\/laubeholistic.com\/de\/dmso-dimethyl-sulfoxide\/","title":{"rendered":"DMSO \u2013 L\u00e4sst Schmerzen verschwinden"},"content":{"rendered":"<p><img loading=\"lazy\" decoding=\"async\" class=\"size-medium wp-image-5683 alignleft\" src=\"https:\/\/laubeholistic.com\/wp-content\/uploads\/DMSO-bottle-120ml-300x255.jpg\" alt=\"DMSO\" width=\"300\" height=\"255\"><\/p>\n<h2 style=\"text-align: center;\"><span style=\"font-size: large;\"><span style=\"text-decoration: underline;\"><strong>&nbsp;Die ANTWORT auf Schmerzlinderung&nbsp; <\/strong><\/span><\/span><\/h2>\n<hr>\n<hr>\n<p lang=\"en-GB\" style=\"text-align: center;\" align=\"CENTER\"><strong><span style=\"font-family: Batang,\ubc14\ud0d5,serif;\"><span style=\"font-size: large;\">Dimethylsulfoxid<\/span><\/span><\/strong><\/p>\n<h2 lang=\"en-GB\" style=\"text-align: center;\"><span style=\"font-family: NSimSun,monospace; color: #008000;\">-Heiler der Natur-<\/span><\/h2>\n<p style=\"text-align: center;\" align=\"JUSTIFY\"><span style=\"color: #000000;\">Es macht Schmerzen <span style=\"text-decoration: underline;\"><strong>verschwinden<\/strong><\/span> nur durch Kontakt, ohne darauf zu warten, dass Pillen wirken.<\/span><\/p>\n<table border=\"0\" width=\"239\">\n<tbody>\n<tr>\n<td style=\"text-align: center;\">&nbsp;&nbsp;&nbsp; <p class=\"product woocommerce add_to_cart_inline\" style=\"border:4px solid #ccc; padding: 12px;\"><ins class=\"highlight\"><span class=\"woocommerce-Price-amount amount\"><bdi><span class=\"woocommerce-Price-currencySymbol\">\u20ac<\/span>7.00<\/bdi><\/span><\/ins><a href=\"https:\/\/laubeholistic.com\/de\/shop\/dmso-dimethyl-sulfoxide-99\/\" aria-describedby=\"woocommerce_loop_add_to_cart_link_describedby_55\" data-quantity=\"1\" class=\"button product_type_variable add_to_cart_button\" data-product_id=\"55\" data-product_sku=\"DMSO\" aria-label=\"Optionen f\u00fcr \u201eDMSO - Dimethyl Sulfoxide\u201c ausw\u00e4hlen\" rel=\"nofollow\" data-no-translation=\"\" data-trp-gettext=\"\" data-no-translation-aria-label=\"\">Optionen w\u00e4hlen<\/a>\t<span id=\"woocommerce_loop_add_to_cart_link_describedby_55\" class=\"screen-reader-text\">\n\t\tDieses Produkt hat mehrere Varianten. Die Optionen k\u00f6nnen auf der Produktseite ausgew\u00e4hlt werden\t<\/span>\n<\/p><\/td>\n<\/tr>\n<\/tbody>\n<\/table>\n<p lang=\"en-GB\">&nbsp;<\/p>\n<p lang=\"en-GB\" style=\"text-align: left;\"><span style=\"color: #000000;\">Einfach durch Einreiben! Im Falle einer <span style=\"font-size: small;\"><strong>Muskelzerrung<\/strong>, <strong>Prellungen, Schmerzen<\/strong> In <em>Gelenke<\/em>, <em><strong>B\u00e4nder<\/strong><\/em> Und <em>Knochen<\/em>.<\/span><\/span><\/p>\n<p><span style=\"color: #000000;\"><strong>DMSO<\/strong> (Dimethylsulfoxid) erwies sich als nahezu perfektes L\u00f6sungsmittel und Transportmittel.<\/span><\/p>\n<h2 style=\"text-align: center;\"><span style=\"color: #000000;\">Reiben Sie den Schmerz auf <span style=\"text-decoration: underline;\">Kontakt<\/span><\/span><\/h2>\n<p><span style=\"color: #000000;\"><strong>DMSO<\/strong> umgeht Ihren Verdauungstrakt und bek\u00e4mpft Ihre Schmerzen an der <span style=\"text-decoration: underline;\">Quelle<\/span>.<\/span><\/p>\n<p lang=\"en-GB\"><span style=\"color: #000000;\">Vollgepackt mit Billionen komplexer organischer Molek\u00fcle, die alle in eleganter Synergie zusammenarbeiten.<\/span><\/p>\n<h3 lang=\"en-GB\" align=\"CENTER\">&nbsp;<span style=\"color: #008000;\"><strong>Mit DMSO sind diese Schmerzen in Schultern, R\u00fccken und Gelenken vorbei <\/strong>!<\/span><\/h3>\n<p lang=\"en-GB\" align=\"CENTER\"><span style=\"font-size: large;\"><span style=\"text-decoration: underline;\"><strong>Man muss es gef\u00fchlt haben, um es zu glauben!<\/strong><\/span><\/span><\/p>\n<p lang=\"en-GB\" style=\"text-align: center;\" align=\"CENTER\"><img loading=\"lazy\" decoding=\"async\" class=\"size-medium wp-image-1300 alignnone\" src=\"https:\/\/laubeholistic.com\/wp-content\/uploads\/2014\/10\/schmerzen-cross-through-300x118.png\" alt=\"schmerzen cross through\" width=\"300\" height=\"118\" srcset=\"https:\/\/laubeholistic.com\/wp-content\/uploads\/2014\/10\/schmerzen-cross-through-300x118.png 300w, https:\/\/laubeholistic.com\/wp-content\/uploads\/2014\/10\/schmerzen-cross-through-510x201.png 510w, https:\/\/laubeholistic.com\/wp-content\/uploads\/2014\/10\/schmerzen-cross-through-1024x403.png 1024w, https:\/\/laubeholistic.com\/wp-content\/uploads\/2014\/10\/schmerzen-cross-through.png 1416w\" sizes=\"auto, (max-width: 300px) 100vw, 300px\" \/><\/p>\n<p lang=\"en-GB\" style=\"font-size: 16px; text-align: left;\" align=\"CENTER\"><span style=\"text-decoration: underline; font-size: 24pt; font-family: arial, helvetica, sans-serif; color: #000000;\"><strong>Was genau ist DMSO?<\/strong><\/span><\/p>\n<p><span style=\"color: #000000;\"><strong>DMSO ist eine bekannte Tr\u00e4gersubstanz, die seit 1955 von \u00c4rzten h\u00e4ufig verwendet wird, um Medikamente direkt in die Haut zu transportieren.<\/strong><\/span><\/p>\n<ol>\n<li style=\"text-align: left;\"><span style=\"color: #000000;\">Entz\u00fcndungshemmend<\/span><\/li>\n<li style=\"text-align: left;\"><span style=\"color: #000000;\">Abschwellend<\/span><\/li>\n<li style=\"text-align: left;\"><span style=\"color: #000000;\">Gef\u00e4\u00dferweiternd<\/span><\/li>\n<li style=\"text-align: left;\"><span style=\"color: #000000;\">Wirksam bei der Bindung toxischer Radikale<\/span><\/li>\n<\/ol>\n<table style=\"top: 1239px; left: 10px; width: 421px; height: 32px;\" border=\"0\" width=\"303\">\n<tbody>\n<tr>\n<td style=\"text-align: center;\"><p class=\"product woocommerce add_to_cart_inline\" style=\"border:4px solid #ccc; padding: 12px;\"><ins class=\"highlight\"><span class=\"woocommerce-Price-amount amount\"><bdi><span class=\"woocommerce-Price-currencySymbol\">\u20ac<\/span>7.00<\/bdi><\/span><\/ins><a href=\"https:\/\/laubeholistic.com\/de\/shop\/dmso-dimethyl-sulfoxide-99\/\" aria-describedby=\"woocommerce_loop_add_to_cart_link_describedby_55\" data-quantity=\"1\" class=\"button product_type_variable add_to_cart_button\" data-product_id=\"55\" data-product_sku=\"DMSO\" aria-label=\"Optionen f\u00fcr \u201eDMSO - Dimethyl Sulfoxide\u201c ausw\u00e4hlen\" rel=\"nofollow\" data-no-translation=\"\" data-trp-gettext=\"\" data-no-translation-aria-label=\"\">Optionen w\u00e4hlen<\/a>\t<span id=\"woocommerce_loop_add_to_cart_link_describedby_55\" class=\"screen-reader-text\">\n\t\tDieses Produkt hat mehrere Varianten. Die Optionen k\u00f6nnen auf der Produktseite ausgew\u00e4hlt werden\t<\/span>\n<\/p><\/td>\n<\/tr>\n<\/tbody>\n<\/table>\n<p>&nbsp;<\/p>\n<p><span style=\"color: #000000;\">Wenn du eine ... bist <strong>Sportler<\/strong><\/span>, <img loading=\"lazy\" decoding=\"async\" class=\"wp-image-7564 alignright\" src=\"https:\/\/laubeholistic.com\/wp-content\/uploads\/Collage-sport-injury-3-1.jpg\" alt=\"\" width=\"240\" height=\"180\"><\/p>\n<p><span style=\"color: #000000;\">beruflich oder hobbym\u00e4\u00dfig,<\/span><\/p>\n<p><span style=\"color: #000000;\">Verletzungen k\u00f6nnen passieren<\/span><\/p>\n<p><span style=\"color: #000000;\">w\u00e4hrend des Trainings oder im<\/span><\/p>\n<p><span style=\"color: #000000;\">Spiel<\/span>.<\/p>\n<p>&nbsp;<\/p>\n<p><span style=\"color: #000000;\">Wenn du bist <strong>Trainieren<\/strong>,<\/span> <a href=\"https:\/\/laubeholistic.com\/wp-content\/uploads\/Collage-excercise-injury-2.jpg\"><img loading=\"lazy\" decoding=\"async\" class=\"size-medium wp-image-1872 alignright\" src=\"https:\/\/laubeholistic.com\/wp-content\/uploads\/Collage-excercise-injury-2-300x300.jpg\" alt=\"excercise injuries\" width=\"244\" height=\"244\" srcset=\"https:\/\/laubeholistic.com\/wp-content\/uploads\/Collage-excercise-injury-2-300x300.jpg 300w, https:\/\/laubeholistic.com\/wp-content\/uploads\/Collage-excercise-injury-2-510x510.jpg 510w, https:\/\/laubeholistic.com\/wp-content\/uploads\/Collage-excercise-injury-2-100x100.jpg 100w, https:\/\/laubeholistic.com\/wp-content\/uploads\/Collage-excercise-injury-2-150x150.jpg 150w, https:\/\/laubeholistic.com\/wp-content\/uploads\/Collage-excercise-injury-2.jpg 556w\" sizes=\"auto, (max-width: 244px) 100vw, 244px\" \/><\/a><\/p>\n<p><span style=\"color: #000000;\">Ausdauer, Gewicht,<\/span><\/p>\n<p><span style=\"color: #000000;\">Flexibilit\u00e4t oder Kampfsport.<\/span><\/p>\n<p>&nbsp;<\/p>\n<p>&nbsp;<\/p>\n<p>&nbsp;<\/p>\n<p>&nbsp;<\/p>\n<p><span style=\"color: #000000;\">Wenn Sie an Krankheiten leiden wie <a style=\"color: #000000;\" href=\"https:\/\/laubeholistic.com\/wp-content\/uploads\/Collage-illness-2.jpg\"><img loading=\"lazy\" decoding=\"async\" class=\"wp-image-1873 alignright\" src=\"https:\/\/laubeholistic.com\/wp-content\/uploads\/Collage-illness-2-300x300.jpg\" alt=\"illnesses pains\" width=\"243\" height=\"243\" srcset=\"https:\/\/laubeholistic.com\/wp-content\/uploads\/Collage-illness-2-300x300.jpg 300w, https:\/\/laubeholistic.com\/wp-content\/uploads\/Collage-illness-2-510x510.jpg 510w, https:\/\/laubeholistic.com\/wp-content\/uploads\/Collage-illness-2-100x100.jpg 100w, https:\/\/laubeholistic.com\/wp-content\/uploads\/Collage-illness-2-150x150.jpg 150w, https:\/\/laubeholistic.com\/wp-content\/uploads\/Collage-illness-2.jpg 640w\" sizes=\"auto, (max-width: 243px) 100vw, 243px\" \/><\/a><\/span><\/p>\n<p><span style=\"color: #000000;\">Arthritis, Sehnenentz\u00fcndung, Schleimbeutelentz\u00fcndung,<\/span><\/p>\n<p><span style=\"color: #000000;\">Entz\u00fcndungen im K\u00f6rper,<\/span><\/p>\n<p><span style=\"color: #000000;\">schmerzende Gelenke, Bedingungen, die<\/span><\/p>\n<p><span style=\"color: #000000;\">geben Ihnen das Gef\u00fchl, ein Sklave zu sein<\/span><\/p>\n<p><span style=\"color: #000000;\">Medikamente.<\/span><\/p>\n<p>&nbsp;<\/p>\n<h2 style=\"text-align: center;\"><strong><span style=\"color: #000000;\">DMSO ist das, was Sie brauchen! Nicht weil es abh\u00e4ngig machende Medikamente ersetzt, sondern weil es das Gewebe erweitert und entspannt, um <span style=\"text-decoration: underline;\">l\u00f6sen<\/span> ein Problem f\u00fcr immer.<\/span><br \/>\n<\/strong><\/h2>\n<p style=\"text-align: center;\"><p class=\"product woocommerce add_to_cart_inline\" style=\"border:4px solid #ccc; padding: 12px;\"><ins class=\"highlight\"><span class=\"woocommerce-Price-amount amount\"><bdi><span class=\"woocommerce-Price-currencySymbol\">\u20ac<\/span>7.00<\/bdi><\/span><\/ins><a href=\"https:\/\/laubeholistic.com\/de\/shop\/dmso-dimethyl-sulfoxide-99\/\" aria-describedby=\"woocommerce_loop_add_to_cart_link_describedby_55\" data-quantity=\"1\" class=\"button product_type_variable add_to_cart_button\" data-product_id=\"55\" data-product_sku=\"DMSO\" aria-label=\"Optionen f\u00fcr \u201eDMSO - Dimethyl Sulfoxide\u201c ausw\u00e4hlen\" rel=\"nofollow\" data-no-translation=\"\" data-trp-gettext=\"\" data-no-translation-aria-label=\"\">Optionen w\u00e4hlen<\/a>\t<span id=\"woocommerce_loop_add_to_cart_link_describedby_55\" class=\"screen-reader-text\">\n\t\tDieses Produkt hat mehrere Varianten. Die Optionen k\u00f6nnen auf der Produktseite ausgew\u00e4hlt werden\t<\/span>\n<\/p>\n<p><span style=\"text-decoration: underline;\"><strong>Dimethylsulfoxid (DMSO)<\/strong><\/span> hat im Jahr 2006 gerade seinen 140. Geburtstag gefeiert.<br \/>\nIm Jahr 1866 wurde die Substanz mit der chemischen Formel (CH3)2SO erstmals von dem russischen Wissenschaftler Alexander Saytzeff synthetisiert, der seine Entdeckung in einer deutschen Chemie-Zeitschrift publik machte. Doch erst rund einhundert Jahre sp\u00e4ter wurde der therapeutische Nutzen dieser Substanz erkannt. Eigentlich war Dr. Stanley Jacob von der Oregon Health Sciences University auf der Suche nach einem geeigneten Konservierungsmittel f\u00fcr Organe, die f\u00fcr Transplantationen vorgesehen waren, als er eines Tages entdeckte, dass diese klare, faulige und leicht nach Knoblauch riechende Fl\u00fcssigkeit sehr schnell und tief in die Haut eindringt. Jacob begann zu experimentieren \u2013 und stellte bald fest, dass er es offenbar mit einem Wirkstoff mit vielen Anwendungsm\u00f6glichkeiten zu tun hatte.<\/p>\n<p>Die therapeutische Bandbreite von DMSO ist enorm. Diese Substanz neutralisiert beispielsweise Hydroxylradikale, eine der h\u00e4ufigsten Gruppen zellsch\u00e4digender freier Radikale.<br \/>\nDMSO bindet sich an die Hydroxylradikale und bildet einen chemischen Komplex, der \u00fcber die Nieren ausgeschieden werden kann. Die Substanz bindet auf diese Weise auch andere freie Radikale.<\/p>\n<p>Dar\u00fcber hinaus erh\u00f6ht DMSO die Durchl\u00e4ssigkeit der Zellmembranen und erleichtert es der Zelle so, sich von Giftstoffen zu befreien. Sogar allergische Reaktionen k\u00f6nnen mit DMSO gemildert werden, was wiederum das Immunsystem entlastet. DMSO zeigt au\u00dferdem Wirkung bei Sklerodermie, Verbrennungen, Entz\u00fcndungen und Schmerzzust\u00e4nden, Arthritis und rheumatoider Arthritis, Infektionen der Nasennebenh\u00f6hlen, interstitieller Zystitis, Herpes und G\u00fcrtelrose, Multipler Sklerose, systemischem Lupus (SLE), Sarkoidose, Thyreoiditis, Colitis ulcerosa, Lepra, Krebs und anderen Krankheitszust\u00e4nden.<\/p>\n<h4>DMSO gegen Schmerzen, Entz\u00fcndungen und zur Wundheilung.<\/h4>\n<p>Vieles deutet auf Letzteres hin.<br \/>\nDr. Richard D. Brobyn vom Medical Center in Bainbridge Island, Washington, schreibt:<\/p>\n<blockquote><p><em>\u201eDMSO ist eines der am besten erforschten, aber noch immer am wenigsten verstandenen pharmazeutischen Produkte unserer Zeit. Weltweit wurden etwa 11.000 wissenschaftliche Artikel \u00fcber medizinische Anwendungen und mehr als 40.000 Artikel \u00fcber die chemischen Eigenschaften ver\u00f6ffentlicht. In 125 L\u00e4ndern wie den USA, Kanada, Gro\u00dfbritannien, Deutschland, Japan und anderen werden von \u00c4rzten Anwendungshinweise beschrieben, beispielsweise gegen Schmerzen, Entz\u00fcndungen, Sklerodermie und Arthritis sowie weitere Krankheiten.\u201c<\/em><\/p><\/blockquote>\n<p>Unter den pharmakologischen Eigenschaften von DMSO f\u00fchrt Dr. Brobyn an: Durchdringung biologischer Membranen und Transport anderer Molek\u00fcle durch diese Membranen, entz\u00fcndungshemmend, vor\u00fcbergehende Blockade schmerzleitender Nerven, Wachstumshemmung von Bakterien, entw\u00e4ssernde Wirkung, Verst\u00e4rkung der Wirkung bestimmter Medikamente, Cholinesterasehemmung, unspezifische Steigerung der Widerstandskraft gegen Infektionen, Gef\u00e4\u00dferweiterung, Muskelentspannung, Steigerung der Zellfunktion, Hemmung der Verklumpung von Blutpl\u00e4ttchen, Schutzeigenschaften f\u00fcr biologisches Gewebe bei Strahlung oder K\u00e4lte sowie Gewebeschutz bei Durchblutungsst\u00f6rungen.<\/p>\n<p><img loading=\"lazy\" decoding=\"async\" class=\"aligncenter size-full wp-image-147\" title=\"DMSO zur Linderung von Sportverletzungen\" src=\"https:\/\/laubeholistic.com\/wp-content\/uploads\/2012\/04\/dmso_sports_injurys.jpg\" alt=\"DMSO to relieve sports injurys\" width=\"600\" height=\"215\" srcset=\"https:\/\/laubeholistic.com\/wp-content\/uploads\/2012\/04\/dmso_sports_injurys.jpg 600w, https:\/\/laubeholistic.com\/wp-content\/uploads\/2012\/04\/dmso_sports_injurys-510x183.jpg 510w, https:\/\/laubeholistic.com\/wp-content\/uploads\/2012\/04\/dmso_sports_injurys-300x107.jpg 300w\" sizes=\"auto, (max-width: 600px) 100vw, 600px\" \/><\/p>\n<p>Brobyn schreibt \u00fcber eine besondere Wirksamkeit bei Entz\u00fcndungen. Hier erweist sich die antioxidative Eigenschaft von DMSO als vorteilhaft \u2013 es wirkt als \u201e<em>radikaler Abfangj\u00e4ger<\/em>\u201eim Zentrum der Entz\u00fcndung sozusagen. Nach Aspirin, so schreibt Brodyn, \u201e<em>DMSO war das erste nichtsteroidale entz\u00fcndungshemmende Medikament, das sogar intraven\u00f6s verabreicht werden konnte<\/em>&quot; Und mehr:<\/p>\n<blockquote><p><em>\u201eP. Gorog et al. haben bereits 1968 gezeigt, dass bei Ratten, die an induzierter chronischer Polyarthritis litten, eine entz\u00fcndungshemmende Wirkung auftrat. \u00c4u\u00dferlich auf Gelenke aufgetragenes DMSO zeigte eine starke entz\u00fcndungshemmende Wirkung. Diese Autoren haben sp\u00e4ter \u00e4hnliche Wirkungen mit 70% DMSO auf Kontaktdermatitis, allergisches Ekzem und induzierte Verkalkung der Haut von Ratten beschrieben. Alle diese experimentellen Entz\u00fcndungen wurden deutlich unterdr\u00fcckt.\u201c<\/em><\/p><\/blockquote>\n<p>Auch der ehemalige amerikanische Podologe Dr. Morton Walker, der heute als Medizinjournalist und Autor t\u00e4tig ist, spricht DMSO in seinem Buch \u201eDMSO- Natures Healer\u201c eine Vielzahl positiver gesundheitlicher Eigenschaften zu. Dazu z\u00e4hlen eine entz\u00fcndungshemmende, gef\u00e4\u00dferweiternde, bakteriostatische, fungistatische und virostatische Wirkung, die Linderung von Schmerzzust\u00e4nden, die Bindung freier Radikale, die Stimulierung des Immunsystems und die F\u00f6rderung der Wundheilung. Ja sogar vor R\u00f6ntgenstrahlung scheint es zu sch\u00fctzen.<br \/>\nDar\u00fcber hinaus weist Walker darauf hin, dass DMSO aufgrund seiner Eigenschaften Zellmembranen durchdringt und so die Wirkung verschiedener Arzneimittel, beispielsweise Penicillin und Cortison, verst\u00e4rkt.<\/p>\n<p>Auch gegen Bakterien zeigt DMSO Wirkung, indem es diese direkt im Wachstum hemmt oder sensibilisiert f\u00fcr andere Medikamente, also ihre Resistenz senkt. Brobyn verweist unter anderem auf eine Studie, die bereits vor der Entdeckung von DMSO durch Jacobs begann:<br \/>\n\u201eH. Basch et al. beschrieben von 1953 bis 1968 eine ausgepr\u00e4gte hemmende Wirkung auf eine Vielzahl von Bakterien und Pilzen in Konzentrationen von 30 bis 50 Prozent. In 80-prozentiger Konzentration werden zahlreiche Viren inaktiv: RNA-Viren: Influenza A, Influenza A2, Newcastle Disease Virus, Semliki Forest Virus sowie DNA-Viren.\u201c<\/p>\n<p>Gute Erfolge wurden auch bei der Reduzierung von Narbengewebe und bei der Behandlung rheumatischer Erkrankungen erzielt, so zum Beispiel durch das Forschungsprojekt \u201eTopische Anwendung von DMSO auf Narben und Erkrankungen aus dem Rheumatischen Morphogenen Bereich des Ambulanten Operations-Zentrums (AOZ) der MHH Hannover\/Annastift\u201c unter der \u00e4rztlichen Leitung von Dr. J\u00f6rg Carls in Zusammenarbeit mit der Akademie f\u00fcr Handrehabilitation Bad Pyrmont. Narbengewebe bildete sich sichtbar zur\u00fcck und Schwellungen gingen drastisch zur\u00fcck.<\/p>\n<h4>DMSO wirkt bei akuten Schmerzen\u201c<em>praktisch sofort<\/em>\u201d<\/h4>\n<p>Wie schnell DMSO tats\u00e4chlich wirkt, haben Stanley W. Jacob und Edward E. Rosenbaum an sieben Testpatienten in Portland Oregon (USA) selbst erfahren, wenn sie diese mit dieser Substanz behandelten. Alle sieben Personen litten unter einer Schleimbeutelentz\u00fcndung im Schultergelenk, die ihnen \u201eso enorme Schmerzen bereitete, dass die Kranken ohne fremde Hilfe nicht einmal in der Lage waren, sich selbst an- oder auszuziehen. Fr\u00fchestens nach ein bis zwei Wochen war mit einer Linderung zu rechnen\u201c, hei\u00dft es in einem Artikel des SPIEGEL-Magazins vom 5. Mai 1965. Doch es gab eine \u00dcberraschung:<\/p>\n<p><em>\u201eDie \u00c4rzte rieben die Testsubstanz auf die Schultern der Patienten \u2013 und schon nach wenigen Minuten konnten sie eine verbl\u00fcffende Wirkung beobachten. Nach 20 Minuten, so berichten die \u00c4rzte Edward E. Rosenbaum und Stanley W. Jacob, Professoren an der University of Oregon, waren alle sieben Patienten v\u00f6llig oder nahezu schmerzfrei. Alle konnten das erkrankte Schultergelenk deutlich freier bewegen als zuvor.\u201c<\/em><\/p>\n<h4>DMSO siebenmal sicherer als Aspirin<\/h4>\n<p>Laut therapeutischem Index ist DMSO tats\u00e4chlich siebenmal sicherer als Aspirin. Die einzigen bisher beobachteten Nebenwirkungen sind ein Knoblauchgeruch und Hautreizungen, die sich individuell \u00e4u\u00dfern, laut Walker auf eine Austrocknung der Haut zur\u00fcckf\u00fchren und nach wiederholter Anwendung von DMSO abklingen. Allerdings sollten DMSO-D\u00e4mpfe nicht eingeatmet werden. Die intraven\u00f6se Verabreichung von DMSO kann vor\u00fcbergehend zu Kopfschmerzen f\u00fchren. Eine Toxizit\u00e4t oder eine karzinogene Wirkung konnten nicht festgestellt werden.<\/p>\n<table style=\"width: 250px;\" border=\"0\">\n<tbody>\n<tr>\n<td><p class=\"product woocommerce add_to_cart_inline\" style=\"border:4px solid #ccc; padding: 12px;\"><ins class=\"highlight\"><span class=\"woocommerce-Price-amount amount\"><bdi><span class=\"woocommerce-Price-currencySymbol\">\u20ac<\/span>7.00<\/bdi><\/span><\/ins><a href=\"https:\/\/laubeholistic.com\/de\/shop\/dmso-dimethyl-sulfoxide-99\/\" aria-describedby=\"woocommerce_loop_add_to_cart_link_describedby_55\" data-quantity=\"1\" class=\"button product_type_variable add_to_cart_button\" data-product_id=\"55\" data-product_sku=\"DMSO\" aria-label=\"Optionen f\u00fcr \u201eDMSO - Dimethyl Sulfoxide\u201c ausw\u00e4hlen\" rel=\"nofollow\" data-no-translation=\"\" data-trp-gettext=\"\" data-no-translation-aria-label=\"\">Optionen w\u00e4hlen<\/a>\t<span id=\"woocommerce_loop_add_to_cart_link_describedby_55\" class=\"screen-reader-text\">\n\t\tDieses Produkt hat mehrere Varianten. Die Optionen k\u00f6nnen auf der Produktseite ausgew\u00e4hlt werden\t<\/span>\n<\/p><\/td>\n<\/tr>\n<\/tbody>\n<\/table>\n<p><strong>Notiz!<\/strong><br \/>\nIm Winter kann DMSO kristallisieren. Dies geschieht am ehesten im Winter, also seien Sie bitte nicht \u00fcberrascht, dies ist eine normale Reaktion, da es sich um eine reine Substanz von 80 % handelt. Stellen Sie die DMSO-Flasche in warmes Wasser, bis sie wieder fl\u00fcssig ist. KEIN kochendes Wasser! Nicht in der Mikrowelle erw\u00e4rmen, da dies die Struktur von DMSO zerst\u00f6rt. Bei normaler Raumtemperatur aufbewahren, ca. 20 \u2013 22 Grad Celsius.<\/p>","protected":false},"excerpt":{"rendered":"<p>&nbsp;The ANSWER to Pain Relief&nbsp; Dimethylsulfoxide -Natures Healer- It makes pain dissapear just by Contact without waiting for Pills to work. &nbsp;&nbsp;&nbsp; &nbsp; Just by rubbing it on ! In the case of a pulled muscle, bruises, pains in joints, ligaments and bones. DMSO (Dimethyl sulfoxide) proved to be a near-perfect solvent and transporter. Rub [&#8230;]\n","protected":false},"author":34,"featured_media":0,"parent":0,"menu_order":0,"comment_status":"closed","ping_status":"closed","template":"","meta":{"ngg_post_thumbnail":0,"footnotes":""},"class_list":["post-133","page","type-page","status-publish","hentry"],"_links":{"self":[{"href":"https:\/\/laubeholistic.com\/de\/wp-json\/wp\/v2\/pages\/133","targetHints":{"allow":["GET"]}}],"collection":[{"href":"https:\/\/laubeholistic.com\/de\/wp-json\/wp\/v2\/pages"}],"about":[{"href":"https:\/\/laubeholistic.com\/de\/wp-json\/wp\/v2\/types\/page"}],"author":[{"embeddable":true,"href":"https:\/\/laubeholistic.com\/de\/wp-json\/wp\/v2\/users\/34"}],"replies":[{"embeddable":true,"href":"https:\/\/laubeholistic.com\/de\/wp-json\/wp\/v2\/comments?post=133"}],"version-history":[{"count":40,"href":"https:\/\/laubeholistic.com\/de\/wp-json\/wp\/v2\/pages\/133\/revisions"}],"predecessor-version":[{"id":10220,"href":"https:\/\/laubeholistic.com\/de\/wp-json\/wp\/v2\/pages\/133\/revisions\/10220"}],"wp:attachment":[{"href":"https:\/\/laubeholistic.com\/de\/wp-json\/wp\/v2\/media?parent=133"}],"curies":[{"name":"wp","href":"https:\/\/api.w.org\/{rel}","templated":true}]}}