{"id":1054,"date":"2014-10-30T09:54:53","date_gmt":"2014-08-11T12:21:13","guid":{"rendered":"https:\/\/laubeholistic.com\/?page_id=1054"},"modified":"2026-03-26T14:13:16","modified_gmt":"2026-03-26T14:13:16","slug":"payment-options","status":"publish","type":"page","link":"https:\/\/laubeholistic.com\/de\/payment-options\/","title":{"rendered":"Zahlungsm\u00f6glichkeiten"},"content":{"rendered":"<h3>Zahlung mit Kredit-\/Debitkarte<\/h3>\n<div>Derzeit sind auf https:\/\/laubeholisitic.com 3 Zahlungsmethoden verf\u00fcgbar<\/div>\n<p><img loading=\"lazy\" decoding=\"async\" class=\"aligncenter wp-image-7754\" src=\"https:\/\/laubeholistic.com\/wp-content\/uploads\/1.png\" alt=\"\" width=\"275\" height=\"373\"><\/p>\n<h3>1. Bezahlen Sie mit Debit- oder Kreditkarte mit dem sicheren Online-System vivawallet<\/h3>\n<div>Diese Methode ist die einfachste. Kartenzahlungen treffen sofort ein, sodass wir die Bestellung sofort bearbeiten k\u00f6nnen. Dieses System akzeptiert Karten weltweit mit allen m\u00f6glichen Systemen.<\/div>\n<p><img loading=\"lazy\" decoding=\"async\" class=\"aligncenter size-full wp-image-7755\" src=\"https:\/\/laubeholistic.com\/wp-content\/uploads\/2-1.jpg\" alt=\"\" width=\"755\" height=\"51\"><\/p>\n<h3>2. Direkte Bank\u00fcberweisung<\/h3>\n<p>Zahlen Sie direkt auf unser Bankkonto ein. Bitte verwenden Sie Ihre Bestellnummer als Zahlungsreferenz. Ihre Bestellung wird erst versandt, wenn das Geld auf unserem Konto eingegangen ist. Dies kann zwischen 1 und 3 Tagen dauern. Sie erhalten eine Best\u00e4tigungs-E-Mail mit den \u00dcberweisungsanweisungen und -details. Die Bankdaten werden jedoch auch im n\u00e4chsten Fenster direkt nach der Zahlung angezeigt. Wenn Sie keine Best\u00e4tigungs-E-Mail erhalten haben, \u00fcberpr\u00fcfen Sie bitte Ihren Spam-Ordner.<\/p>\n<p><img loading=\"lazy\" decoding=\"async\" class=\"aligncenter wp-image-7758\" src=\"https:\/\/laubeholistic.com\/wp-content\/uploads\/3.png\" alt=\"\" width=\"544\" height=\"308\"><\/p>\n<p><span style=\"color: #000000; font-size: 100%;\"><strong>Our bank details:<\/strong><\/span><br \/>\n<span style=\"color: #000000; font-size: 100%;\"><strong>COCONUT TIGER LTD<\/strong><\/span><br \/>\n<span style=\"color: #000000; font-size: 100%;\"><strong>Bank: Revolut Ltd, 30 South Colonnade, E14 5HX, London, United Kingdom<\/strong><\/span><br \/>\n<span style=\"color: #000000; font-size: 100%;\"><strong>IBAN:&nbsp;GB48 REVO 2301 2085 9285 44<\/strong><\/span><br \/>\n<span style=\"color: #000000; font-size: 100%;\"><strong>BIC: REVOGB21 or Intermediary BIC: CHASDEFX<\/strong><\/span><\/p>\n<p><img loading=\"lazy\" decoding=\"async\" class=\"wp-image-24657 aligncenter\" src=\"https:\/\/laubeholistic.com\/wp-content\/uploads\/Screenshot-2026-03-26-150920-300x218.png\" alt=\"\" width=\"548\" height=\"398\" srcset=\"https:\/\/laubeholistic.com\/wp-content\/uploads\/Screenshot-2026-03-26-150920-300x218.png 300w, https:\/\/laubeholistic.com\/wp-content\/uploads\/Screenshot-2026-03-26-150920-1024x744.png 1024w, https:\/\/laubeholistic.com\/wp-content\/uploads\/Screenshot-2026-03-26-150920-768x558.png 768w, https:\/\/laubeholistic.com\/wp-content\/uploads\/Screenshot-2026-03-26-150920-1536x1116.png 1536w, https:\/\/laubeholistic.com\/wp-content\/uploads\/Screenshot-2026-03-26-150920-18x12.png 18w, https:\/\/laubeholistic.com\/wp-content\/uploads\/Screenshot-2026-03-26-150920-510x371.png 510w, https:\/\/laubeholistic.com\/wp-content\/uploads\/Screenshot-2026-03-26-150920.png 1628w\" sizes=\"auto, (max-width: 548px) 100vw, 548px\" \/><\/p>\n<p>&nbsp;<\/p>\n<p>&nbsp;<\/p>\n<h3>3. Kryptow\u00e4hrung<\/h3>\n<div>Die Laube Holistic Health Solutions folgen der modernen Welt und akzeptieren ab sofort die Zahlungsm\u00f6glichkeit in Kryptow\u00e4hrung.<br \/>\nDie Zahlung kann in den W\u00e4hrungen aus der folgenden Liste erfolgen:<\/div>\n<p><img loading=\"lazy\" decoding=\"async\" class=\"aligncenter wp-image-7760\" src=\"https:\/\/laubeholistic.com\/wp-content\/uploads\/5.png\" alt=\"\" width=\"290\" height=\"231\"><\/p>\n<div>W\u00e4hlen Sie eine W\u00e4hrung und das System generiert automatisch einen Wallet-Code f\u00fcr den Betrag Ihrer Bestellung, umgerechnet entsprechend der W\u00e4hrungs-\/EUR-Umrechnung.<\/div>\n<p><img loading=\"lazy\" decoding=\"async\" class=\"aligncenter wp-image-7756\" src=\"https:\/\/laubeholistic.com\/wp-content\/uploads\/6.png\" alt=\"\" width=\"516\" height=\"252\"><\/p>\n<div>Bitte best\u00e4tigen Sie unbedingt die <a href=\"https:\/\/laubeholistic.com\/de\/terms\/\">Gesch\u00e4ftsbedingungen<\/a> bei jeder Option, die Sie w\u00e4hlen.<\/div>\n<p><img loading=\"lazy\" decoding=\"async\" class=\"aligncenter wp-image-7757\" src=\"https:\/\/laubeholistic.com\/wp-content\/uploads\/7.png\" alt=\"\" width=\"337\" height=\"105\"><\/p>\n<div>Denken Sie beim Bezahlvorgang daran, dass Sie Ihre Bestellung bis zum letzten Moment noch stornieren k\u00f6nnen. Die Vorbereitung der Bestellung dauert 2 bis 3 Tage. In diesem Zeitraum k\u00f6nnen Sie eine vollst\u00e4ndige R\u00fcckerstattung anfordern und Ihre Bestellung stornieren.<\/div>\n<div>Falls Sie Fragen oder Probleme haben, k\u00f6nnen Sie uns jederzeit per E-Mail kontaktieren: info@laubeholistic.com<\/div>\n<p>&nbsp;<\/p>","protected":false},"excerpt":{"rendered":"<p>Paying with Credit\/Debit Card At the moment there are 3 payment methods available on https:\/\/laubeholisitic.com 1. Pay by debit or credit card with Secure Online System vivawallet This method is the simplest one. Payments by card arrive immediately so we can process the order right away. This system accepts cards Worldwide with all possible systems. [&#8230;]\n","protected":false},"author":34,"featured_media":0,"parent":0,"menu_order":0,"comment_status":"open","ping_status":"open","template":"","meta":{"ngg_post_thumbnail":0,"footnotes":""},"class_list":["post-1054","page","type-page","status-publish","hentry"],"_links":{"self":[{"href":"https:\/\/laubeholistic.com\/de\/wp-json\/wp\/v2\/pages\/1054","targetHints":{"allow":["GET"]}}],"collection":[{"href":"https:\/\/laubeholistic.com\/de\/wp-json\/wp\/v2\/pages"}],"about":[{"href":"https:\/\/laubeholistic.com\/de\/wp-json\/wp\/v2\/types\/page"}],"author":[{"embeddable":true,"href":"https:\/\/laubeholistic.com\/de\/wp-json\/wp\/v2\/users\/34"}],"replies":[{"embeddable":true,"href":"https:\/\/laubeholistic.com\/de\/wp-json\/wp\/v2\/comments?post=1054"}],"version-history":[{"count":16,"href":"https:\/\/laubeholistic.com\/de\/wp-json\/wp\/v2\/pages\/1054\/revisions"}],"predecessor-version":[{"id":24660,"href":"https:\/\/laubeholistic.com\/de\/wp-json\/wp\/v2\/pages\/1054\/revisions\/24660"}],"wp:attachment":[{"href":"https:\/\/laubeholistic.com\/de\/wp-json\/wp\/v2\/media?parent=1054"}],"curies":[{"name":"wp","href":"https:\/\/api.w.org\/{rel}","templated":true}]}}